{"id":1179,"date":"2021-09-29T16:38:47","date_gmt":"2021-09-29T14:38:47","guid":{"rendered":"https:\/\/arnaldjoies.com\/?page_id=1179"},"modified":"2021-11-27T02:21:06","modified_gmt":"2021-11-27T00:21:06","slug":"historias-con-historia","status":"publish","type":"page","link":"https:\/\/www.arnaldjoies.com\/es\/historias-con-historia\/","title":{"rendered":"Historias con historia"},"content":{"rendered":"\n<div class=\"wp-block-group home-img-background full-width content-top\"><div class=\"wp-block-group__inner-container is-layout-flow wp-block-group-is-layout-flow\">\n<div class=\"wp-block-columns is-layout-flex wp-container-core-columns-is-layout-9d6595d7 wp-block-columns-is-layout-flex\">\n<div class=\"wp-block-column is-layout-flow wp-block-column-is-layout-flow\" style=\"flex-basis:50%\">\n<div class=\"wp-block-columns is-layout-flex wp-container-core-columns-is-layout-9d6595d7 wp-block-columns-is-layout-flex\">\n<div class=\"wp-block-column is-layout-flow wp-block-column-is-layout-flow\" style=\"flex-basis:100%\">\n<figure class=\"wp-block-image size-large background-image\"><img loading=\"lazy\" decoding=\"async\" width=\"1024\" height=\"684\" src=\"https:\/\/arnaldjoies.com\/wp-content\/uploads\/2021\/09\/Carme-directora-1024x684.jpg\" alt=\"\" class=\"wp-image-1198\" srcset=\"https:\/\/www.arnaldjoies.com\/wp-content\/uploads\/2021\/09\/Carme-directora-1024x684.jpg 1024w, https:\/\/www.arnaldjoies.com\/wp-content\/uploads\/2021\/09\/Carme-directora-scaled-600x401.jpg 600w, https:\/\/www.arnaldjoies.com\/wp-content\/uploads\/2021\/09\/Carme-directora-300x200.jpg 300w, https:\/\/www.arnaldjoies.com\/wp-content\/uploads\/2021\/09\/Carme-directora-768x513.jpg 768w, https:\/\/www.arnaldjoies.com\/wp-content\/uploads\/2021\/09\/Carme-directora-1536x1025.jpg 1536w, https:\/\/www.arnaldjoies.com\/wp-content\/uploads\/2021\/09\/Carme-directora-2048x1367.jpg 2048w\" sizes=\"auto, (max-width: 1024px) 100vw, 1024px\" \/><\/figure>\n<\/div>\n<\/div>\n<\/div>\n<\/div>\n\n\n\n<div class=\"wp-block-group scroll-down bounce padding-sides\"><div class=\"wp-block-group__inner-container is-layout-flow wp-block-group-is-layout-flow\">\n<div class=\"wp-block-image\"><figure class=\"alignright size-large is-resized\"><img loading=\"lazy\" decoding=\"async\" src=\"https:\/\/arnaldjoies.com\/wp-content\/uploads\/2021\/04\/arrowdown.png\" alt=\"\" class=\"wp-image-404\" width=\"26\" height=\"46\"\/><\/figure><\/div>\n<\/div><\/div>\n<\/div><\/div>\n\n\n\n<p class=\"has-text-align-center has-large-font-size\"><\/p>\n\n\n\n<div style=\"height:100px\" aria-hidden=\"true\" class=\"wp-block-spacer desktop\"><\/div>\n\n\n\n<div class=\"wp-block-group fullsize-blocks full-width\"><div class=\"wp-block-group__inner-container is-layout-flow wp-block-group-is-layout-flow\">\n<div class=\"wp-block-columns are-vertically-aligned-center full-width is-layout-flex wp-container-core-columns-is-layout-9d6595d7 wp-block-columns-is-layout-flex\">\n<div class=\"wp-block-column is-vertically-aligned-center is-layout-flow wp-block-column-is-layout-flow\">\n<figure class=\"wp-block-image size-full\"><img loading=\"lazy\" decoding=\"async\" width=\"720\" height=\"526\" src=\"https:\/\/www.arnaldjoies.com\/wp-content\/uploads\/2021\/11\/Aiguamarina.jpg\" alt=\"\" class=\"wp-image-4027\" srcset=\"https:\/\/www.arnaldjoies.com\/wp-content\/uploads\/2021\/11\/Aiguamarina.jpg 720w, https:\/\/www.arnaldjoies.com\/wp-content\/uploads\/2021\/11\/Aiguamarina-600x438.jpg 600w, https:\/\/www.arnaldjoies.com\/wp-content\/uploads\/2021\/11\/Aiguamarina-300x219.jpg 300w\" sizes=\"auto, (max-width: 720px) 100vw, 720px\" \/><\/figure>\n<\/div>\n\n\n\n<div class=\"wp-block-column is-vertically-aligned-center text-column is-layout-flow wp-block-column-is-layout-flow\">\n<p class=\"has-medium-font-size\">Un d\u00eda te vas de viaje y en el lugar de destino se cruza en tu camino una gema. Despu\u00e9s de tenerla guardada en un caj\u00f3n algunos a\u00f1os, por fin, llega el momento de lucirla.<\/p>\n\n\n\n<p><\/p>\n<\/div>\n<\/div>\n\n\n\n<div class=\"wp-block-columns are-vertically-aligned-center full-width is-layout-flex wp-container-core-columns-is-layout-9d6595d7 wp-block-columns-is-layout-flex\">\n<div class=\"wp-block-column is-vertically-aligned-center text-column is-layout-flow wp-block-column-is-layout-flow\">\n<p class=\"has-medium-font-size\">\u00bfQui\u00e9n iba a decir que las hojas de un \u00e1rbol simbolizar\u00edan la uni\u00f3n de la familia? La vida es una caja de sorpresas!<\/p>\n\n\n\n<p><\/p>\n<\/div>\n\n\n\n<div class=\"wp-block-column is-vertically-aligned-center is-layout-flow wp-block-column-is-layout-flow\">\n<figure class=\"wp-block-image size-full\"><img loading=\"lazy\" decoding=\"async\" width=\"720\" height=\"526\" src=\"https:\/\/www.arnaldjoies.com\/wp-content\/uploads\/2021\/11\/Jordi.jpg\" alt=\"\" class=\"wp-image-4029\" srcset=\"https:\/\/www.arnaldjoies.com\/wp-content\/uploads\/2021\/11\/Jordi.jpg 720w, https:\/\/www.arnaldjoies.com\/wp-content\/uploads\/2021\/11\/Jordi-600x438.jpg 600w, https:\/\/www.arnaldjoies.com\/wp-content\/uploads\/2021\/11\/Jordi-300x219.jpg 300w\" sizes=\"auto, (max-width: 720px) 100vw, 720px\" \/><\/figure>\n<\/div>\n<\/div>\n\n\n\n<div class=\"wp-block-columns are-vertically-aligned-center full-width is-layout-flex wp-container-core-columns-is-layout-9d6595d7 wp-block-columns-is-layout-flex\">\n<div class=\"wp-block-column is-vertically-aligned-center is-layout-flow wp-block-column-is-layout-flow\">\n<figure class=\"wp-block-image size-full\"><img loading=\"lazy\" decoding=\"async\" width=\"720\" height=\"526\" src=\"https:\/\/www.arnaldjoies.com\/wp-content\/uploads\/2021\/11\/D902826-1.jpg\" alt=\"\" class=\"wp-image-4031\" srcset=\"https:\/\/www.arnaldjoies.com\/wp-content\/uploads\/2021\/11\/D902826-1.jpg 720w, https:\/\/www.arnaldjoies.com\/wp-content\/uploads\/2021\/11\/D902826-1-600x438.jpg 600w, https:\/\/www.arnaldjoies.com\/wp-content\/uploads\/2021\/11\/D902826-1-300x219.jpg 300w\" sizes=\"auto, (max-width: 720px) 100vw, 720px\" \/><\/figure>\n<\/div>\n\n\n\n<div class=\"wp-block-column is-vertically-aligned-center text-column is-layout-flow wp-block-column-is-layout-flow\">\n<p class=\"has-medium-font-size\">Este espectacular anillo lleva el oro y los diamantes de unas joyas familiares. Juntos realzan, nunca mejor dicho, un espectacular \u00f3palo negro.<\/p>\n\n\n\n<p><\/p>\n<\/div>\n<\/div>\n\n\n\n<div class=\"wp-block-columns are-vertically-aligned-center full-width is-layout-flex wp-container-core-columns-is-layout-9d6595d7 wp-block-columns-is-layout-flex\">\n<div class=\"wp-block-column is-vertically-aligned-center text-column is-layout-flow wp-block-column-is-layout-flow\">\n<p class=\"has-medium-font-size\">Piezas como \u00e9sta no quisi\u00e9ramos hacer nunca, por lo que simboliza.<br>Perder a un hijo es seguramente el dolor m\u00e1s grande que pueden sentir unos padres.<\/p>\n\n\n\n<p><\/p>\n<\/div>\n\n\n\n<div class=\"wp-block-column is-vertically-aligned-center is-layout-flow wp-block-column-is-layout-flow\">\n<figure class=\"wp-block-image size-full\"><img loading=\"lazy\" decoding=\"async\" width=\"720\" height=\"526\" src=\"https:\/\/www.arnaldjoies.com\/wp-content\/uploads\/2021\/11\/Mireia.jpg\" alt=\"\" class=\"wp-image-4033\" srcset=\"https:\/\/www.arnaldjoies.com\/wp-content\/uploads\/2021\/11\/Mireia.jpg 720w, https:\/\/www.arnaldjoies.com\/wp-content\/uploads\/2021\/11\/Mireia-600x438.jpg 600w, https:\/\/www.arnaldjoies.com\/wp-content\/uploads\/2021\/11\/Mireia-300x219.jpg 300w\" sizes=\"auto, (max-width: 720px) 100vw, 720px\" \/><\/figure>\n<\/div>\n<\/div>\n\n\n\n<div class=\"wp-block-columns are-vertically-aligned-center full-width is-layout-flex wp-container-core-columns-is-layout-9d6595d7 wp-block-columns-is-layout-flex\">\n<div class=\"wp-block-column is-vertically-aligned-center is-layout-flow wp-block-column-is-layout-flow\">\n<figure class=\"wp-block-image size-full\"><img loading=\"lazy\" decoding=\"async\" width=\"720\" height=\"526\" src=\"https:\/\/www.arnaldjoies.com\/wp-content\/uploads\/2021\/11\/Mitja-alianca.jpg\" alt=\"\" class=\"wp-image-4035\" srcset=\"https:\/\/www.arnaldjoies.com\/wp-content\/uploads\/2021\/11\/Mitja-alianca.jpg 720w, https:\/\/www.arnaldjoies.com\/wp-content\/uploads\/2021\/11\/Mitja-alianca-600x438.jpg 600w, https:\/\/www.arnaldjoies.com\/wp-content\/uploads\/2021\/11\/Mitja-alianca-300x219.jpg 300w\" sizes=\"auto, (max-width: 720px) 100vw, 720px\" \/><\/figure>\n<\/div>\n\n\n\n<div class=\"wp-block-column is-vertically-aligned-center text-column is-layout-flow wp-block-column-is-layout-flow\">\n<p class=\"has-medium-font-size\">Hacer este anillo fue un gozo sobretodo por la alegr\u00eda que desprend\u00eda la persona que nos lo encarg\u00f3.<\/p>\n<\/div>\n<\/div>\n\n\n\n<div class=\"wp-block-columns are-vertically-aligned-center full-width is-layout-flex wp-container-core-columns-is-layout-9d6595d7 wp-block-columns-is-layout-flex\">\n<div class=\"wp-block-column is-vertically-aligned-center text-column is-layout-flow wp-block-column-is-layout-flow\">\n<p class=\"has-medium-font-size\">Las formas, las texturas y los contrastes en los acabados de una pieza son a menudo lo que m\u00e1s resalta, pero casi siempre el valor real, el valor emotivo, es menos visible y m\u00e1s importante.<\/p>\n\n\n\n<p><\/p>\n<\/div>\n\n\n\n<div class=\"wp-block-column is-vertically-aligned-center is-layout-flow wp-block-column-is-layout-flow\">\n<figure class=\"wp-block-image size-full\"><img loading=\"lazy\" decoding=\"async\" width=\"720\" height=\"526\" src=\"https:\/\/www.arnaldjoies.com\/wp-content\/uploads\/2021\/11\/Penjoll-dor-groc.jpg\" alt=\"\" class=\"wp-image-4037\" srcset=\"https:\/\/www.arnaldjoies.com\/wp-content\/uploads\/2021\/11\/Penjoll-dor-groc.jpg 720w, https:\/\/www.arnaldjoies.com\/wp-content\/uploads\/2021\/11\/Penjoll-dor-groc-600x438.jpg 600w, https:\/\/www.arnaldjoies.com\/wp-content\/uploads\/2021\/11\/Penjoll-dor-groc-300x219.jpg 300w\" sizes=\"auto, (max-width: 720px) 100vw, 720px\" \/><\/figure>\n<\/div>\n<\/div>\n\n\n\n<div class=\"wp-block-columns are-vertically-aligned-center full-width is-layout-flex wp-container-core-columns-is-layout-9d6595d7 wp-block-columns-is-layout-flex\">\n<div class=\"wp-block-column is-vertically-aligned-center is-layout-flow wp-block-column-is-layout-flow\">\n<figure class=\"wp-block-image size-full\"><img loading=\"lazy\" decoding=\"async\" width=\"720\" height=\"526\" src=\"https:\/\/www.arnaldjoies.com\/wp-content\/uploads\/2021\/11\/Sheila.jpg\" alt=\"\" class=\"wp-image-4039\" srcset=\"https:\/\/www.arnaldjoies.com\/wp-content\/uploads\/2021\/11\/Sheila.jpg 720w, https:\/\/www.arnaldjoies.com\/wp-content\/uploads\/2021\/11\/Sheila-600x438.jpg 600w, https:\/\/www.arnaldjoies.com\/wp-content\/uploads\/2021\/11\/Sheila-300x219.jpg 300w\" sizes=\"auto, (max-width: 720px) 100vw, 720px\" \/><\/figure>\n<\/div>\n\n\n\n<div class=\"wp-block-column is-vertically-aligned-center text-column is-layout-flow wp-block-column-is-layout-flow\">\n<p class=\"has-medium-font-size\">\u00c9stas son ese tipo de joyas que nos plantean un reto para conseguir la funcionalidad que requieren. El valor simb\u00f3lico es intr\u00ednseco.<\/p>\n\n\n\n<p><\/p>\n<\/div>\n<\/div>\n\n\n\n<div class=\"wp-block-columns are-vertically-aligned-center full-width is-layout-flex wp-container-core-columns-is-layout-9d6595d7 wp-block-columns-is-layout-flex\">\n<div class=\"wp-block-column is-vertically-aligned-center text-column is-layout-flow wp-block-column-is-layout-flow\">\n<p class=\"has-medium-font-size\">Algunas joyas est\u00e1n cargadas de detalles simb\u00f3licos y son una mezcla de inspiraci\u00f3n propia y ajena. Nos encant\u00f3 tener la oportunidad de elaborar este colgante!<\/p>\n\n\n\n<p><\/p>\n<\/div>\n\n\n\n<div class=\"wp-block-column is-vertically-aligned-center is-layout-flow wp-block-column-is-layout-flow\">\n<figure class=\"wp-block-image size-full\"><img loading=\"lazy\" decoding=\"async\" width=\"720\" height=\"526\" src=\"https:\/\/www.arnaldjoies.com\/wp-content\/uploads\/2021\/11\/Carme-directora.jpg\" alt=\"\" class=\"wp-image-4057\" srcset=\"https:\/\/www.arnaldjoies.com\/wp-content\/uploads\/2021\/11\/Carme-directora.jpg 720w, https:\/\/www.arnaldjoies.com\/wp-content\/uploads\/2021\/11\/Carme-directora-600x438.jpg 600w, https:\/\/www.arnaldjoies.com\/wp-content\/uploads\/2021\/11\/Carme-directora-300x219.jpg 300w\" sizes=\"auto, (max-width: 720px) 100vw, 720px\" \/><\/figure>\n<\/div>\n<\/div>\n<\/div><\/div>\n\n\n\n<div style=\"height:100px\" aria-hidden=\"true\" class=\"wp-block-spacer desktop\"><\/div>\n\n\n\n<div class=\"wp-block-group max-width-wide\"><div class=\"wp-block-group__inner-container is-layout-flow wp-block-group-is-layout-flow\">\n<p class=\"has-text-align-center has-medium-font-size\"><\/p>\n\n\n\n<div style=\"height:5px\" aria-hidden=\"true\" class=\"wp-block-spacer\"><\/div>\n\n\n\n<p class=\"has-text-align-center button-link\"><a href=\"https:\/\/www.arnaldjoies.com\/es\/contacto\/\" data-type=\"page\">CONTACTO<\/a><\/p>\n<\/div><\/div>\n\n\n\n<div style=\"height:100px\" aria-hidden=\"true\" class=\"wp-block-spacer desktop\"><\/div>\n\n\n\n<div class=\"wp-block-group fullsize-blocks full-width\"><div class=\"wp-block-group__inner-container is-layout-flow wp-block-group-is-layout-flow\">\n<div class=\"wp-block-columns are-vertically-aligned-center full-width is-layout-flex wp-container-core-columns-is-layout-9d6595d7 wp-block-columns-is-layout-flex\">\n<div class=\"wp-block-column is-vertically-aligned-center is-layout-flow wp-block-column-is-layout-flow\">\n<figure class=\"wp-block-image size-full\"><img loading=\"lazy\" decoding=\"async\" width=\"720\" height=\"526\" src=\"https:\/\/www.arnaldjoies.com\/wp-content\/uploads\/2021\/11\/Llet-materna.jpg\" alt=\"\" class=\"wp-image-4041\" srcset=\"https:\/\/www.arnaldjoies.com\/wp-content\/uploads\/2021\/11\/Llet-materna.jpg 720w, https:\/\/www.arnaldjoies.com\/wp-content\/uploads\/2021\/11\/Llet-materna-600x438.jpg 600w, https:\/\/www.arnaldjoies.com\/wp-content\/uploads\/2021\/11\/Llet-materna-300x219.jpg 300w\" sizes=\"auto, (max-width: 720px) 100vw, 720px\" \/><\/figure>\n<\/div>\n\n\n\n<div class=\"wp-block-column is-vertically-aligned-center text-column is-layout-flow wp-block-column-is-layout-flow\">\n<p class=\"has-medium-font-size\">Una vez m\u00e1s una pieza cargada de elementos simb\u00f3licos. Y tambi\u00e9n un reto, conseguido gracias a la ayuda de la persona adecuada.<br>\u00a1Es una pasada cuando nos encargan piezas que se alejan de nuestro d\u00eda a d\u00eda!<\/p>\n\n\n\n<p><\/p>\n<\/div>\n<\/div>\n\n\n\n<div class=\"wp-block-columns are-vertically-aligned-center full-width is-layout-flex wp-container-core-columns-is-layout-9d6595d7 wp-block-columns-is-layout-flex\">\n<div class=\"wp-block-column is-vertically-aligned-center text-column is-layout-flow wp-block-column-is-layout-flow\">\n<p class=\"has-medium-font-size\">Algunas clientas tienen las ideas muy claras y cada vez que nos vienen con gemas bonitas, sabemos que detr\u00e1s habr\u00e1 una dise\u00f1o especial. Y ya veremos como lo hacemos para que todo cuadre. Esta vez, lo conseguimos.<\/p>\n\n\n\n<p><\/p>\n<\/div>\n\n\n\n<div class=\"wp-block-column is-vertically-aligned-center is-layout-flow wp-block-column-is-layout-flow\">\n<figure class=\"wp-block-image size-full\"><img loading=\"lazy\" decoding=\"async\" width=\"720\" height=\"526\" src=\"https:\/\/www.arnaldjoies.com\/wp-content\/uploads\/2021\/11\/Maria.jpg\" alt=\"\" class=\"wp-image-4043\" srcset=\"https:\/\/www.arnaldjoies.com\/wp-content\/uploads\/2021\/11\/Maria.jpg 720w, https:\/\/www.arnaldjoies.com\/wp-content\/uploads\/2021\/11\/Maria-600x438.jpg 600w, https:\/\/www.arnaldjoies.com\/wp-content\/uploads\/2021\/11\/Maria-300x219.jpg 300w\" sizes=\"auto, (max-width: 720px) 100vw, 720px\" \/><\/figure>\n<\/div>\n<\/div>\n\n\n\n<div class=\"wp-block-columns are-vertically-aligned-center full-width is-layout-flex wp-container-core-columns-is-layout-9d6595d7 wp-block-columns-is-layout-flex\">\n<div class=\"wp-block-column is-vertically-aligned-center is-layout-flow wp-block-column-is-layout-flow\">\n<figure class=\"wp-block-image size-full\"><img loading=\"lazy\" decoding=\"async\" width=\"720\" height=\"526\" src=\"https:\/\/www.arnaldjoies.com\/wp-content\/uploads\/2021\/11\/P1230832.jpg\" alt=\"\" class=\"wp-image-4045\" srcset=\"https:\/\/www.arnaldjoies.com\/wp-content\/uploads\/2021\/11\/P1230832.jpg 720w, https:\/\/www.arnaldjoies.com\/wp-content\/uploads\/2021\/11\/P1230832-600x438.jpg 600w, https:\/\/www.arnaldjoies.com\/wp-content\/uploads\/2021\/11\/P1230832-300x219.jpg 300w\" sizes=\"auto, (max-width: 720px) 100vw, 720px\" \/><\/figure>\n<\/div>\n\n\n\n<div class=\"wp-block-column is-vertically-aligned-center text-column is-layout-flow wp-block-column-is-layout-flow\">\n<p class=\"has-medium-font-size\">A partir de un topacio azul se plasm\u00f3 el azul de los ojos en este anillo de oro blanco . L\u00edneas simples y limpias para engarzar la piedra querida.<\/p>\n\n\n\n<p><\/p>\n<\/div>\n<\/div>\n\n\n\n<div class=\"wp-block-columns are-vertically-aligned-center full-width is-layout-flex wp-container-core-columns-is-layout-9d6595d7 wp-block-columns-is-layout-flex\">\n<div class=\"wp-block-column is-vertically-aligned-center text-column is-layout-flow wp-block-column-is-layout-flow\">\n<p class=\"has-medium-font-size\">Los \u00f3palos son \u00fanicos siempre. Y es una aut\u00e9ntica gozada cuando nos dan la oportunidad de trabajar con ellos para hacer piezas especiales.<\/p>\n\n\n\n<p><\/p>\n<\/div>\n\n\n\n<div class=\"wp-block-column is-vertically-aligned-center is-layout-flow wp-block-column-is-layout-flow\">\n<figure class=\"wp-block-image size-full\"><img loading=\"lazy\" decoding=\"async\" width=\"720\" height=\"526\" src=\"https:\/\/www.arnaldjoies.com\/wp-content\/uploads\/2021\/11\/P1240277.jpg\" alt=\"\" class=\"wp-image-4047\" srcset=\"https:\/\/www.arnaldjoies.com\/wp-content\/uploads\/2021\/11\/P1240277.jpg 720w, https:\/\/www.arnaldjoies.com\/wp-content\/uploads\/2021\/11\/P1240277-600x438.jpg 600w, https:\/\/www.arnaldjoies.com\/wp-content\/uploads\/2021\/11\/P1240277-300x219.jpg 300w\" sizes=\"auto, (max-width: 720px) 100vw, 720px\" \/><\/figure>\n<\/div>\n<\/div>\n\n\n\n<div class=\"wp-block-columns are-vertically-aligned-center full-width is-layout-flex wp-container-core-columns-is-layout-9d6595d7 wp-block-columns-is-layout-flex\">\n<div class=\"wp-block-column is-vertically-aligned-center is-layout-flow wp-block-column-is-layout-flow\">\n<figure class=\"wp-block-image size-full\"><img loading=\"lazy\" decoding=\"async\" width=\"720\" height=\"526\" src=\"https:\/\/www.arnaldjoies.com\/wp-content\/uploads\/2021\/11\/P1230722.jpg\" alt=\"\" class=\"wp-image-4049\" srcset=\"https:\/\/www.arnaldjoies.com\/wp-content\/uploads\/2021\/11\/P1230722.jpg 720w, https:\/\/www.arnaldjoies.com\/wp-content\/uploads\/2021\/11\/P1230722-600x438.jpg 600w, https:\/\/www.arnaldjoies.com\/wp-content\/uploads\/2021\/11\/P1230722-300x219.jpg 300w\" sizes=\"auto, (max-width: 720px) 100vw, 720px\" \/><\/figure>\n<\/div>\n\n\n\n<div class=\"wp-block-column is-vertically-aligned-center text-column is-layout-flow wp-block-column-is-layout-flow\">\n<p class=\"has-medium-font-size\">El c\u00edrculo es una forma perfecta que siempre nos da equilibrio. En nuestro oficio seguramente es la forma m\u00e1s recurrente y seguramente no es casualidad.<\/p>\n\n\n\n<p><\/p>\n<\/div>\n<\/div>\n\n\n\n<div class=\"wp-block-columns are-vertically-aligned-center full-width is-layout-flex wp-container-core-columns-is-layout-9d6595d7 wp-block-columns-is-layout-flex\">\n<div class=\"wp-block-column is-vertically-aligned-center text-column is-layout-flow wp-block-column-is-layout-flow\">\n<p class=\"has-medium-font-size\">De nuevo formas simples y circulares. Transformar joyas antiguas para crear nuevas piezas es siempre un reto cuando se quiere dar m\u00e1s valor simb\u00f3lico, si cabe, del que ya ten\u00edan las piezas originales.<\/p>\n\n\n\n<p><\/p>\n<\/div>\n\n\n\n<div class=\"wp-block-column is-vertically-aligned-center is-layout-flow wp-block-column-is-layout-flow\">\n<figure class=\"wp-block-image size-full\"><img loading=\"lazy\" decoding=\"async\" width=\"720\" height=\"526\" src=\"https:\/\/www.arnaldjoies.com\/wp-content\/uploads\/2021\/11\/Pepa.jpg\" alt=\"\" class=\"wp-image-4051\" srcset=\"https:\/\/www.arnaldjoies.com\/wp-content\/uploads\/2021\/11\/Pepa.jpg 720w, https:\/\/www.arnaldjoies.com\/wp-content\/uploads\/2021\/11\/Pepa-600x438.jpg 600w, https:\/\/www.arnaldjoies.com\/wp-content\/uploads\/2021\/11\/Pepa-300x219.jpg 300w\" sizes=\"auto, (max-width: 720px) 100vw, 720px\" \/><\/figure>\n<\/div>\n<\/div>\n\n\n\n<div class=\"wp-block-columns are-vertically-aligned-center full-width is-layout-flex wp-container-core-columns-is-layout-9d6595d7 wp-block-columns-is-layout-flex\">\n<div class=\"wp-block-column is-vertically-aligned-center is-layout-flow wp-block-column-is-layout-flow\">\n<figure class=\"wp-block-image size-full\"><img loading=\"lazy\" decoding=\"async\" width=\"720\" height=\"526\" src=\"https:\/\/www.arnaldjoies.com\/wp-content\/uploads\/2021\/11\/Penjoll-opal.jpg\" alt=\"\" class=\"wp-image-4053\" srcset=\"https:\/\/www.arnaldjoies.com\/wp-content\/uploads\/2021\/11\/Penjoll-opal.jpg 720w, https:\/\/www.arnaldjoies.com\/wp-content\/uploads\/2021\/11\/Penjoll-opal-600x438.jpg 600w, https:\/\/www.arnaldjoies.com\/wp-content\/uploads\/2021\/11\/Penjoll-opal-300x219.jpg 300w\" sizes=\"auto, (max-width: 720px) 100vw, 720px\" \/><\/figure>\n<\/div>\n\n\n\n<div class=\"wp-block-column is-vertically-aligned-center text-column is-layout-flow wp-block-column-is-layout-flow\">\n<p class=\"has-medium-font-size\">Para hacer este colgante era importante escoger bien la gema, no solo por su belleza y color, si no tambi\u00e9n por su origen.<\/p>\n\n\n\n<p><\/p>\n<\/div>\n<\/div>\n\n\n\n<div class=\"wp-block-columns are-vertically-aligned-center full-width is-layout-flex wp-container-core-columns-is-layout-9d6595d7 wp-block-columns-is-layout-flex\">\n<div class=\"wp-block-column is-vertically-aligned-center text-column is-layout-flow wp-block-column-is-layout-flow\">\n<p class=\"has-medium-font-size\">Los diamantes negros son menos conocidos y, para muchos, igual de bellos que los blancos. Sea como sea, nos dan posibilidades de dise\u00f1o \u00fanicas!<\/p>\n\n\n\n<p><\/p>\n<\/div>\n\n\n\n<div class=\"wp-block-column is-vertically-aligned-center is-layout-flow wp-block-column-is-layout-flow\">\n<figure class=\"wp-block-image size-full\"><img loading=\"lazy\" decoding=\"async\" width=\"720\" height=\"526\" src=\"https:\/\/www.arnaldjoies.com\/wp-content\/uploads\/2021\/11\/P1240289.JPG.jpg\" alt=\"\" class=\"wp-image-4055\" srcset=\"https:\/\/www.arnaldjoies.com\/wp-content\/uploads\/2021\/11\/P1240289.JPG.jpg 720w, https:\/\/www.arnaldjoies.com\/wp-content\/uploads\/2021\/11\/P1240289.JPG-600x438.jpg 600w, https:\/\/www.arnaldjoies.com\/wp-content\/uploads\/2021\/11\/P1240289.JPG-300x219.jpg 300w\" sizes=\"auto, (max-width: 720px) 100vw, 720px\" \/><\/figure>\n<\/div>\n<\/div>\n<\/div><\/div>\n\n\n\n<div class=\"wp-block-group max-width-wide\"><div class=\"wp-block-group__inner-container is-layout-flow wp-block-group-is-layout-flow\">\n<div style=\"height:16px\" aria-hidden=\"true\" class=\"wp-block-spacer\"><\/div>\n\n\n\n<p class=\"has-text-align-center button-link\"><a href=\"https:\/\/www.arnaldjoies.com\/es\/contacto\/\" data-type=\"page\">CONTACTO<\/a><\/p>\n<\/div><\/div>\n\n\n\n<div style=\"height:33px\" aria-hidden=\"true\" class=\"wp-block-spacer\"><\/div>\n\n\n\n<p><\/p>\n","protected":false},"excerpt":{"rendered":"<p>Un d\u00eda te vas de viaje y en el lugar de destino se cruza en tu [&hellip;]<\/p>\n","protected":false},"author":2,"featured_media":0,"parent":0,"menu_order":0,"comment_status":"closed","ping_status":"closed","template":"template-headerinverted.php","meta":{"_acf_changed":false,"footnotes":""},"class_list":["post-1179","page","type-page","status-publish","hentry"],"acf":[],"_links":{"self":[{"href":"https:\/\/www.arnaldjoies.com\/es\/wp-json\/wp\/v2\/pages\/1179","targetHints":{"allow":["GET"]}}],"collection":[{"href":"https:\/\/www.arnaldjoies.com\/es\/wp-json\/wp\/v2\/pages"}],"about":[{"href":"https:\/\/www.arnaldjoies.com\/es\/wp-json\/wp\/v2\/types\/page"}],"author":[{"embeddable":true,"href":"https:\/\/www.arnaldjoies.com\/es\/wp-json\/wp\/v2\/users\/2"}],"replies":[{"embeddable":true,"href":"https:\/\/www.arnaldjoies.com\/es\/wp-json\/wp\/v2\/comments?post=1179"}],"version-history":[{"count":19,"href":"https:\/\/www.arnaldjoies.com\/es\/wp-json\/wp\/v2\/pages\/1179\/revisions"}],"predecessor-version":[{"id":4235,"href":"https:\/\/www.arnaldjoies.com\/es\/wp-json\/wp\/v2\/pages\/1179\/revisions\/4235"}],"wp:attachment":[{"href":"https:\/\/www.arnaldjoies.com\/es\/wp-json\/wp\/v2\/media?parent=1179"}],"curies":[{"name":"wp","href":"https:\/\/api.w.org\/{rel}","templated":true}]}}