{"id":1834,"date":"2021-10-05T10:13:46","date_gmt":"2021-10-05T08:13:46","guid":{"rendered":"https:\/\/arnaldjoies.com\/?page_id=1834"},"modified":"2021-10-05T10:14:47","modified_gmt":"2021-10-05T08:14:47","slug":"politica-de-cookies","status":"publish","type":"page","link":"https:\/\/www.arnaldjoies.com\/es\/politica-de-cookies\/","title":{"rendered":"Pol\u00edtica de cookies"},"content":{"rendered":"\n<div class=\"wp-block-group\"><div class=\"wp-block-group__inner-container is-layout-flow wp-block-group-is-layout-flow\">\n<h1 class=\"wp-block-heading\">Pol\u00edtica de cookies<\/h1>\n\n\n\n<p><strong>Qu\u00e8 s\u00f3n les galetes?<\/strong><strong><\/strong><\/p>\n\n\n\n<p>Les galetes s\u00f3n petits arxius de dades que es reben al terminal des del lloc web que es visita i es fan servir per registrar certes interaccions de la navegaci\u00f3 en un lloc web emmagatzemant dades que es poden actualitzar i recuperar. Aquests arxius s\u2019emmagatzemen a l\u2019ordinador o dispositiu de l\u2019usuari i contenen dades an\u00f2nimes que no s\u00f3n perjudicials per a l\u2019aparell. S\u2019utilitzen per recordar les prefer\u00e8ncies de l\u2019usuari, com ara l\u2019idioma seleccionat, les dades d\u2019acc\u00e9s o la personalitzaci\u00f3 de la p\u00e0gina.<\/p>\n\n\n\n<p>Les galetes tamb\u00e9 es poden fer servir per registrar informaci\u00f3 an\u00f2nima sobre com un visitant utilitza el lloc web; per exemple, des de quina p\u00e0gina web hi ha accedit o si ha utilitzat un b\u00e0ner publicitari per arribar-hi.<\/p>\n\n\n\n<p><strong>Quin \u00fas donem als diversos tipus de galetes?<\/strong><strong><\/strong><\/p>\n\n\n\n<p><strong>Segons la finalitat:<\/strong><strong><\/strong><\/p>\n\n\n\n<figure class=\"wp-block-table\"><table><tbody><tr><td><strong>&nbsp;<\/strong> <strong>&nbsp;<\/strong> <strong>&nbsp;<\/strong> <strong>&nbsp;<\/strong> <strong>Galetes t\u00e8cniques<\/strong><strong><\/strong><\/td><td>&nbsp; Les galetes t\u00e8cniques s\u00f3n les que faciliten la navegaci\u00f3 de l\u2019usuari i la utilitzaci\u00f3 de les diverses opcions o serveis que ofereix el lloc, com ara identificar la sessi\u00f3, permetre l\u2019acc\u00e9s a determinades \u00e0rees, facilitar comandes, compres, emplenament de formularis, inscripcions, seguretat, proporcionar funcionalitats (v\u00eddeos, xarxes socials\u2026). &nbsp;<\/td><\/tr><tr><td><strong>&nbsp;<\/strong> <strong>&nbsp;<\/strong> <strong>Galetes de personalitzaci\u00f3<\/strong><strong><\/strong><\/td><td>&nbsp; Les galetes de personalitzaci\u00f3 permeten a l\u2019usuari accedir als serveis segons les seves prefer\u00e8ncies (idioma, navegador, configuraci\u00f3\u2026). &nbsp;<\/td><\/tr><tr><td><strong>&nbsp;<\/strong> <strong>&nbsp;<\/strong> <strong>Galetes anal\u00edtiques<\/strong><strong><\/strong><\/td><td>&nbsp; Les galetes d\u2019an\u00e0lisi s\u00f3n les que es fan servir per dur a terme l\u2019an\u00e0lisi an\u00f2nima del comportament dels usuaris del lloc web i permeten mesurar l\u2019activitat de l\u2019usuari i elaborar perfils de navegaci\u00f3 amb la finalitat de millorar el lloc. &nbsp;<\/td><\/tr><tr><td><strong>&nbsp;<\/strong> <strong>&nbsp;<\/strong> <strong>&nbsp;<\/strong> <strong>&nbsp;<\/strong> <strong>Galetes publicit\u00e0ries<\/strong><strong><\/strong><\/td><td>&nbsp; Les galetes publicit\u00e0ries permeten gestionar els espais publicitaris del lloc. A m\u00e9s, aquestes galetes poden ser de publicitat personalitzada i permetre, aix\u00ed, gestionar els espais publicitaris del lloc segons el comportament i els h\u00e0bits de navegaci\u00f3 de l\u2019usuari. D\u2019aquestes galetes, s\u2019obt\u00e9 el perfil de l\u2019usuari, que permet personalitzar la publicitat que es mostra al seu navegador o en altres perfils i xarxes socials de l\u2019usuari. &nbsp;<\/td><\/tr><\/tbody><\/table><\/figure>\n\n\n\n<p><strong>Segons el termini:<\/strong><strong><\/strong><\/p>\n\n\n\n<figure class=\"wp-block-table\"><table><tbody><tr><td><strong>&nbsp;<\/strong> <strong>Galetes de sessi\u00f3<\/strong><strong><\/strong><\/td><td>&nbsp; Les galetes de sessi\u00f3 s\u00f3n les que duren el temps que l\u2019usuari navega pel lloc web. S\u2019esborren en tancar el navegador. &nbsp;<\/td><\/tr><tr><td><strong>&nbsp;<\/strong> <strong>&nbsp;<\/strong> <strong>Galetes persistents<\/strong><strong><\/strong><\/td><td>&nbsp; Aquestes galetes queden emmagatzemades al terminal de l\u2019usuari fins que s\u2019eliminen manualment o conclogui el per\u00edode de durada establert per a aquesta galeta. &nbsp;<\/td><\/tr><\/tbody><\/table><\/figure>\n\n\n\n<p><strong>Segons la titularitat:<\/strong><strong><\/strong><\/p>\n\n\n\n<figure class=\"wp-block-table\"><table><tbody><tr><td><strong>&nbsp;<\/strong> <strong>Galetes pr\u00f2pies<\/strong><strong><\/strong><\/td><td>&nbsp; Les que s\u2019envien a l\u2019equip terminal de l\u2019usuari des d\u2019un equip o domini que gestiona el mateix editor i des del qual es presta el servei que l\u2019usuari ha sol\u00b7licitat. &nbsp;<\/td><\/tr><tr><td><strong>&nbsp;<\/strong> <strong>&nbsp;<\/strong> <strong>Galetes de tercers<\/strong><strong><\/strong><\/td><td>&nbsp; Les que s\u2019envien a l\u2019equip terminal de l\u2019usuari des d\u2019un equip o domini que no gestiona l\u2019editor, sin\u00f3 una altra entitat, que tracta les dades que n\u2019obt\u00e9 per mitj\u00e0 de les galetes.<\/td><\/tr><\/tbody><\/table><\/figure>\n\n\n\n<p><strong>La taula seg\u00fcent recull la classificaci\u00f3 i descripci\u00f3 de les galetes que s\u2019utilitzen en aquest lloc web perqu\u00e8 puguis identificar-les al teu navegador:<\/strong><strong><\/strong><\/p>\n\n\n\n<figure class=\"wp-block-table\"><table><tbody><tr><td><strong>Nom<\/strong><strong><\/strong><\/td><td><strong>Titular<\/strong><strong><\/strong><\/td><td><strong>Dades recol\u00b7lectades<\/strong><strong><\/strong><\/td><td><strong>Finalitat<\/strong><strong><\/strong><\/td><td><strong>Durada<\/strong><strong><\/strong><\/td><\/tr><tr><td><strong>&nbsp;<\/strong><\/td><td>&nbsp;<\/td><td>&nbsp;<\/td><td>&nbsp;<\/td><td>&nbsp;<\/td><\/tr><tr><td><strong>&nbsp;<\/strong><\/td><td>&nbsp;<\/td><td>&nbsp;<\/td><td>&nbsp;<\/td><td>&nbsp;<\/td><\/tr><\/tbody><\/table><\/figure>\n\n\n\n<p><strong>Arnald Joies<\/strong> utilitza galetes t\u00e8cniques, de personalitzaci\u00f3, d\u2019an\u00e0lisi (i publicit\u00e0ries), pr\u00f2pies i de tercers, que tracten dades de connexi\u00f3 o del dispositiu, i tamb\u00e9 h\u00e0bits de navegaci\u00f3 per a finalitats estad\u00edstiques (i publicit\u00e0ries).<\/p>\n\n\n\n<p>Per aix\u00f2, en accedir al nostre lloc web, en compliment de l\u2019article 22 de la Llei de serveis de la societat de la informaci\u00f3 et sol\u00b7licitem consentiment per fer-les servir.<\/p>\n\n\n\n<p>Cal tenir almenys 14 anys i haver acceptat expressament la nostra pol\u00edtica de privacitat per subministrar dades personals en aquest lloc web i per donar el consentiment per a l\u2019\u00fas de galetes.<\/p>\n\n\n\n<p><strong>De tota manera, t\u2019informem que pots activar o desactivar les galetes seguint les instruccions del navegador d\u2019internet que fas servir:<\/strong><strong><\/strong><\/p>\n\n\n\n<figure class=\"wp-block-table\"><table><tbody><tr><td><strong>Chrome<\/strong><strong><\/strong> <strong>&nbsp;<\/strong><\/td><td>Configuraci\u00f3 \uf0e0 Mostra les opcions avan\u00e7ades \uf0e0 Privacitat \uf0e0 Configuraci\u00f3 de contingut<\/td><td><a href=\"file:\/\/\/C:\/Users\/javierdelamora\/Dropbox%20(Lant%20Abogados)\/DOCUMENTACION\/22.%20REGLAMENTO%20EUROPEO%20lopd\/DOCUMENTACI\u00d3N%20PRESENCIALES\/Guies\/COOKIES\/support.google.com\">support.google.com<\/a> &nbsp;<\/td><\/tr><tr><td><strong>&nbsp;<\/strong> <strong>Firefox<\/strong><strong><\/strong> <strong>&nbsp;<\/strong><\/td><td>Eines \uf0e0 Opcions \uf0e0 Privacitat \uf0e0 Historial \uf0e0 Configuraci\u00f3 personalitzada<\/td><td><a href=\"file:\/\/\/C:\/Users\/javierdelamora\/Dropbox%20(Lant%20Abogados)\/DOCUMENTACION\/22.%20REGLAMENTO%20EUROPEO%20lopd\/DOCUMENTACI\u00d3N%20PRESENCIALES\/Guies\/COOKIES\/support.mozilla.org\">support.mozilla.org<\/a><\/td><\/tr><tr><td><strong>Internet Explorer<\/strong><strong><\/strong> <strong>&nbsp;<\/strong><\/td><td>&nbsp; Eines \uf0e0 Opcions d\u2019internet \uf0e0 Privacitat \uf0e0 Configuraci\u00f3 &nbsp;<\/td><td><a href=\"file:\/\/\/C:\/Users\/javierdelamora\/Dropbox%20(Lant%20Abogados)\/DOCUMENTACION\/22.%20REGLAMENTO%20EUROPEO%20lopd\/DOCUMENTACI\u00d3N%20PRESENCIALES\/Guies\/COOKIES\/windows.microsoft.com\">windows.microsoft.com<\/a><\/td><\/tr><tr><td><strong>Opera<\/strong><strong><\/strong> <strong>&nbsp;<\/strong><\/td><td>&nbsp; Eines \uf0e0 Prefer\u00e8ncies \uf0e0 Edita les prefer\u00e8ncies \uf0e0 Galetes &nbsp;<\/td><td><a href=\"http:\/\/www.opera.com\/help\/tutorials\/security\/cookies\/\" target=\"_blank\" rel=\"noopener\">http:\/\/www.opera.com\/help\/tutorials\/security\/cookies\/<\/a><\/td><\/tr><tr><td><strong>&nbsp;<\/strong> <strong>Safari<\/strong><strong><\/strong> <strong>&nbsp;<\/strong><\/td><td>&nbsp; Prefer\u00e8ncies \uf0e0 Seguretat &nbsp;<\/td><td><a href=\"http:\/\/www.apple.com\" target=\"_blank\" rel=\"noopener\">http:\/\/www.apple.com<\/a><\/td><\/tr><tr><td><strong>Edge<\/strong><strong><\/strong> <strong>&nbsp;<\/strong><\/td><td>&nbsp; Configuraci\u00f3 \uf0e0 Configuraci\u00f3 avan\u00e7ada \uf0e0 Privacitat i serveis \uf0e0 Galetes &nbsp;<\/td><td><a href=\"https:\/\/privacy.microsoft.com\/es-es\/windows-10-microsoft-edge-and-privacy\" target=\"_blank\" rel=\"noopener\">https:\/\/privacy.microsoft.com\/es-es\/windows-10-microsoft-edge-and-privacy<\/a> &nbsp;<\/td><\/tr><\/tbody><\/table><\/figure>\n<\/div><\/div>\n","protected":false},"excerpt":{"rendered":"<p>Pol\u00edtica de cookies Qu\u00e8 s\u00f3n les galetes? Les galetes s\u00f3n petits arxius de dades que es [&hellip;]<\/p>\n","protected":false},"author":1,"featured_media":0,"parent":0,"menu_order":0,"comment_status":"closed","ping_status":"closed","template":"","meta":{"_acf_changed":false,"footnotes":""},"class_list":["post-1834","page","type-page","status-publish","hentry"],"acf":[],"_links":{"self":[{"href":"https:\/\/www.arnaldjoies.com\/es\/wp-json\/wp\/v2\/pages\/1834","targetHints":{"allow":["GET"]}}],"collection":[{"href":"https:\/\/www.arnaldjoies.com\/es\/wp-json\/wp\/v2\/pages"}],"about":[{"href":"https:\/\/www.arnaldjoies.com\/es\/wp-json\/wp\/v2\/types\/page"}],"author":[{"embeddable":true,"href":"https:\/\/www.arnaldjoies.com\/es\/wp-json\/wp\/v2\/users\/1"}],"replies":[{"embeddable":true,"href":"https:\/\/www.arnaldjoies.com\/es\/wp-json\/wp\/v2\/comments?post=1834"}],"version-history":[{"count":3,"href":"https:\/\/www.arnaldjoies.com\/es\/wp-json\/wp\/v2\/pages\/1834\/revisions"}],"predecessor-version":[{"id":1837,"href":"https:\/\/www.arnaldjoies.com\/es\/wp-json\/wp\/v2\/pages\/1834\/revisions\/1837"}],"wp:attachment":[{"href":"https:\/\/www.arnaldjoies.com\/es\/wp-json\/wp\/v2\/media?parent=1834"}],"curies":[{"name":"wp","href":"https:\/\/api.w.org\/{rel}","templated":true}]}}