{"id":213,"date":"2020-06-19T09:19:17","date_gmt":"2020-06-19T09:19:17","guid":{"rendered":"http:\/\/develop.docbarcelona.com\/tekstila\/?page_id=213"},"modified":"2021-10-05T09:50:36","modified_gmt":"2021-10-05T07:50:36","slug":"aviso-legal","status":"publish","type":"page","link":"https:\/\/www.arnaldjoies.com\/es\/aviso-legal\/","title":{"rendered":"Aviso legal"},"content":{"rendered":"\n<h1 class=\"wp-block-heading\">Aviso legal<\/h1>\n\n\n\n<p>Este sitio web es propiedad de Arnald Climent Ripoll (en adelante, Arnald Joies o nosotros), con NIF 38151675-B y domicilio en la calle de Villarroel, 182, tienda 2, 08036 de Barcelona.<\/p>\n\n\n\n<p>Para cualquier consulta o propuesta, ponte en contacto con nosotros en el tel\u00e9fono (+34) 626 376 504 o en la direcci\u00f3n <a href=\"mailto:info@arnaldjoies.com\">info@arnaldjoies.com<\/a>.<\/p>\n\n\n\n<p>Este sitio web se rige por la normativa exclusivamente aplicable en Espa\u00f1a, y quedan sometidos a ella tanto nacionales como extranjeros que lo utilicen.<\/p>\n\n\n\n<p>El acceso a nuestro sitio web por parte del usuario es gratuito y est\u00e1 condicionado a la previa lectura y aceptaci\u00f3n integra, expresa y sin reservas de sus condiciones generales de uso vigentes en el momento del acceso, que te pedimos que leas detenidamente. El usuario, en el momento en que utiliza nuestro sitio, sus contenidos o servicios, acepta y se somete expresamente a las condiciones generales de uso del mismo. Si el usuario no est\u00e1 de acuerdo con estas condiciones de uso, deber\u00e1 abstenerse de utilizar el sitio u operar por medio del mismo.<\/p>\n\n\n\n<p>En cualquier momento podemos modificar la presentaci\u00f3n y configuraci\u00f3n de nuestro sitio, ampliar o reducir servicios e incluso suprimirla de la red, as\u00ed como los servicios y contenidos prestados; todo ello, de forma unilateral y sin previo aviso.<\/p>\n\n\n\n<p><strong>A. PROPIEDAD INTELECTUAL<\/strong><\/p>\n\n\n\n<p>Todos los contenidos, textos, im\u00e1genes, marcas y c\u00f3digos fuente son de nuestra propiedad o de terceros de quienes hemos obtenido los derechos de explotaci\u00f3n, y los protegen los derechos de propiedad intelectual e industrial.<\/p>\n\n\n\n<p>El usuario \u00fanicamente tiene derecho a un uso privado de los mismos, sin \u00e1nimo de lucro, y necesita autorizaci\u00f3n expresa para modificarlos, reproducirlos, explotarlos, distribuirlos o ejercer cualquier derecho perteneciente a su titular.<\/p>\n\n\n\n<p><strong>B. CONDICIONES DE ACCESO<\/strong><\/p>\n\n\n\n<p>El acceso a nuestro sitio web es gratuito y no exige suscripci\u00f3n o registro previos.<\/p>\n\n\n\n<p>El env\u00edo de datos personales implica la aceptaci\u00f3n expresa por parte del usuario de nuestra pol\u00edtica de privacidad.<\/p>\n\n\n\n<p>El usuario debe acceder a nuestro sitio web conforme a la buena fe, las normas de orden p\u00fablico y a estas condiciones generales de uso. El usuario accede a nuestro sitio web bajo su propia y exclusiva responsabilidad, y responder\u00e1, en todo caso, de los da\u00f1os y perjuicios que pueda causar a terceros o a nosotros.<\/p>\n\n\n\n<p>Teniendo en cuenta la imposibilidad de controlar la informaci\u00f3n, los contenidos y los servicios que contienen p\u00e1ginas de terceros a las que se puede acceder a trav\u00e9s de los enlaces en nuestro sitio web, te comunicamos que quedamos eximidos de cualquier responsabilidad por los da\u00f1os y perjuicios de toda clase que se puedan derivar del hecho de utilizar esas p\u00e1ginas web ajenas a nuestra empresa.<\/p>\n\n\n\n<p><strong>C. POL\u00cdTICA DE PRIVACIDAD<\/strong><\/p>\n\n\n\n<p>La confidencialidad y la seguridad son valores primordiales para Arnald Joies y, en consecuencia, asumimos el compromiso de garantizar la privacidad del usuario en todo momento y de no recabar informaci\u00f3n innecesaria.<\/p>\n\n\n\n<p>El suministro de datos personales a trav\u00e9s de nuestro sitio requiere una edad m\u00ednima de 14 a\u00f1os y la aceptaci\u00f3n expresa de nuestra pol\u00edtica de privacidad.<\/p>\n\n\n\n<p><strong>D. RESPONSABILIDADES<\/strong><\/p>\n\n\n\n<p>Al poner a disposici\u00f3n del usuario este sitio web queremos ofrecerle un servicio de calidad, con la m\u00e1xima diligencia en el momento de prestarlo, as\u00ed como en los medios tecnol\u00f3gicos utilizamos. Sin embargo, no responderemos de la presencia de virus u otros elementos que, de alguna forma, puedan da\u00f1ar el sistema inform\u00e1tico del usuario.<\/p>\n\n\n\n<p>Arnald Joies no garantiza que la disponibilidad del servicio sea continua e ininterrumpida por circunstancias que originen problemas en la red de internet, aver\u00edas en los dispositivos inform\u00e1ticos u otras circunstancias imprevisibles, de forma que el usuario acepta soportar, dentro de unos l\u00edmites razonables, estas circunstancias, por lo cual renuncia expresamente a reclamar a Arnald Joies cualquier responsabilidad por los posibles fallos, errores y uso del servicio.<\/p>\n\n\n\n<p>El usuario asume toda la responsabilidad derivada del uso de nuestro sitio web, y es el \u00fanico responsable de cualquier efecto, directo o indirecto, que se derive de utilizarlo, incluyendo, de forma enunciativa y no limitativa, todo resultado econ\u00f3mico, t\u00e9cnico o jur\u00eddico adverso, as\u00ed como la defraudaci\u00f3n de las expectativas que genere por nuestro sitio. Por tanto, usuario se obliga a mantener indemne a Arnald Joies por cualesquier reclamaciones derivadas, directa o indirectamente, de tales hechos.<\/p>\n\n\n\n<p>Arnald Joies no garantiza la exactitud, veracidad y vigencia de los contenidos de este sitio web, ya sean propios, de terceros o enlazables a otros sitios, y queda totalmente exonerado de cualquier responsabilidad derivada del uso de estos.<\/p>\n\n\n\n<p>Arnald Joies queda exonerado de cualquier responsabilidad derivada de cualquier reclamaci\u00f3n, incluido el pago de honorarios a abogados, por las demandas y reclamaciones de terceros por el incumplimiento por parte del usuario de nuestras condiciones de uso, acceso y pol\u00edtica de privacidad, o cualquier otra reclamaci\u00f3n por el incumplimiento de la legislaci\u00f3n vigente.<\/p>\n\n\n\n<p>El usuario reconoce que entiende toda la informaci\u00f3n respecto a las condiciones de uso de nuestro sitio, y reconoce que son suficientes para la exclusi\u00f3n del error en estas, y por tanto, las acepta \u00edntegra y expresamente.<\/p>\n\n\n\n<p>El usuario es plenamente consciente de que la mera navegaci\u00f3n por este sitio web, as\u00ed como la utilizaci\u00f3n de sus servicios, implica la aceptaci\u00f3n de estas condiciones de uso.<\/p>\n\n\n\n<p>Todo lo referente a nuestro sitio web se rige exclusivamente por las leyes espa\u00f1olas. En el supuesto de que acaezca cualquier tipo de discrepancia o diferencia entre las partes en relaci\u00f3n con la interpretaci\u00f3n y el contenido de este sitio web, todas las partes se someten a los juzgados y tribunales que resulten competentes en cada caso.<\/p>\n\n\n\n<p><strong>E. VIGENCIA DE LAS CONDICIONES GENERALES DE ACCESO AL SITIO WEB<\/strong><strong><\/strong><\/p>\n\n\n\n<p>Estas condiciones generales de uso se han modificado con fecha <strong>05\/10\/2021<\/strong>\u00a0. En cualquier momento podemos modificarlas. Por favor, comprueba la fecha de emisi\u00f3n en cada ocasi\u00f3n en que te conectes al sitio web para tener la certeza de que no ha habido modificaci\u00f3n alguna que te concierna.<\/p>\n\n\n\n<p>Para cualquier cuesti\u00f3n respecto a las condiciones de uso de nuestro sitio web, puedes ponerte en contacto con nosotros en los datos arriba indicados o mediante Lant Abogados (www.lant-abogados.com).<\/p>\n","protected":false},"excerpt":{"rendered":"<p>Aviso legal Este sitio web es propiedad de Arnald Climent Ripoll (en adelante, Arnald Joies o [&hellip;]<\/p>\n","protected":false},"author":1,"featured_media":0,"parent":0,"menu_order":0,"comment_status":"closed","ping_status":"closed","template":"","meta":{"_acf_changed":false,"footnotes":""},"class_list":["post-213","page","type-page","status-publish","hentry"],"acf":[],"_links":{"self":[{"href":"https:\/\/www.arnaldjoies.com\/es\/wp-json\/wp\/v2\/pages\/213","targetHints":{"allow":["GET"]}}],"collection":[{"href":"https:\/\/www.arnaldjoies.com\/es\/wp-json\/wp\/v2\/pages"}],"about":[{"href":"https:\/\/www.arnaldjoies.com\/es\/wp-json\/wp\/v2\/types\/page"}],"author":[{"embeddable":true,"href":"https:\/\/www.arnaldjoies.com\/es\/wp-json\/wp\/v2\/users\/1"}],"replies":[{"embeddable":true,"href":"https:\/\/www.arnaldjoies.com\/es\/wp-json\/wp\/v2\/comments?post=213"}],"version-history":[{"count":1,"href":"https:\/\/www.arnaldjoies.com\/es\/wp-json\/wp\/v2\/pages\/213\/revisions"}],"predecessor-version":[{"id":1818,"href":"https:\/\/www.arnaldjoies.com\/es\/wp-json\/wp\/v2\/pages\/213\/revisions\/1818"}],"wp:attachment":[{"href":"https:\/\/www.arnaldjoies.com\/es\/wp-json\/wp\/v2\/media?parent=213"}],"curies":[{"name":"wp","href":"https:\/\/api.w.org\/{rel}","templated":true}]}}