{"id":3,"date":"2020-06-22T18:00:10","date_gmt":"2020-06-22T16:00:10","guid":{"rendered":"http:\/\/develop.docbarcelona.com\/library\/?page_id=3"},"modified":"2021-10-05T10:01:53","modified_gmt":"2021-10-05T08:01:53","slug":"politica-de-privadesa","status":"publish","type":"page","link":"https:\/\/www.arnaldjoies.com\/es\/politica-de-privadesa\/","title":{"rendered":"Pol\u00edtica de privacidad"},"content":{"rendered":"\n<p><strong><u>POL\u00cdTICA DE PRIVACIDAD<\/u><\/strong><\/p>\n\n\n\n<p>La confidencialidad y la seguridad son valores primordiales para Arnald Joies y, en consecuencia, asumimos el compromiso de garantizar la privacidad del usuario en todo momento y de no recabar informaci\u00f3n innecesaria. A continuaci\u00f3n, te proporcionamos toda la informaci\u00f3n necesaria sobre nuestra pol\u00edtica de privacidad en relaci\u00f3n con los datos personales que recabamos, y te explicamos:<\/p>\n\n\n\n<ul class=\"wp-block-list\"><li>Qui\u00e9n es el responsable del tratamiento de tus datos.<\/li><li>Para qu\u00e9 finalidades recabamos los datos que te solicitamos.<\/li><li>Cu\u00e1l es la legitimaci\u00f3n para su tratamiento.<\/li><li>Durante cu\u00e1nto tiempo los conservamos.<\/li><li>A qu\u00e9 destinatarios se comunican esos datos.<\/li><li>Cu\u00e1les son tus derechos y c\u00f3mo ejercerlos.<\/li><\/ul>\n\n\n\n<ul class=\"wp-block-list\"><li><strong>RESPONSABLE:<\/strong><\/li><\/ul>\n\n\n\n<p><strong>Arnald Joies (Arnald Climent Ripoll)<\/strong><strong><\/strong><\/p>\n\n\n\n<p>38151675-B<strong><\/strong><\/p>\n\n\n\n<p>C\/ de Villarroel, 182, tienda 2<\/p>\n\n\n\n<p>08036 Barcelona<\/p>\n\n\n\n<p>(+34) 626 376 504<strong><\/strong><\/p>\n\n\n\n<p><a href=\"mailto:info@arnaldjoies.com\">info@arnaldjoies.com<\/a><\/p>\n\n\n\n<ul class=\"wp-block-list\"><li><strong>FINALIDADES, LEGITIMACI\u00d3N Y CONSERVACI\u00d3N<\/strong> de los tratamientos de los datos enviados a trav\u00e9s de:<strong><\/strong><\/li><li>FORMULARIO DE CONTACTO<\/li><\/ul>\n\n\n\n<p><strong>Finalidad:<\/strong> Facilitarte un medio para que puedas ponerte en contacto con nosotros y contestar a tus solicitudes de informaci\u00f3n, as\u00ed como enviarte comunicaciones de nuestros productos, servicios y actividades, inclusive por medios electr\u00f3nicos (correo electr\u00f3nico, SMS, WhatsApp), si marcas la casilla de aceptaci\u00f3n.<\/p>\n\n\n\n<p><strong>Legitimaci\u00f3n:<\/strong> El consentimiento del usuario al solicitarnos informaci\u00f3n a trav\u00e9s de nuestro formulario de contacto y, al marcar la casilla de aceptaci\u00f3n, de env\u00edo de informaci\u00f3n.<\/p>\n\n\n\n<p><strong>Conservaci\u00f3n:<\/strong> Una vez resuelta tu solicitud por medio del formulario, o contestada por correo electr\u00f3nico, si no ha generado un nuevo tratamiento, y, en caso de haber aceptado recibir env\u00edos comerciales, hasta que solicites la baja de los mismos.<\/p>\n\n\n\n<ul class=\"wp-block-list\"><li>ENV\u00cdO DE CORREOS ELECTR\u00d3NICOS<\/li><\/ul>\n\n\n\n<p><strong>Finalidad:<\/strong> Contestar a tus solicitudes de informaci\u00f3n, atender tus peticiones y responder tus consultas o dudas.<\/p>\n\n\n\n<p><strong>Legitimaci\u00f3n:<\/strong> El consentimiento del usuario al solicitarnos informaci\u00f3n a trav\u00e9s de la direcci\u00f3n electr\u00f3nica.<\/p>\n\n\n\n<p><strong>Conservaci\u00f3n:<\/strong> Hasta que hemos resulto tu consulta por correo electr\u00f3nico, si no ha generado un nuevo tratamiento.<\/p>\n\n\n\n<ul class=\"wp-block-list\"><li>ENV\u00cdO DE CURR\u00cdCULUM POR CORREO ELECTR\u00d3NICO<\/li><\/ul>\n\n\n\n<p><strong>Finalidad:<\/strong> Contar con tu curr\u00edculum para nuestros procesos de selecci\u00f3n de personal.<\/p>\n\n\n\n<p><strong>Legitimaci\u00f3n:<\/strong> El consentimiento del usuario al remitirnos su informaci\u00f3n personal y curr\u00edculum para nuestros procesos de selecci\u00f3n de personal.<\/p>\n\n\n\n<p><strong>Conservaci\u00f3n:<\/strong> Durante el desarrollo de los procesos de selecci\u00f3n de personal abiertos y durante 1 a\u00f1o para futuros procesos.<\/p>\n\n\n\n<ul class=\"wp-block-list\"><li><\/li><\/ul>\n\n\n\n<p><strong>Finalidad:<\/strong> Enviarte informaci\u00f3n comercial sobre nuestros productos y servicios por medios electr\u00f3nicos.<\/p>\n\n\n\n<p><strong>Legitimaci\u00f3n:<\/strong> Consentimiento del interesado al suscribirse a nuestra lista de distribuci\u00f3n comercial para recibir el bolet\u00edn electr\u00f3nico.<\/p>\n\n\n\n<p><strong>Conservaci\u00f3n:<\/strong> Mientras el usuario est\u00e9 suscrito a nuestra lista de distribuci\u00f3n comercial y hasta que solicite la baja de la misma.<\/p>\n\n\n\n<p><strong>Finalidad:<\/strong> Gestionar tus pedidos y tramitar los productos y servicios que adquieras. Formalizar, en su caso, el alta como usuario registrado y remitirte informaci\u00f3n comercial sobre nuestros productos y servicios, incluso por medios electr\u00f3nicos.<\/p>\n\n\n\n<p><strong>Legitimaci\u00f3n:<\/strong> Ejecuci\u00f3n de la relaci\u00f3n contractual (compraventa de nuestros productos y servicios). Inter\u00e9s leg\u00edtimo al mantener informados a los clientes sobre nuestros productos y servicios.<\/p>\n\n\n\n<p><strong>Conservaci\u00f3n:<\/strong> Durante el tiempo necesario para la ejecuci\u00f3n y gesti\u00f3n de la compra de los productos y servicios y los tr\u00e1mites derivados de la misma y, posteriormente, durante los plazos legales de conservaci\u00f3n. Mientras no nos pidas la baja comercial o el ejercicio de tus derechos.<\/p>\n\n\n\n<ul class=\"wp-block-list\"><li><strong>OBLIGACI\u00d3N DE PROPORCIONARNOS TUS DATOS PERSONALES Y CONSECUENCIAS DE NO HACERLO<\/strong><strong><\/strong><\/li><\/ul>\n\n\n\n<p>El suministro de datos personales requiere una edad m\u00ednima de 14 a\u00f1os, o en su caso, disponer de capacidad jur\u00eddica suficiente para contratar.<\/p>\n\n\n\n<p>Los datos personales solicitados son necesarios para gestionar tus solicitudes, darte de alta como usuario o prestarte los servicios\u00a0 que puedas contratar, por lo que, si no nos los proporcionas, no podremos atenderte correctamente ni prestarte el servicio que hayas solicitado.<\/p>\n\n\n\n<p>En todo caso, nos reservamos el derecho de decidir sobre la incorporaci\u00f3n o no de tus datos personales y dem\u00e1s informaci\u00f3n en nuestras bases de datos.<\/p>\n\n\n\n<ul class=\"wp-block-list\"><li><strong>DESTINATARIOS DE TUS DATOS<\/strong><strong><\/strong><\/li><\/ul>\n\n\n\n<p>Tus datos son confidenciales y no los cederemos a terceros, salvo por obligaci\u00f3n legal.<\/p>\n\n\n\n<ul class=\"wp-block-list\"><li><strong>DERECHOS EN RELACI\u00d3N CON TUS DATOS PERSONALES<\/strong><strong><\/strong><\/li><\/ul>\n\n\n\n<p>Cualquier persona puede retirar su consentimiento en cualquier momento, cuando lo haya otorgado para el tratamiento de sus datos. La retirada de este consentimiento no condiciona, en ning\u00fan caso, la ejecuci\u00f3n del contrato de suscripci\u00f3n o las relaciones generadas con anterioridad.<\/p>\n\n\n\n<p>Igualmente, puedes ejercer los derechos siguientes:<\/p>\n\n\n\n<ul class=\"wp-block-list\"><li>Solicitar el acceso a tus datos personales o su rectificaci\u00f3n cuando sean inexactos.<\/li><li>Solicitar que se supriman cuando, entre otros motivos, los datos ya no sean necesarios para los fines para los que se solicitaron.<\/li><li>Solicitar la limitaci\u00f3n del tratamiento de los datos en determinadas circunstancias.<\/li><li>Solicitar la oposici\u00f3n al tratamiento de tus datos por motivos relacionados con tu situaci\u00f3n particular.<\/li><li>Solicitar la portabilidad de tus datos en los casos previstos en la normativa.<\/li><li>Otros derechos reconocidos en las normativas aplicables.<\/li><\/ul>\n\n\n\n<p>D\u00f3nde y c\u00f3mo solicitar tus derechos: Mediante un escrito dirigido a Arnald Joies, en su direcci\u00f3n postal o electr\u00f3nica (indicadas en el apartado 1), con la referencia \u201cDatos Personales\u201d y especificando el derecho que quieres ejercer y respecto a qu\u00e9 datos personales.<\/p>\n\n\n\n<p>En caso de divergencias con Arnald Joies en relaci\u00f3n con el tratamiento de tus datos, puedes presentar una reclamaci\u00f3n ante la Agencia de Protecci\u00f3n de Datos (<a href=\"http:\/\/www.agpd.es\" target=\"_blank\" rel=\"noopener\">www.agpd.es<\/a>).<\/p>\n\n\n\n<ul class=\"wp-block-list\"><li><strong><em>COOKIES<\/em><\/strong><strong><\/strong><\/li><\/ul>\n\n\n\n<p>Esta p\u00e1gina web utiliza <em>cookies<\/em> t\u00e9cnicas, de personalizaci\u00f3n y de an\u00e1lisis, propias y de terceros, que tratan datos de conexi\u00f3n o de los dispositivos para fines estad\u00edsticos.<\/p>\n\n\n\n<p>Por ello, al acceder a nuestro sitio web, en cumplimiento del art\u00edculo 22 de la Ley de Servicios de la Sociedad de la Informaci\u00f3n, al tratar las <em>cookies<\/em> mencionadas, te hemos solicitado tu consentimiento para utilizarlas y, adem\u00e1s, te hemos proporcionado informaci\u00f3n sobre las mismas.<\/p>\n\n\n\n<ul class=\"wp-block-list\"><li><strong>SEGURIDAD DE TUS DATOS PERSONALES<\/strong><strong><\/strong><\/li><\/ul>\n\n\n\n<p>Con el objetivo de salvaguardar la seguridad de tus datos personales, te informamos de que hemos adoptado todas las medidas de \u00edndole t\u00e9cnica y organizativa necesarias para garantizar la seguridad de los datos personales que nos has proporcionado en cuanto a su alteraci\u00f3n, p\u00e9rdida y tratamientos o accesos no autorizados.<\/p>\n\n\n\n<ul class=\"wp-block-list\"><li><strong>ACTUALIZACI\u00d3N DE DATOS<\/strong><strong><\/strong><\/li><\/ul>\n\n\n\n<p>Para que podamos mantener tus datos personales actualizados, es importante que nos informes siempre que haya alguna modificaci\u00f3n en ellos; en caso contrario, no respondemos de la veracidad de los mismos.<\/p>\n\n\n\n<p>Podemos modificar esta pol\u00edtica de privacidad para adaptarla a los cambios que pueda haber en nuestro sitio web, as\u00ed como modificaciones legislativas o jurisprudenciales sobre datos personales que vayan apareciendo. Por esta raz\u00f3n, debes leerla cada vez que nos proporciones tus datos a trav\u00e9s de este sitio web.<\/p>\n","protected":false},"excerpt":{"rendered":"<p>POL\u00cdTICA DE PRIVACIDAD La confidencialidad y la seguridad son valores primordiales para Arnald Joies y, en [&hellip;]<\/p>\n","protected":false},"author":1,"featured_media":0,"parent":0,"menu_order":0,"comment_status":"closed","ping_status":"closed","template":"","meta":{"_acf_changed":false,"footnotes":""},"class_list":["post-3","page","type-page","status-publish","hentry"],"acf":[],"_links":{"self":[{"href":"https:\/\/www.arnaldjoies.com\/es\/wp-json\/wp\/v2\/pages\/3","targetHints":{"allow":["GET"]}}],"collection":[{"href":"https:\/\/www.arnaldjoies.com\/es\/wp-json\/wp\/v2\/pages"}],"about":[{"href":"https:\/\/www.arnaldjoies.com\/es\/wp-json\/wp\/v2\/types\/page"}],"author":[{"embeddable":true,"href":"https:\/\/www.arnaldjoies.com\/es\/wp-json\/wp\/v2\/users\/1"}],"replies":[{"embeddable":true,"href":"https:\/\/www.arnaldjoies.com\/es\/wp-json\/wp\/v2\/comments?post=3"}],"version-history":[{"count":3,"href":"https:\/\/www.arnaldjoies.com\/es\/wp-json\/wp\/v2\/pages\/3\/revisions"}],"predecessor-version":[{"id":1824,"href":"https:\/\/www.arnaldjoies.com\/es\/wp-json\/wp\/v2\/pages\/3\/revisions\/1824"}],"wp:attachment":[{"href":"https:\/\/www.arnaldjoies.com\/es\/wp-json\/wp\/v2\/media?parent=3"}],"curies":[{"name":"wp","href":"https:\/\/api.w.org\/{rel}","templated":true}]}}