{"id":463,"date":"2021-05-03T15:11:46","date_gmt":"2021-05-03T13:11:46","guid":{"rendered":"https:\/\/arnaldjoies.com\/?page_id=463"},"modified":"2021-11-29T10:28:29","modified_gmt":"2021-11-29T08:28:29","slug":"nosotros","status":"publish","type":"page","link":"https:\/\/www.arnaldjoies.com\/es\/nosotros\/","title":{"rendered":"Nosotros"},"content":{"rendered":"\n<div class=\"wp-block-group home-img-background full-width nosotros-page content-top\"><div class=\"wp-block-group__inner-container is-layout-flow wp-block-group-is-layout-flow\">\n<div class=\"wp-block-group content-block max-width-wide\"><div class=\"wp-block-group__inner-container is-layout-flow wp-block-group-is-layout-flow\">\n<h1 class=\"has-text-align-left no-margin wp-block-heading\">Me apasiona crear joyas \u00fanicas para contar historias bonitas.<\/h1>\n\n\n\n<p>En Arnald Joies estamos comprometidos con hacer siempre el trabajo bien hecho. Pero lo m\u00e1s importante para nosotros es dar un servicio completo, con un trato personalizado y cercano.<\/p>\n\n\n\n<div style=\"height:20px\" aria-hidden=\"true\" class=\"wp-block-spacer\"><\/div>\n\n\n\n<figure class=\"wp-block-image size-full is-resized\"><img loading=\"lazy\" decoding=\"async\" src=\"https:\/\/www.arnaldjoies.com\/wp-content\/uploads\/2021\/11\/FirmaArnald.png\" alt=\"\" class=\"wp-image-3933\" width=\"242\" height=\"187\"\/><\/figure>\n<\/div><\/div>\n\n\n\n<figure class=\"wp-block-image size-full background-image\"><img loading=\"lazy\" decoding=\"async\" width=\"1024\" height=\"622\" src=\"https:\/\/www.arnaldjoies.com\/wp-content\/uploads\/2021\/11\/D904758-1.jpg\" alt=\"\" class=\"wp-image-3644\" srcset=\"https:\/\/www.arnaldjoies.com\/wp-content\/uploads\/2021\/11\/D904758-1.jpg 1024w, https:\/\/www.arnaldjoies.com\/wp-content\/uploads\/2021\/11\/D904758-1-600x364.jpg 600w, https:\/\/www.arnaldjoies.com\/wp-content\/uploads\/2021\/11\/D904758-1-300x182.jpg 300w, https:\/\/www.arnaldjoies.com\/wp-content\/uploads\/2021\/11\/D904758-1-768x467.jpg 768w\" sizes=\"auto, (max-width: 1024px) 100vw, 1024px\" \/><\/figure>\n\n\n\n<div class=\"wp-block-group scroll-down bounce padding-sides\"><div class=\"wp-block-group__inner-container is-layout-flow wp-block-group-is-layout-flow\">\n<div class=\"wp-block-image\"><figure class=\"alignright size-large is-resized\"><img loading=\"lazy\" decoding=\"async\" src=\"https:\/\/arnaldjoies.com\/wp-content\/uploads\/2021\/04\/arrowdown.png\" alt=\"\" class=\"wp-image-404\" width=\"26\" height=\"46\"\/><\/figure><\/div>\n<\/div><\/div>\n<\/div><\/div>\n\n\n\n<div style=\"height:91px\" aria-hidden=\"true\" class=\"wp-block-spacer\"><\/div>\n\n\n\n<div class=\"wp-block-columns are-vertically-aligned-center max-width-wide mobile-reverse is-layout-flex wp-container-core-columns-is-layout-9d6595d7 wp-block-columns-is-layout-flex\">\n<div class=\"wp-block-column is-vertically-aligned-center is-layout-flow wp-block-column-is-layout-flow\" style=\"flex-basis:75%\">\n<p class=\"has-medium-font-size\">Despu\u00e9s de 10 a\u00f1os en el negocio familiar, en 2002 Arnald Climent abri\u00f3 su propio taller. A lo largo de los a\u00f1os se ha formado en multitud de t\u00e9cnicas de joyer\u00eda y gemolog\u00eda, y est\u00e1 especializado en diamante.<br><br>La mayor\u00eda de nuestras joyas se inspiran tanto en la naturaleza como en las formas geom\u00e9tricas de la arquitectura, y es por esto que en muchas de ellas se puede apreciar una mezcla de formas org\u00e1nicas, simetr\u00edas, l\u00edneas rectas y c\u00edrculos.<\/p>\n<\/div>\n\n\n\n<div class=\"wp-block-column is-vertically-aligned-center is-layout-flow wp-block-column-is-layout-flow\" style=\"flex-basis:25%\">\n<div class=\"wp-block-image\"><figure class=\"aligncenter size-full\"><img loading=\"lazy\" decoding=\"async\" width=\"500\" height=\"500\" src=\"https:\/\/arnaldjoies.com\/wp-content\/uploads\/2021\/11\/Travessers-fons-blanc-1.jpg\" alt=\"\" class=\"wp-image-3510\" srcset=\"https:\/\/www.arnaldjoies.com\/wp-content\/uploads\/2021\/11\/Travessers-fons-blanc-1.jpg 500w, https:\/\/www.arnaldjoies.com\/wp-content\/uploads\/2021\/11\/Travessers-fons-blanc-1-300x300.jpg 300w, https:\/\/www.arnaldjoies.com\/wp-content\/uploads\/2021\/11\/Travessers-fons-blanc-1-100x100.jpg 100w, https:\/\/www.arnaldjoies.com\/wp-content\/uploads\/2021\/11\/Travessers-fons-blanc-1-150x150.jpg 150w\" sizes=\"auto, (max-width: 500px) 100vw, 500px\" \/><\/figure><\/div>\n<\/div>\n<\/div>\n\n\n\n<div style=\"height:105px\" aria-hidden=\"true\" class=\"wp-block-spacer desktop\"><\/div>\n\n\n\n<div class=\"wp-block-group fullsize-blocks full-width\"><div class=\"wp-block-group__inner-container is-layout-flow wp-block-group-is-layout-flow\">\n<div class=\"wp-block-columns are-vertically-aligned-center full-width is-layout-flex wp-container-core-columns-is-layout-9d6595d7 wp-block-columns-is-layout-flex\">\n<div class=\"wp-block-column is-vertically-aligned-center is-layout-flow wp-block-column-is-layout-flow\">\n<figure class=\"wp-block-image size-full\"><img loading=\"lazy\" decoding=\"async\" width=\"720\" height=\"526\" src=\"https:\/\/arnaldjoies.com\/wp-content\/uploads\/2021\/11\/D901825-retocada-1.jpg\" alt=\"\" class=\"wp-image-2254\" srcset=\"https:\/\/www.arnaldjoies.com\/wp-content\/uploads\/2021\/11\/D901825-retocada-1.jpg 720w, https:\/\/www.arnaldjoies.com\/wp-content\/uploads\/2021\/11\/D901825-retocada-1-600x438.jpg 600w, https:\/\/www.arnaldjoies.com\/wp-content\/uploads\/2021\/11\/D901825-retocada-1-300x219.jpg 300w\" sizes=\"auto, (max-width: 720px) 100vw, 720px\" \/><\/figure>\n<\/div>\n\n\n\n<div class=\"wp-block-column is-vertically-aligned-center text-column is-layout-flow wp-block-column-is-layout-flow\">\n<p class=\"has-medium-font-size\">Trabajamos con t\u00e9cnicas de joyer\u00eda tradicionales y artesanales, y las compaginamos con tecnolog\u00edas m\u00e1s modernas (como el dise\u00f1o en 3D) que nos ofrecen una versatilidad y unas posibilidades \u00fanicas.<br><br>Sea cual sea la t\u00e9cnica que utilizamos, en el taller nos ocupamos de todas y cada una de nuestras joyas de forma individual y manual para conseguir el mejor resultado final, con los mejores acabados.<\/p>\n<\/div>\n<\/div>\n\n\n\n<div class=\"wp-block-columns are-vertically-aligned-center full-width is-layout-flex wp-container-core-columns-is-layout-9d6595d7 wp-block-columns-is-layout-flex\">\n<div class=\"wp-block-column is-vertically-aligned-center text-column is-layout-flow wp-block-column-is-layout-flow\">\n<p class=\"has-medium-font-size\">En Arnald Joies apostamos por una joyer\u00eda \u00e9tica y ecol\u00f3gica. Por esta raz\u00f3n el oro, la plata y el platino con los que trabajamos proceden del reciclaje. Asimismo, procuramos conocer el origen de las piedras con las que trabajamos.<br><br>Adem\u00e1s, Arnald es vegano, as\u00ed que en todo el proceso productivo buscamos siempre alternativas a los productos de origen animal.<\/p>\n<\/div>\n\n\n\n<div class=\"wp-block-column is-vertically-aligned-center is-layout-flow wp-block-column-is-layout-flow\">\n<figure class=\"wp-block-image size-full\"><img loading=\"lazy\" decoding=\"async\" width=\"720\" height=\"526\" src=\"https:\/\/arnaldjoies.com\/wp-content\/uploads\/2021\/11\/D900825-retocadac.jpg\" alt=\"\" class=\"wp-image-2271\" srcset=\"https:\/\/www.arnaldjoies.com\/wp-content\/uploads\/2021\/11\/D900825-retocadac.jpg 720w, https:\/\/www.arnaldjoies.com\/wp-content\/uploads\/2021\/11\/D900825-retocadac-600x438.jpg 600w, https:\/\/www.arnaldjoies.com\/wp-content\/uploads\/2021\/11\/D900825-retocadac-300x219.jpg 300w\" sizes=\"auto, (max-width: 720px) 100vw, 720px\" \/><\/figure>\n<\/div>\n<\/div>\n\n\n\n<div class=\"wp-block-columns are-vertically-aligned-center full-width is-layout-flex wp-container-core-columns-is-layout-9d6595d7 wp-block-columns-is-layout-flex\">\n<div class=\"wp-block-column is-vertically-aligned-center is-layout-flow wp-block-column-is-layout-flow\">\n<figure class=\"wp-block-image size-full\"><img loading=\"lazy\" decoding=\"async\" width=\"720\" height=\"526\" src=\"https:\/\/arnaldjoies.com\/wp-content\/uploads\/2021\/11\/D902397-prueva-1.jpg\" alt=\"\" class=\"wp-image-2258\" srcset=\"https:\/\/www.arnaldjoies.com\/wp-content\/uploads\/2021\/11\/D902397-prueva-1.jpg 720w, https:\/\/www.arnaldjoies.com\/wp-content\/uploads\/2021\/11\/D902397-prueva-1-600x438.jpg 600w, https:\/\/www.arnaldjoies.com\/wp-content\/uploads\/2021\/11\/D902397-prueva-1-300x219.jpg 300w\" sizes=\"auto, (max-width: 720px) 100vw, 720px\" \/><\/figure>\n<\/div>\n\n\n\n<div class=\"wp-block-column is-vertically-aligned-center text-column is-layout-flow wp-block-column-is-layout-flow\">\n<p class=\"has-medium-font-size\">Estamos especializados en joyer\u00eda de autor personalizada. Como los detalles a tener en cuenta a la hora de crear una de nuestras piezas son muchos, os invitamos a visitarnos a nuestra tienda f\u00edsica.<br><br>Nos encontrar\u00e1s en el precioso barrio del Eixample de Barcelona, en un espacio acogedor y agradable que nos sirve a la vez de tienda y taller, donde podemos atenderte con la m\u00e1xima calidez y profesionalidad.<\/p>\n<\/div>\n<\/div>\n<\/div><\/div>\n\n\n\n<div style=\"height:50px\" aria-hidden=\"true\" class=\"wp-block-spacer\"><\/div>\n\n\n\n<div class=\"wp-block-columns is-layout-flex wp-container-core-columns-is-layout-9d6595d7 wp-block-columns-is-layout-flex\">\n<div class=\"wp-block-column is-layout-flow wp-block-column-is-layout-flow\" style=\"flex-basis:100%\">\n<div class=\"wp-block-columns is-layout-flex wp-container-core-columns-is-layout-9d6595d7 wp-block-columns-is-layout-flex\">\n<div class=\"wp-block-column is-layout-flow wp-block-column-is-layout-flow\" style=\"flex-basis:100%\">\n<figure class=\"wp-block-embed is-type-video is-provider-youtube wp-block-embed-youtube wp-embed-aspect-16-9 wp-has-aspect-ratio\"><div class=\"wp-block-embed__wrapper\">\n<iframe loading=\"lazy\" title=\"Con\u00f3cenos un poco m\u00e1s\" width=\"500\" height=\"281\" src=\"https:\/\/www.youtube.com\/embed\/x5ygLqCSiqM?feature=oembed\" frameborder=\"0\" allow=\"accelerometer; autoplay; clipboard-write; encrypted-media; gyroscope; picture-in-picture; web-share\" referrerpolicy=\"strict-origin-when-cross-origin\" allowfullscreen><\/iframe>\n<\/div><\/figure>\n<\/div>\n<\/div>\n<\/div>\n<\/div>\n\n\n\n<div style=\"height:50px\" aria-hidden=\"true\" class=\"wp-block-spacer\"><\/div>\n\n\n\n<div class=\"wp-block-columns full-width columna-blocks is-layout-flex wp-container-core-columns-is-layout-9d6595d7 wp-block-columns-is-layout-flex\">\n<div class=\"wp-block-column is-layout-flow wp-block-column-is-layout-flow\">\n<div class=\"wp-block-group img-background full-width link-image\"><div class=\"wp-block-group__inner-container is-layout-flow wp-block-group-is-layout-flow\">\n<div class=\"wp-block-group content-block\"><div class=\"wp-block-group__inner-container is-layout-flow wp-block-group-is-layout-flow\">\n<p class=\"no-margin has-large-font-size\">Colecciones<\/p>\n\n\n\n<p class=\"has-text-align-left\">\u00bfQuieres conocer cu\u00e1les son nuestras colecciones actuales?<\/p>\n\n\n\n<p>Clica aqu\u00ed y \u00a1desc\u00fabrelas! <\/p>\n<\/div><\/div>\n\n\n\n<figure class=\"wp-block-image size-large background-image\"><a href=\"https:\/\/www.arnaldjoies.com\/es\/colecciones\/\"><img loading=\"lazy\" decoding=\"async\" width=\"1024\" height=\"564\" src=\"https:\/\/arnaldjoies.com\/wp-content\/uploads\/2021\/05\/colecciones-1024x564.jpg\" alt=\"\" class=\"wp-image-558\" srcset=\"https:\/\/www.arnaldjoies.com\/wp-content\/uploads\/2021\/05\/colecciones-1024x564.jpg 1024w, https:\/\/www.arnaldjoies.com\/wp-content\/uploads\/2021\/05\/colecciones-600x330.jpg 600w, https:\/\/www.arnaldjoies.com\/wp-content\/uploads\/2021\/05\/colecciones-300x165.jpg 300w, https:\/\/www.arnaldjoies.com\/wp-content\/uploads\/2021\/05\/colecciones-768x423.jpg 768w, https:\/\/www.arnaldjoies.com\/wp-content\/uploads\/2021\/05\/colecciones.jpg 1438w\" sizes=\"auto, (max-width: 1024px) 100vw, 1024px\" \/><\/a><\/figure>\n<\/div><\/div>\n<\/div>\n\n\n\n<div class=\"wp-block-column is-layout-flow wp-block-column-is-layout-flow\">\n<div class=\"wp-block-group img-background full-width link-image\"><div class=\"wp-block-group__inner-container is-layout-flow wp-block-group-is-layout-flow\">\n<div class=\"wp-block-group content-block\"><div class=\"wp-block-group__inner-container is-layout-flow wp-block-group-is-layout-flow\">\n<p class=\"no-margin has-large-font-size\">Tienda<\/p>\n\n\n\n<p class=\"has-text-align-left\">Te invitamos a echar un vistazo a todas nuestras joyas en la tienda virtual. Esperamos que te sirvan de inspiraci\u00f3n. <\/p>\n<\/div><\/div>\n\n\n\n<figure class=\"wp-block-image size-large background-image\"><a href=\"https:\/\/www.arnaldjoies.com\/es\/tienda\/\"><img loading=\"lazy\" decoding=\"async\" width=\"1024\" height=\"563\" src=\"https:\/\/arnaldjoies.com\/wp-content\/uploads\/2021\/05\/tienda-1024x563.jpg\" alt=\"\" class=\"wp-image-542\" srcset=\"https:\/\/www.arnaldjoies.com\/wp-content\/uploads\/2021\/05\/tienda-1024x563.jpg 1024w, https:\/\/www.arnaldjoies.com\/wp-content\/uploads\/2021\/05\/tienda-600x330.jpg 600w, https:\/\/www.arnaldjoies.com\/wp-content\/uploads\/2021\/05\/tienda-300x165.jpg 300w, https:\/\/www.arnaldjoies.com\/wp-content\/uploads\/2021\/05\/tienda-768x422.jpg 768w, https:\/\/www.arnaldjoies.com\/wp-content\/uploads\/2021\/05\/tienda.jpg 1440w\" sizes=\"auto, (max-width: 1024px) 100vw, 1024px\" \/><\/a><\/figure>\n<\/div><\/div>\n<\/div>\n<\/div>\n","protected":false},"excerpt":{"rendered":"<p>Me apasiona crear joyas \u00fanicas para contar historias bonitas. En Arnald Joies estamos comprometidos con hacer [&hellip;]<\/p>\n","protected":false},"author":1,"featured_media":0,"parent":0,"menu_order":0,"comment_status":"closed","ping_status":"closed","template":"template-headerinverted.php","meta":{"_acf_changed":false,"footnotes":""},"class_list":["post-463","page","type-page","status-publish","hentry"],"acf":[],"_links":{"self":[{"href":"https:\/\/www.arnaldjoies.com\/es\/wp-json\/wp\/v2\/pages\/463","targetHints":{"allow":["GET"]}}],"collection":[{"href":"https:\/\/www.arnaldjoies.com\/es\/wp-json\/wp\/v2\/pages"}],"about":[{"href":"https:\/\/www.arnaldjoies.com\/es\/wp-json\/wp\/v2\/types\/page"}],"author":[{"embeddable":true,"href":"https:\/\/www.arnaldjoies.com\/es\/wp-json\/wp\/v2\/users\/1"}],"replies":[{"embeddable":true,"href":"https:\/\/www.arnaldjoies.com\/es\/wp-json\/wp\/v2\/comments?post=463"}],"version-history":[{"count":48,"href":"https:\/\/www.arnaldjoies.com\/es\/wp-json\/wp\/v2\/pages\/463\/revisions"}],"predecessor-version":[{"id":4264,"href":"https:\/\/www.arnaldjoies.com\/es\/wp-json\/wp\/v2\/pages\/463\/revisions\/4264"}],"wp:attachment":[{"href":"https:\/\/www.arnaldjoies.com\/es\/wp-json\/wp\/v2\/media?parent=463"}],"curies":[{"name":"wp","href":"https:\/\/api.w.org\/{rel}","templated":true}]}}