{"id":490,"date":"2021-05-03T15:38:08","date_gmt":"2021-05-03T13:38:08","guid":{"rendered":"https:\/\/arnaldjoies.com\/?page_id=490"},"modified":"2021-11-26T19:36:38","modified_gmt":"2021-11-26T17:36:38","slug":"alianzas","status":"publish","type":"page","link":"https:\/\/www.arnaldjoies.com\/es\/alianzas\/","title":{"rendered":"Alianzas"},"content":{"rendered":"\n<div class=\"wp-block-group home-img-background full-width content-top\"><div class=\"wp-block-group__inner-container is-layout-flow wp-block-group-is-layout-flow\">\n<div class=\"wp-block-group content-block\"><div class=\"wp-block-group__inner-container is-layout-flow wp-block-group-is-layout-flow\">\n<h1 class=\"has-text-align-center no-margin-top max-width wp-block-heading\">\u00bfOs cas\u00e1is?<\/h1>\n<\/div><\/div>\n\n\n\n<figure class=\"wp-block-image size-large background-image\"><img loading=\"lazy\" decoding=\"async\" width=\"1024\" height=\"684\" src=\"https:\/\/arnaldjoies.com\/wp-content\/uploads\/2021\/09\/Foto-0122-1024x684.jpg\" alt=\"\" class=\"wp-image-701\" srcset=\"https:\/\/www.arnaldjoies.com\/wp-content\/uploads\/2021\/09\/Foto-0122-1024x684.jpg 1024w, https:\/\/www.arnaldjoies.com\/wp-content\/uploads\/2021\/09\/Foto-0122-600x401.jpg 600w, https:\/\/www.arnaldjoies.com\/wp-content\/uploads\/2021\/09\/Foto-0122-300x200.jpg 300w, https:\/\/www.arnaldjoies.com\/wp-content\/uploads\/2021\/09\/Foto-0122-768x513.jpg 768w, https:\/\/www.arnaldjoies.com\/wp-content\/uploads\/2021\/09\/Foto-0122-1536x1025.jpg 1536w, https:\/\/www.arnaldjoies.com\/wp-content\/uploads\/2021\/09\/Foto-0122.jpg 2000w\" sizes=\"auto, (max-width: 1024px) 100vw, 1024px\" \/><\/figure>\n\n\n\n<div class=\"wp-block-group scroll-down bounce padding-sides\"><div class=\"wp-block-group__inner-container is-layout-flow wp-block-group-is-layout-flow\">\n<div class=\"wp-block-image\"><figure class=\"alignright size-large is-resized\"><img loading=\"lazy\" decoding=\"async\" src=\"https:\/\/arnaldjoies.com\/wp-content\/uploads\/2021\/04\/arrowdown.png\" alt=\"\" class=\"wp-image-404\" width=\"26\" height=\"46\"\/><\/figure><\/div>\n<\/div><\/div>\n<\/div><\/div>\n\n\n\n<div style=\"height:77px\" aria-hidden=\"true\" class=\"wp-block-spacer\"><\/div>\n\n\n\n<div class=\"wp-block-columns are-vertically-aligned-center max-width-wide is-layout-flex wp-container-core-columns-is-layout-9d6595d7 wp-block-columns-is-layout-flex\">\n<div class=\"wp-block-column is-vertically-aligned-center is-layout-flow wp-block-column-is-layout-flow\" style=\"flex-basis:75%\">\n<p class=\"has-medium-font-size\">En el momento en que una pareja se pone en contacto con nosotros, empieza un trabajo en equipo que nos lleva a elegir y perfilar todos los detalles que conformar\u00e1n el dise\u00f1o de sus alianzas personalizadas. Las parejas pueden escoger un modelo de nuestra colecci\u00f3n y hacerle las adaptaciones necesarias o pedirnos que dise\u00f1emos sus anillos desde cero. El hecho de que la pareja comparta su historia con nosotros nos ayuda a crear dos anillos \u00fanicos y especiales solo para ellos.<\/p>\n<\/div>\n\n\n\n<div class=\"wp-block-column is-vertically-aligned-center is-layout-flow wp-block-column-is-layout-flow\" style=\"flex-basis:25%\">\n<div class=\"wp-block-image\"><figure class=\"aligncenter size-full\"><img loading=\"lazy\" decoding=\"async\" width=\"500\" height=\"500\" src=\"https:\/\/arnaldjoies.com\/wp-content\/uploads\/2021\/11\/Travessers-fons-blanc-1.jpg\" alt=\"\" class=\"wp-image-3510\" srcset=\"https:\/\/www.arnaldjoies.com\/wp-content\/uploads\/2021\/11\/Travessers-fons-blanc-1.jpg 500w, https:\/\/www.arnaldjoies.com\/wp-content\/uploads\/2021\/11\/Travessers-fons-blanc-1-300x300.jpg 300w, https:\/\/www.arnaldjoies.com\/wp-content\/uploads\/2021\/11\/Travessers-fons-blanc-1-100x100.jpg 100w, https:\/\/www.arnaldjoies.com\/wp-content\/uploads\/2021\/11\/Travessers-fons-blanc-1-150x150.jpg 150w\" sizes=\"auto, (max-width: 500px) 100vw, 500px\" \/><\/figure><\/div>\n<\/div>\n<\/div>\n\n\n\n<div style=\"height:82px\" aria-hidden=\"true\" class=\"wp-block-spacer desktop\"><\/div>\n\n\n\n<div class=\"wp-block-columns is-layout-flex wp-container-core-columns-is-layout-9d6595d7 wp-block-columns-is-layout-flex\">\n<div class=\"wp-block-column is-layout-flow wp-block-column-is-layout-flow\" style=\"flex-basis:100%\">\n<div class=\"wp-block-columns is-layout-flex wp-container-core-columns-is-layout-9d6595d7 wp-block-columns-is-layout-flex\">\n<div class=\"wp-block-column is-layout-flow wp-block-column-is-layout-flow\" style=\"flex-basis:100%\">\n<figure class=\"wp-block-embed is-type-video is-provider-youtube wp-block-embed-youtube wp-embed-aspect-16-9 wp-has-aspect-ratio\"><div class=\"wp-block-embed__wrapper\">\n<iframe loading=\"lazy\" title=\"Viu l&#039;exper\u00ecencia\" width=\"500\" height=\"281\" src=\"https:\/\/www.youtube.com\/embed\/7MqSrwCPLpA?feature=oembed\" frameborder=\"0\" allow=\"accelerometer; autoplay; clipboard-write; encrypted-media; gyroscope; picture-in-picture; web-share\" referrerpolicy=\"strict-origin-when-cross-origin\" allowfullscreen><\/iframe>\n<\/div><\/figure>\n<\/div>\n<\/div>\n<\/div>\n<\/div>\n\n\n\n<div style=\"height:20px\" aria-hidden=\"true\" class=\"wp-block-spacer\"><\/div>\n\n\n\n<div class=\"wp-block-group max-width-wide\"><div class=\"wp-block-group__inner-container is-layout-flow wp-block-group-is-layout-flow\">\n<p class=\"has-medium-font-size\">La mayor\u00eda de parejas que nos encargan sus alianzas participan en su proceso de dise\u00f1o. Pero si quer\u00e9is dar un paso m\u00e1s, os ofrecemos la posibilidad de venir al taller para que, adem\u00e1s, nos ayud\u00e9is a hacerlas con vuestras propias manos. \u00bfOs apunt\u00e1is? Haced clic <a href=\"https:\/\/www.arnaldjoies.com\/es\/taller-de-alianzas\/\" data-type=\"URL\" data-id=\"https:\/\/www.arnaldjoies.com\/es\/taller-de-alianzas\/\">aqu\u00ed <\/a>y os contamos m\u00e1s.<\/p>\n\n\n\n<hr class=\"wp-block-separator\"\/>\n\n\n\n<p>&nbsp;<\/p>\n\n\n\n<div style=\"height:5px\" aria-hidden=\"true\" class=\"wp-block-spacer\"><\/div>\n\n\n\n<p class=\"has-text-align-center button-link\"><a href=\"https:\/\/www.arnaldjoies.com\/es\/contacto\/\" data-type=\"page\">CONTACTO<\/a><\/p>\n<\/div><\/div>\n\n\n\n<div style=\"height:100px\" aria-hidden=\"true\" class=\"wp-block-spacer desktop\"><\/div>\n\n\n\n<div class=\"wp-block-group fullsize-blocks full-width\"><div class=\"wp-block-group__inner-container is-layout-flow wp-block-group-is-layout-flow\">\n<div class=\"wp-block-columns are-vertically-aligned-center full-width is-layout-flex wp-container-core-columns-is-layout-9d6595d7 wp-block-columns-is-layout-flex\">\n<div class=\"wp-block-column is-vertically-aligned-center is-layout-flow wp-block-column-is-layout-flow\">\n<figure class=\"wp-block-image size-full\"><img loading=\"lazy\" decoding=\"async\" width=\"720\" height=\"526\" src=\"https:\/\/arnaldjoies.com\/wp-content\/uploads\/2021\/11\/Aliances-Tara-i-Alex.jpg\" alt=\"\" class=\"wp-image-2222\" srcset=\"https:\/\/www.arnaldjoies.com\/wp-content\/uploads\/2021\/11\/Aliances-Tara-i-Alex.jpg 720w, https:\/\/www.arnaldjoies.com\/wp-content\/uploads\/2021\/11\/Aliances-Tara-i-Alex-600x438.jpg 600w, https:\/\/www.arnaldjoies.com\/wp-content\/uploads\/2021\/11\/Aliances-Tara-i-Alex-300x219.jpg 300w\" sizes=\"auto, (max-width: 720px) 100vw, 720px\" \/><\/figure>\n<\/div>\n\n\n\n<div class=\"wp-block-column is-vertically-aligned-center text-column is-layout-flow wp-block-column-is-layout-flow\">\n<p class=\"has-medium-font-size\">T. y \u00c0. buscaban unas alianzas c\u00f3modas para llevarlas ahora y en 20 a\u00f1os, aunque no fueran iguales entre s\u00ed. Quisieron participar en nuestro Taller de Alianzas, as\u00ed que nos acompa\u00f1aron el d\u00eda que las empezamos a hacer. \u00c0. iba haciendo fotos y v\u00eddeos de todo el proceso, pero lo m\u00e1s emocionante fue saber que se lo estaba enviando todo en directo a sus t\u00edos, que viven a miles de kil\u00f3metros y no podr\u00edan venir a la boda pero les regalaban las alianzas.   As\u00ed pudieron vivir juntos el proceso de creaci\u00f3n de las alianzas en tiempo real. Nos pareci\u00f3 realmente bonito y muy tierno.<\/p>\n\n\n\n<p><\/p>\n<\/div>\n<\/div>\n\n\n\n<div class=\"wp-block-columns are-vertically-aligned-center full-width gray-column is-layout-flex wp-container-core-columns-is-layout-9d6595d7 wp-block-columns-is-layout-flex\">\n<div class=\"wp-block-column is-vertically-aligned-center text-column is-layout-flow wp-block-column-is-layout-flow\">\n<p class=\"has-medium-font-size\">A P. y a M. les gustan los anillos contundentes. Decidieron aprovecharlo para encargarnos unas alianzas en las que los grabados elaborados fueran una parte muy significativa. Nos pidieron si ser\u00eda posible plasmar en los anillos un tatuaje que llevan ambos y que para ellos es muy importante, y as\u00ed lo hicimos. Se trata de un grabado compartido que se ve cuando se ponen los anillos juntos de lado. En el extremo contrario, tambi\u00e9n de forma compartida, grabamos la silueta de la isla de Cerde\u00f1a, un lugar clave en sus vidas. <\/p>\n\n\n\n<p><\/p>\n<\/div>\n\n\n\n<div class=\"wp-block-column is-vertically-aligned-center is-layout-flow wp-block-column-is-layout-flow\">\n<figure class=\"wp-block-image size-full\"><img loading=\"lazy\" decoding=\"async\" width=\"720\" height=\"526\" src=\"https:\/\/arnaldjoies.com\/wp-content\/uploads\/2021\/11\/Marta-i-Pau_-1.jpg\" alt=\"\" class=\"wp-image-2238\" srcset=\"https:\/\/www.arnaldjoies.com\/wp-content\/uploads\/2021\/11\/Marta-i-Pau_-1.jpg 720w, https:\/\/www.arnaldjoies.com\/wp-content\/uploads\/2021\/11\/Marta-i-Pau_-1-600x438.jpg 600w, https:\/\/www.arnaldjoies.com\/wp-content\/uploads\/2021\/11\/Marta-i-Pau_-1-300x219.jpg 300w\" sizes=\"auto, (max-width: 720px) 100vw, 720px\" \/><\/figure>\n<\/div>\n<\/div>\n\n\n\n<div class=\"wp-block-columns are-vertically-aligned-center full-width is-layout-flex wp-container-core-columns-is-layout-9d6595d7 wp-block-columns-is-layout-flex\">\n<div class=\"wp-block-column is-vertically-aligned-center is-layout-flow wp-block-column-is-layout-flow\">\n<figure class=\"wp-block-image size-full\"><img loading=\"lazy\" decoding=\"async\" width=\"720\" height=\"526\" src=\"https:\/\/arnaldjoies.com\/wp-content\/uploads\/2021\/11\/Miriam-i-Yeray.jpg\" alt=\"\" class=\"wp-image-2226\" srcset=\"https:\/\/www.arnaldjoies.com\/wp-content\/uploads\/2021\/11\/Miriam-i-Yeray.jpg 720w, https:\/\/www.arnaldjoies.com\/wp-content\/uploads\/2021\/11\/Miriam-i-Yeray-600x438.jpg 600w, https:\/\/www.arnaldjoies.com\/wp-content\/uploads\/2021\/11\/Miriam-i-Yeray-300x219.jpg 300w\" sizes=\"auto, (max-width: 720px) 100vw, 720px\" \/><\/figure>\n<\/div>\n\n\n\n<div class=\"wp-block-column is-vertically-aligned-center text-column is-layout-flow wp-block-column-is-layout-flow\">\n<p class=\"has-medium-font-size\">M. y Y. se pusieron en contacto con nosotros porque sab\u00edan que hacemos cosas especiales. Ten\u00edan una idea muy clara de lo que quer\u00edan y nos la contaron con pelos y se\u00f1ales. Se trataba de un anillo texturado e irregular sobre el cual ten\u00eda que haber un texto en hebreo que significa \u2018Yo soy de mi amado y mi amado es m\u00edo\u2019.\nFue una de esas propuestas que nos hacen dar muchas vueltas a la mejor forma de ejecutarla antes de ponernos con los anillos definitivos. Para conseguir las texturas y los acabados que quer\u00edan M. y Y, tuvimos que hacer varias pruebas, pero cuando las tuvimos, \u00a1fue un gustazo empezar a hacer los anillos con ellos en el Taller de Alianzas!\n <\/p>\n\n\n\n<p><\/p>\n<\/div>\n<\/div>\n<\/div><\/div>\n\n\n\n<div style=\"height:100px\" aria-hidden=\"true\" class=\"wp-block-spacer desktop\"><\/div>\n\n\n\n<div class=\"wp-block-group max-width-wide\"><div class=\"wp-block-group__inner-container is-layout-flow wp-block-group-is-layout-flow\">\n<p class=\"has-text-align-center has-medium-font-size\">\u00bfQuer\u00e9is poneros manos a la obra con vuestras alianzas? Sabemos que encontrar los anillos perfectos para proclamar vuestro amor a los cuatro vientos no es tarea f\u00e1cil. En Arnald Joies os ayudaremos a elegir y dise\u00f1ar las alianzas que mejor cuenten vuestra historia. Como hab\u00e9is le\u00eddo m\u00e1s arriba, tenemos mucha experiencia creando la joya \u00fanica para ese d\u00eda tan especial\u2026 y para toda la vida. As\u00ed que estaremos encantados de escuchar vuestra historia y plasmarla en unas alianzas personalizadas y eternas.<\/p>\n\n\n\n<div style=\"height:5px\" aria-hidden=\"true\" class=\"wp-block-spacer\"><\/div>\n\n\n\n<p class=\"has-text-align-center button-link\"><a href=\"https:\/\/www.arnaldjoies.com\/es\/contacto\/\" data-type=\"page\">CONTACTO<\/a><\/p>\n<\/div><\/div>\n\n\n\n<div style=\"height:100px\" aria-hidden=\"true\" class=\"wp-block-spacer desktop\"><\/div>\n\n\n\n<div class=\"wp-block-group fullsize-blocks full-width\"><div class=\"wp-block-group__inner-container is-layout-flow wp-block-group-is-layout-flow\">\n<div class=\"wp-block-columns are-vertically-aligned-center full-width is-layout-flex wp-container-core-columns-is-layout-9d6595d7 wp-block-columns-is-layout-flex\">\n<div class=\"wp-block-column is-vertically-aligned-center is-layout-flow wp-block-column-is-layout-flow\">\n<figure class=\"wp-block-image size-full\"><img loading=\"lazy\" decoding=\"async\" width=\"720\" height=\"526\" src=\"https:\/\/arnaldjoies.com\/wp-content\/uploads\/2021\/11\/Ari-i-Gori.jpg\" alt=\"\" class=\"wp-image-2228\" srcset=\"https:\/\/www.arnaldjoies.com\/wp-content\/uploads\/2021\/11\/Ari-i-Gori.jpg 720w, https:\/\/www.arnaldjoies.com\/wp-content\/uploads\/2021\/11\/Ari-i-Gori-600x438.jpg 600w, https:\/\/www.arnaldjoies.com\/wp-content\/uploads\/2021\/11\/Ari-i-Gori-300x219.jpg 300w\" sizes=\"auto, (max-width: 720px) 100vw, 720px\" \/><\/figure>\n<\/div>\n\n\n\n<div class=\"wp-block-column is-vertically-aligned-center text-column is-layout-flow wp-block-column-is-layout-flow\">\n<p class=\"has-medium-font-size\">El abuelo de G. fue joyero y, un d\u00eda, rebuscando entre sus cosas, G y A. encontraron unos bocetos que les dieron una idea: se trataba de unas cenefas dibujadas que habr\u00edan sido ideas para decorar alg\u00fan dise\u00f1o. Nos pidieron si pod\u00edamos implementar aquellos dibujos del abuelo en el dise\u00f1o de sus alianzas. Y dicho y hecho. Fue un placer adaptar todos los detalles para que las alianzas llevaran, para siempre, aquellos bocetos tan especiales.<\/p>\n\n\n\n<p><\/p>\n<\/div>\n<\/div>\n\n\n\n<div class=\"wp-block-columns are-vertically-aligned-center full-width is-layout-flex wp-container-core-columns-is-layout-9d6595d7 wp-block-columns-is-layout-flex\">\n<div class=\"wp-block-column is-vertically-aligned-center text-column is-layout-flow wp-block-column-is-layout-flow\">\n<p class=\"has-medium-font-size\">M. y C. buscaban unas alianzas \u00fanicas y especiales. Son amantes de las motos y de los motivos celtas, y quer\u00edan que, de alg\u00fan modo, esto se viera reflejado en sus anillos. As\u00ed pues, despu\u00e9s de dar algunas vueltas al dise\u00f1o y de hacer varias propuestas, escogimos una combinaci\u00f3n de oro blanco y un contundente hilo trenzado de oro rosa. Hay que decir que, especialmente el anillo de \u00e9l, de tama\u00f1o XXL, no pasa desapercibido. Para hacerlo m\u00e1s especial, M. y C. vinieron a hacer el Taller de Alianzas para poder ver y participar desde el principio en el proceso de creaci\u00f3n de sus anillos de boda.<\/p>\n\n\n\n<p><\/p>\n<\/div>\n\n\n\n<div class=\"wp-block-column is-vertically-aligned-center is-layout-flow wp-block-column-is-layout-flow\">\n<figure class=\"wp-block-image size-full\"><img loading=\"lazy\" decoding=\"async\" width=\"720\" height=\"526\" src=\"https:\/\/arnaldjoies.com\/wp-content\/uploads\/2021\/11\/Carlos-i-Miriam_-1.jpg\" alt=\"\" class=\"wp-image-2234\" srcset=\"https:\/\/www.arnaldjoies.com\/wp-content\/uploads\/2021\/11\/Carlos-i-Miriam_-1.jpg 720w, https:\/\/www.arnaldjoies.com\/wp-content\/uploads\/2021\/11\/Carlos-i-Miriam_-1-600x438.jpg 600w, https:\/\/www.arnaldjoies.com\/wp-content\/uploads\/2021\/11\/Carlos-i-Miriam_-1-300x219.jpg 300w\" sizes=\"auto, (max-width: 720px) 100vw, 720px\" \/><\/figure>\n<\/div>\n<\/div>\n<\/div><\/div>\n\n\n\n<div style=\"height:52px\" aria-hidden=\"true\" class=\"wp-block-spacer\"><\/div>\n\n\n\n<div class=\"wp-block-group max-width-wide\"><div class=\"wp-block-group__inner-container is-layout-flow wp-block-group-is-layout-flow\">\n<p class=\"has-text-align-center has-medium-font-size\">\u00bfOs han gustado estas historias? Por nuestro taller han pasado muchas parejas que han encontrado los anillos perfectos para ellos. \u00bfEmpezamos con los vuestros?<\/p>\n\n\n\n<div style=\"height:16px\" aria-hidden=\"true\" class=\"wp-block-spacer\"><\/div>\n\n\n\n<p class=\"has-text-align-center button-link\"><a href=\"https:\/\/www.arnaldjoies.com\/es\/alianzas-2\/\" data-type=\"page\">UN POCO M\u00c1S DONDE INSPIRARTE<\/a><\/p>\n<\/div><\/div>\n\n\n\n<div style=\"height:33px\" aria-hidden=\"true\" class=\"wp-block-spacer\"><\/div>\n\n\n\n<p><\/p>\n","protected":false},"excerpt":{"rendered":"<p>\u00bfOs cas\u00e1is? En el momento en que una pareja se pone en contacto con nosotros, empieza [&hellip;]<\/p>\n","protected":false},"author":1,"featured_media":0,"parent":0,"menu_order":0,"comment_status":"closed","ping_status":"closed","template":"template-headerinverted.php","meta":{"_acf_changed":false,"footnotes":""},"class_list":["post-490","page","type-page","status-publish","hentry"],"acf":[],"_links":{"self":[{"href":"https:\/\/www.arnaldjoies.com\/es\/wp-json\/wp\/v2\/pages\/490","targetHints":{"allow":["GET"]}}],"collection":[{"href":"https:\/\/www.arnaldjoies.com\/es\/wp-json\/wp\/v2\/pages"}],"about":[{"href":"https:\/\/www.arnaldjoies.com\/es\/wp-json\/wp\/v2\/types\/page"}],"author":[{"embeddable":true,"href":"https:\/\/www.arnaldjoies.com\/es\/wp-json\/wp\/v2\/users\/1"}],"replies":[{"embeddable":true,"href":"https:\/\/www.arnaldjoies.com\/es\/wp-json\/wp\/v2\/comments?post=490"}],"version-history":[{"count":77,"href":"https:\/\/www.arnaldjoies.com\/es\/wp-json\/wp\/v2\/pages\/490\/revisions"}],"predecessor-version":[{"id":4114,"href":"https:\/\/www.arnaldjoies.com\/es\/wp-json\/wp\/v2\/pages\/490\/revisions\/4114"}],"wp:attachment":[{"href":"https:\/\/www.arnaldjoies.com\/es\/wp-json\/wp\/v2\/media?parent=490"}],"curies":[{"name":"wp","href":"https:\/\/api.w.org\/{rel}","templated":true}]}}