{"id":522,"date":"2021-05-03T16:05:56","date_gmt":"2021-05-03T14:05:56","guid":{"rendered":"https:\/\/arnaldjoies.com\/botiga\/"},"modified":"2022-05-09T08:55:38","modified_gmt":"2022-05-09T06:55:38","slug":"tienda","status":"publish","type":"page","link":"https:\/\/www.arnaldjoies.com\/es\/tienda\/","title":{"rendered":"Tienda"},"content":{"rendered":"\n<h1 class=\"has-text-align-center wp-block-heading\">Tienda<\/h1>\n\n\n\n<p class=\"has-text-align-center info-botiga has-medium-font-size\">Aqu\u00ed encontrar\u00e1s una selecci\u00f3n de las joyas que tenemos disponibles. Puedes utilizar los filtros para afinar tu b\u00fasqueda. Esperamos que encuentres lo que andas buscando, pero, si no es as\u00ed, ponte en contacto con nosotros y crearemos, para ti, una joya personalizada que se adapte a lo que necesitas.<\/p>\n\n\n\n<p class=\"has-text-align-center mes-info has-small-font-size\">M\u00e1s informaci\u00f3n<\/p>\n\n\n\n<div style=\"height:50px\" aria-hidden=\"true\" class=\"wp-block-spacer desktop\"><\/div>\n\n\n\n<div style=\"height:25px\" aria-hidden=\"true\" class=\"wp-block-spacer mobile\"><\/div>\n\n\n<div class=\"max-width-wide shop-page-wrapper\">\n\n    <div class=\"wp-block-columns categorias-colecciones\">\n        <div class=\"wp-block-column flex-grow\">\n            <div class=\"desktop\">\n    <div class=\"categories-list\"><a href=https:\/\/www.arnaldjoies.com\/es\/categoria-producte\/anillos\/ class=\"product-category\">Anillos<\/a><a href=https:\/\/www.arnaldjoies.com\/es\/categoria-producte\/pendientes\/ class=\"product-category\">Pendientes<\/a><a href=https:\/\/www.arnaldjoies.com\/es\/categoria-producte\/pulseras\/ class=\"product-category\">Pulseras<\/a><a href=https:\/\/www.arnaldjoies.com\/es\/categoria-producte\/collares\/ class=\"product-category\">Collares<\/a><a href=https:\/\/www.arnaldjoies.com\/es\/categoria-producte\/colgantes\/ class=\"product-category\">Colgantes<\/a><a href=https:\/\/www.arnaldjoies.com\/es\/categoria-producte\/gemelos\/ class=\"product-category\">Gemelos<\/a><a href=https:\/\/www.arnaldjoies.com\/es\/categoria-producte\/tarjeta-regalo\/ class=\"product-category\">Tarjeta regalo<\/a><\/div><\/div>\n\n\n<div class=\"mobile colecciones-dropdown\">\n    <div class=\"language dropdown chevron bottom\"><div class=\"dropbtn\">Categor\u00edas<\/div><div class=\"dropdown-content\"><a class=\"current\" href=\"https:\/\/www.arnaldjoies.com\/es\/categoria-producte\/anillos\/\">Anillos<\/a><a class=\"current\" href=\"https:\/\/www.arnaldjoies.com\/es\/categoria-producte\/pendientes\/\">Pendientes<\/a><a class=\"current\" href=\"https:\/\/www.arnaldjoies.com\/es\/categoria-producte\/pulseras\/\">Pulseras<\/a><a class=\"current\" href=\"https:\/\/www.arnaldjoies.com\/es\/categoria-producte\/collares\/\">Collares<\/a><a class=\"current\" href=\"https:\/\/www.arnaldjoies.com\/es\/categoria-producte\/colgantes\/\">Colgantes<\/a><a class=\"current\" href=\"https:\/\/www.arnaldjoies.com\/es\/categoria-producte\/gemelos\/\">Gemelos<\/a><a class=\"current\" href=\"https:\/\/www.arnaldjoies.com\/es\/categoria-producte\/tarjeta-regalo\/\">Tarjeta regalo<\/a><\/div><\/div><\/div>\n\n        <\/div>\n        <div class=\"wp-block-column colecciones-dropdown\">\n            <div class=\"language dropdown chevron bottom\"><div class=\"dropbtn\">Colecciones<\/div><div class=\"dropdown-content\"><a class=\"current\" href=\"https:\/\/www.arnaldjoies.com\/es\/colecciones\/nom-colleccio\/\">Travessers<\/a><a class=\"current\" href=\"https:\/\/www.arnaldjoies.com\/es\/colecciones\/cercles-tangents\/\">Cercles tangents<\/a><a class=\"current\" href=\"https:\/\/www.arnaldjoies.com\/es\/colecciones\/trevols\/\">Tr\u00e8vols<\/a><a class=\"current\" href=\"https:\/\/www.arnaldjoies.com\/es\/colecciones\/anillos-de-compromiso\/\">Anillos de compromiso<\/a><a class=\"current\" href=\"https:\/\/www.arnaldjoies.com\/es\/colecciones\/alphabetum\/\">Alphabetum<\/a><a class=\"current\" href=\"https:\/\/www.arnaldjoies.com\/es\/colecciones\/lux\/\">Lux<\/a><a class=\"current\" href=\"https:\/\/www.arnaldjoies.com\/es\/colecciones\/signum\/\">Signum<\/a><a class=\"current\" href=\"https:\/\/www.arnaldjoies.com\/es\/colecciones\/ziga-zaga\/\">Ziga-zaga<\/a><a class=\"current\" href=\"https:\/\/www.arnaldjoies.com\/es\/colecciones\/senders\/\">Senders<\/a><\/div><\/div>        <\/div>\n    <\/div>\n\n    <div class=\"wp-block-group\">\n        <div class=\"content\">\n            <h3 class=\"destacada-title\">Joyas destacadas<\/h2>            <div class=\"products-list-wrapper\">\n    <div class=\"products-list wp-block-columns\"><div class=\"wp-block-column\"><div class=\"product-wrapper\"><a class=\"product-link\" href=\"https:\/\/www.arnaldjoies.com\/es\/producte\/anillo-sello-de-plata-ovalado-signum-19-x-16-mm-retrato\/\"><div class=\"wp-block-image\"><img loading=\"lazy\" decoding=\"async\" width=\"1200\" height=\"1200\" src=\"https:\/\/www.arnaldjoies.com\/wp-content\/uploads\/2021\/10\/D905108.JPG.jpg\" class=\"attachment-full size-full\" alt=\"Anillo sello de plata ovalado | Signum | 19 x 16 mm\" srcset=\"https:\/\/www.arnaldjoies.com\/wp-content\/uploads\/2021\/10\/D905108.JPG.jpg 1200w, https:\/\/www.arnaldjoies.com\/wp-content\/uploads\/2021\/10\/D905108.JPG-300x300.jpg 300w, https:\/\/www.arnaldjoies.com\/wp-content\/uploads\/2021\/10\/D905108.JPG-100x100.jpg 100w, https:\/\/www.arnaldjoies.com\/wp-content\/uploads\/2021\/10\/D905108.JPG-600x600.jpg 600w, https:\/\/www.arnaldjoies.com\/wp-content\/uploads\/2021\/10\/D905108.JPG-1024x1024.jpg 1024w, https:\/\/www.arnaldjoies.com\/wp-content\/uploads\/2021\/10\/D905108.JPG-150x150.jpg 150w, https:\/\/www.arnaldjoies.com\/wp-content\/uploads\/2021\/10\/D905108.JPG-768x768.jpg 768w\" sizes=\"auto, (max-width: 1200px) 100vw, 1200px\" \/><\/div><div class=\"wp-block-group\"><p class=\"product-title line-bottom\">Anillo sello de plata ovalado | Signum | 19 x 16 mm | RETRATO<\/p><p class=\"product-price\"><span class=\"woocommerce-Price-amount amount\"><bdi>390,00<span class=\"woocommerce-Price-currencySymbol\">&euro;<\/span><\/bdi><\/span><\/p><\/div><\/a><\/div><\/div><div class=\"wp-block-column\"><div class=\"product-wrapper\"><a class=\"product-link\" href=\"https:\/\/www.arnaldjoies.com\/es\/producte\/anillo-sello-de-plata-ovalado-signum-19-x-16-mm-iniciales\/\"><div class=\"wp-block-image\"><img loading=\"lazy\" decoding=\"async\" width=\"1200\" height=\"1200\" src=\"https:\/\/www.arnaldjoies.com\/wp-content\/uploads\/2021\/10\/D905136.JPG.jpg\" class=\"attachment-full size-full\" alt=\"\" srcset=\"https:\/\/www.arnaldjoies.com\/wp-content\/uploads\/2021\/10\/D905136.JPG.jpg 1200w, https:\/\/www.arnaldjoies.com\/wp-content\/uploads\/2021\/10\/D905136.JPG-300x300.jpg 300w, https:\/\/www.arnaldjoies.com\/wp-content\/uploads\/2021\/10\/D905136.JPG-100x100.jpg 100w, https:\/\/www.arnaldjoies.com\/wp-content\/uploads\/2021\/10\/D905136.JPG-600x600.jpg 600w, https:\/\/www.arnaldjoies.com\/wp-content\/uploads\/2021\/10\/D905136.JPG-1024x1024.jpg 1024w, https:\/\/www.arnaldjoies.com\/wp-content\/uploads\/2021\/10\/D905136.JPG-150x150.jpg 150w, https:\/\/www.arnaldjoies.com\/wp-content\/uploads\/2021\/10\/D905136.JPG-768x768.jpg 768w\" sizes=\"auto, (max-width: 1200px) 100vw, 1200px\" \/><\/div><div class=\"wp-block-group\"><p class=\"product-title line-bottom\">Anillo sello de plata ovalado | Signum | 19 x 16 mm | INICIALES<\/p><p class=\"product-price\"><span class=\"woocommerce-Price-amount amount\"><bdi>240,00<span class=\"woocommerce-Price-currencySymbol\">&euro;<\/span><\/bdi><\/span><\/p><\/div><\/a><\/div><\/div><div class=\"wp-block-column\"><div class=\"product-wrapper\"><a class=\"product-link\" href=\"https:\/\/www.arnaldjoies.com\/es\/producte\/anillo-sello-de-plata-ovalado-signum-19-x-16-mm-sin-grabado\/\"><div class=\"wp-block-image\"><img loading=\"lazy\" decoding=\"async\" width=\"1200\" height=\"1200\" src=\"https:\/\/www.arnaldjoies.com\/wp-content\/uploads\/2021\/10\/D904489.JPG.jpg\" class=\"attachment-full size-full\" alt=\"\" srcset=\"https:\/\/www.arnaldjoies.com\/wp-content\/uploads\/2021\/10\/D904489.JPG.jpg 1200w, https:\/\/www.arnaldjoies.com\/wp-content\/uploads\/2021\/10\/D904489.JPG-300x300.jpg 300w, https:\/\/www.arnaldjoies.com\/wp-content\/uploads\/2021\/10\/D904489.JPG-100x100.jpg 100w, https:\/\/www.arnaldjoies.com\/wp-content\/uploads\/2021\/10\/D904489.JPG-600x600.jpg 600w, https:\/\/www.arnaldjoies.com\/wp-content\/uploads\/2021\/10\/D904489.JPG-1024x1024.jpg 1024w, https:\/\/www.arnaldjoies.com\/wp-content\/uploads\/2021\/10\/D904489.JPG-150x150.jpg 150w, https:\/\/www.arnaldjoies.com\/wp-content\/uploads\/2021\/10\/D904489.JPG-768x768.jpg 768w\" sizes=\"auto, (max-width: 1200px) 100vw, 1200px\" \/><\/div><div class=\"wp-block-group\"><p class=\"product-title line-bottom\">Anillo sello de plata ovalado | Signum | 19 x 16 mm | SIN GRABADO<\/p><p class=\"product-price\"><span class=\"woocommerce-Price-amount amount\"><bdi>160,00<span class=\"woocommerce-Price-currencySymbol\">&euro;<\/span><\/bdi><\/span><\/p><\/div><\/a><\/div><\/div><\/div><div class=\"products-list wp-block-columns\"><div class=\"wp-block-column\"><div class=\"product-wrapper\"><a class=\"product-link\" href=\"https:\/\/www.arnaldjoies.com\/es\/producte\/colgante-lux-p-topacio-azul-baby-swiss\/\"><div class=\"wp-block-image\"><img loading=\"lazy\" decoding=\"async\" width=\"1200\" height=\"1200\" src=\"https:\/\/www.arnaldjoies.com\/wp-content\/uploads\/2021\/10\/D906628.jpg\" class=\"attachment-full size-full\" alt=\"Colgante plata y topacio azul swiss | Lux | 5 mm di\u00e1metro\" srcset=\"https:\/\/www.arnaldjoies.com\/wp-content\/uploads\/2021\/10\/D906628.jpg 1200w, https:\/\/www.arnaldjoies.com\/wp-content\/uploads\/2021\/10\/D906628-300x300.jpg 300w, https:\/\/www.arnaldjoies.com\/wp-content\/uploads\/2021\/10\/D906628-100x100.jpg 100w, https:\/\/www.arnaldjoies.com\/wp-content\/uploads\/2021\/10\/D906628-600x600.jpg 600w, https:\/\/www.arnaldjoies.com\/wp-content\/uploads\/2021\/10\/D906628-1024x1024.jpg 1024w, https:\/\/www.arnaldjoies.com\/wp-content\/uploads\/2021\/10\/D906628-150x150.jpg 150w, https:\/\/www.arnaldjoies.com\/wp-content\/uploads\/2021\/10\/D906628-768x768.jpg 768w\" sizes=\"auto, (max-width: 1200px) 100vw, 1200px\" \/><\/div><div class=\"wp-block-group\"><p class=\"product-title line-bottom\">Colgante plata y topacio azul swiss | Lux | 5 mm di\u00e1metro<\/p><p class=\"product-price\"><span class=\"woocommerce-Price-amount amount\"><bdi>147,00<span class=\"woocommerce-Price-currencySymbol\">&euro;<\/span><\/bdi><\/span><\/p><\/div><\/a><\/div><\/div><div class=\"wp-block-column\"><div class=\"product-wrapper\"><a class=\"product-link\" href=\"https:\/\/www.arnaldjoies.com\/es\/producte\/anillo-cercles-tangents-de-plata\/\"><div class=\"wp-block-image\"><img loading=\"lazy\" decoding=\"async\" width=\"1200\" height=\"1200\" src=\"https:\/\/www.arnaldjoies.com\/wp-content\/uploads\/2021\/10\/D904396.JPG.jpg\" class=\"attachment-full size-full\" alt=\"Anillo plata | Cercles Tangents | 13-15 mm ancho\" srcset=\"https:\/\/www.arnaldjoies.com\/wp-content\/uploads\/2021\/10\/D904396.JPG.jpg 1200w, https:\/\/www.arnaldjoies.com\/wp-content\/uploads\/2021\/10\/D904396.JPG-300x300.jpg 300w, https:\/\/www.arnaldjoies.com\/wp-content\/uploads\/2021\/10\/D904396.JPG-100x100.jpg 100w, https:\/\/www.arnaldjoies.com\/wp-content\/uploads\/2021\/10\/D904396.JPG-600x600.jpg 600w, https:\/\/www.arnaldjoies.com\/wp-content\/uploads\/2021\/10\/D904396.JPG-1024x1024.jpg 1024w, https:\/\/www.arnaldjoies.com\/wp-content\/uploads\/2021\/10\/D904396.JPG-150x150.jpg 150w, https:\/\/www.arnaldjoies.com\/wp-content\/uploads\/2021\/10\/D904396.JPG-768x768.jpg 768w\" sizes=\"auto, (max-width: 1200px) 100vw, 1200px\" \/><\/div><div class=\"wp-block-group\"><p class=\"product-title line-bottom\">Anillo plata | Cercles Tangents | 13-15 mm ancho<\/p><p class=\"product-price\"><span class=\"woocommerce-Price-amount amount\"><bdi>176,00<span class=\"woocommerce-Price-currencySymbol\">&euro;<\/span><\/bdi><\/span><\/p><\/div><\/a><\/div><\/div><div class=\"wp-block-column\"><div class=\"product-wrapper\"><a class=\"product-link\" href=\"https:\/\/www.arnaldjoies.com\/es\/producte\/colgante-cercles-tangents-de-oro\/\"><div class=\"wp-block-image\"><img loading=\"lazy\" decoding=\"async\" width=\"1200\" height=\"1200\" src=\"https:\/\/www.arnaldjoies.com\/wp-content\/uploads\/2021\/09\/D904431.JPG.jpg\" class=\"attachment-full size-full\" alt=\"Colgante oro | Cercles Tangents | 32 mm de longitud\" srcset=\"https:\/\/www.arnaldjoies.com\/wp-content\/uploads\/2021\/09\/D904431.JPG.jpg 1200w, https:\/\/www.arnaldjoies.com\/wp-content\/uploads\/2021\/09\/D904431.JPG-300x300.jpg 300w, https:\/\/www.arnaldjoies.com\/wp-content\/uploads\/2021\/09\/D904431.JPG-100x100.jpg 100w, https:\/\/www.arnaldjoies.com\/wp-content\/uploads\/2021\/09\/D904431.JPG-600x600.jpg 600w, https:\/\/www.arnaldjoies.com\/wp-content\/uploads\/2021\/09\/D904431.JPG-1024x1024.jpg 1024w, https:\/\/www.arnaldjoies.com\/wp-content\/uploads\/2021\/09\/D904431.JPG-150x150.jpg 150w, https:\/\/www.arnaldjoies.com\/wp-content\/uploads\/2021\/09\/D904431.JPG-768x768.jpg 768w\" sizes=\"auto, (max-width: 1200px) 100vw, 1200px\" \/><\/div><div class=\"wp-block-group\"><p class=\"product-title line-bottom\">Colgante oro | Cercles Tangents | 32 mm de longitud<\/p><p class=\"product-price\"><span class=\"woocommerce-Price-amount amount\"><bdi>640,00<span class=\"woocommerce-Price-currencySymbol\">&euro;<\/span><\/bdi><\/span><\/p><\/div><\/a><\/div><\/div><\/div><div class=\"products-list wp-block-columns\"><div class=\"wp-block-column\"><div class=\"product-wrapper\"><a class=\"product-link\" href=\"https:\/\/www.arnaldjoies.com\/es\/producte\/colgante-largo-ziga-zaga\/\"><div class=\"wp-block-image\"><img loading=\"lazy\" decoding=\"async\" width=\"1200\" height=\"1200\" src=\"https:\/\/www.arnaldjoies.com\/wp-content\/uploads\/2021\/09\/D904363.JPG.jpg\" class=\"attachment-full size-full\" alt=\"Colgante de plata | Ziga-Zaga | 12 x 29 mm\" srcset=\"https:\/\/www.arnaldjoies.com\/wp-content\/uploads\/2021\/09\/D904363.JPG.jpg 1200w, https:\/\/www.arnaldjoies.com\/wp-content\/uploads\/2021\/09\/D904363.JPG-300x300.jpg 300w, https:\/\/www.arnaldjoies.com\/wp-content\/uploads\/2021\/09\/D904363.JPG-100x100.jpg 100w, https:\/\/www.arnaldjoies.com\/wp-content\/uploads\/2021\/09\/D904363.JPG-600x600.jpg 600w, https:\/\/www.arnaldjoies.com\/wp-content\/uploads\/2021\/09\/D904363.JPG-1024x1024.jpg 1024w, https:\/\/www.arnaldjoies.com\/wp-content\/uploads\/2021\/09\/D904363.JPG-150x150.jpg 150w, https:\/\/www.arnaldjoies.com\/wp-content\/uploads\/2021\/09\/D904363.JPG-768x768.jpg 768w\" sizes=\"auto, (max-width: 1200px) 100vw, 1200px\" \/><\/div><div class=\"wp-block-group\"><p class=\"product-title line-bottom\">Colgante de plata | Ziga-Zaga | 12 x 29 mm<\/p><p class=\"product-price\"><span class=\"woocommerce-Price-amount amount\"><bdi>117,00<span class=\"woocommerce-Price-currencySymbol\">&euro;<\/span><\/bdi><\/span><\/p><\/div><\/a><\/div><\/div><div class=\"wp-block-column\"><div class=\"product-wrapper\"><a class=\"product-link\" href=\"https:\/\/www.arnaldjoies.com\/es\/producte\/anillo-ziga-zaga-m\/\"><div class=\"wp-block-image\"><img loading=\"lazy\" decoding=\"async\" width=\"1200\" height=\"1200\" src=\"https:\/\/www.arnaldjoies.com\/wp-content\/uploads\/2021\/09\/D904340.JPG.jpg\" class=\"attachment-full size-full\" alt=\"Anillo de plata | Ziga-Zaga | 8 mm ancho\" srcset=\"https:\/\/www.arnaldjoies.com\/wp-content\/uploads\/2021\/09\/D904340.JPG.jpg 1200w, https:\/\/www.arnaldjoies.com\/wp-content\/uploads\/2021\/09\/D904340.JPG-300x300.jpg 300w, https:\/\/www.arnaldjoies.com\/wp-content\/uploads\/2021\/09\/D904340.JPG-100x100.jpg 100w, https:\/\/www.arnaldjoies.com\/wp-content\/uploads\/2021\/09\/D904340.JPG-600x600.jpg 600w, https:\/\/www.arnaldjoies.com\/wp-content\/uploads\/2021\/09\/D904340.JPG-1024x1024.jpg 1024w, https:\/\/www.arnaldjoies.com\/wp-content\/uploads\/2021\/09\/D904340.JPG-150x150.jpg 150w, https:\/\/www.arnaldjoies.com\/wp-content\/uploads\/2021\/09\/D904340.JPG-768x768.jpg 768w\" sizes=\"auto, (max-width: 1200px) 100vw, 1200px\" \/><\/div><div class=\"wp-block-group\"><p class=\"product-title line-bottom\">Anillo de plata | Ziga-Zaga | 8 mm ancho<\/p><p class=\"product-price\"><span class=\"woocommerce-Price-amount amount\"><bdi>147,00<span class=\"woocommerce-Price-currencySymbol\">&euro;<\/span><\/bdi><\/span><\/p><\/div><\/a><\/div><\/div><div class=\"wp-block-column\"><div class=\"product-wrapper\"><a class=\"product-link\" href=\"https:\/\/www.arnaldjoies.com\/es\/producte\/alianzas-trevols\/\"><div class=\"wp-block-image\"><img loading=\"lazy\" decoding=\"async\" width=\"1200\" height=\"1200\" src=\"https:\/\/www.arnaldjoies.com\/wp-content\/uploads\/2021\/09\/D904807.JPG.jpg\" class=\"attachment-full size-full\" alt=\"Anillo plata keum boo estrecho | Tr\u00e8vols | 3-4 mm ancho\" srcset=\"https:\/\/www.arnaldjoies.com\/wp-content\/uploads\/2021\/09\/D904807.JPG.jpg 1200w, https:\/\/www.arnaldjoies.com\/wp-content\/uploads\/2021\/09\/D904807.JPG-300x300.jpg 300w, https:\/\/www.arnaldjoies.com\/wp-content\/uploads\/2021\/09\/D904807.JPG-100x100.jpg 100w, https:\/\/www.arnaldjoies.com\/wp-content\/uploads\/2021\/09\/D904807.JPG-600x600.jpg 600w, https:\/\/www.arnaldjoies.com\/wp-content\/uploads\/2021\/09\/D904807.JPG-1024x1024.jpg 1024w, https:\/\/www.arnaldjoies.com\/wp-content\/uploads\/2021\/09\/D904807.JPG-150x150.jpg 150w, https:\/\/www.arnaldjoies.com\/wp-content\/uploads\/2021\/09\/D904807.JPG-768x768.jpg 768w\" sizes=\"auto, (max-width: 1200px) 100vw, 1200px\" \/><\/div><div class=\"wp-block-group\"><p class=\"product-title line-bottom\">Anillo plata keum boo estrecho | Tr\u00e8vols | 3-4 mm ancho<\/p><p class=\"product-price\"><span class=\"woocommerce-Price-amount amount\"><bdi>140,00<span class=\"woocommerce-Price-currencySymbol\">&euro;<\/span><\/bdi><\/span><\/p><\/div><\/a><\/div><\/div><\/div><div class=\"products-list wp-block-columns\"><div class=\"wp-block-column\"><div class=\"product-wrapper\"><a class=\"product-link\" href=\"https:\/\/www.arnaldjoies.com\/es\/producte\/cadena-travessers-p-de-plata\/\"><div class=\"wp-block-image\"><img loading=\"lazy\" decoding=\"async\" width=\"1200\" height=\"1200\" src=\"https:\/\/www.arnaldjoies.com\/wp-content\/uploads\/2021\/05\/D904298-1.jpg\" class=\"attachment-full size-full\" alt=\"Cadena Plata | Travessers | 50 cm de largo\" srcset=\"https:\/\/www.arnaldjoies.com\/wp-content\/uploads\/2021\/05\/D904298-1.jpg 1200w, https:\/\/www.arnaldjoies.com\/wp-content\/uploads\/2021\/05\/D904298-1-300x300.jpg 300w, https:\/\/www.arnaldjoies.com\/wp-content\/uploads\/2021\/05\/D904298-1-100x100.jpg 100w, https:\/\/www.arnaldjoies.com\/wp-content\/uploads\/2021\/05\/D904298-1-600x600.jpg 600w, https:\/\/www.arnaldjoies.com\/wp-content\/uploads\/2021\/05\/D904298-1-1024x1024.jpg 1024w, https:\/\/www.arnaldjoies.com\/wp-content\/uploads\/2021\/05\/D904298-1-150x150.jpg 150w, https:\/\/www.arnaldjoies.com\/wp-content\/uploads\/2021\/05\/D904298-1-768x768.jpg 768w\" sizes=\"auto, (max-width: 1200px) 100vw, 1200px\" \/><\/div><div class=\"wp-block-group\"><p class=\"product-title line-bottom\">Cadena Plata | Travessers | 50 cm de largo<\/p><p class=\"product-price\"><span class=\"woocommerce-Price-amount amount\"><bdi>725,00<span class=\"woocommerce-Price-currencySymbol\">&euro;<\/span><\/bdi><\/span><\/p><\/div><\/a><\/div><\/div><div class=\"wp-block-column\"><\/div><div class=\"wp-block-column\"><\/div><\/div><\/div>\n\n        <\/div>\n    <\/div>\n<\/div>\n\n<\/div>\n","protected":false},"excerpt":{"rendered":"<p>Tienda Aqu\u00ed encontrar\u00e1s una selecci\u00f3n de las joyas que tenemos disponibles. Puedes utilizar los filtros para [&hellip;]<\/p>\n","protected":false},"author":1,"featured_media":0,"parent":0,"menu_order":0,"comment_status":"closed","ping_status":"closed","template":"","meta":{"_acf_changed":false,"footnotes":""},"class_list":["post-522","page","type-page","status-publish","hentry"],"acf":[],"_links":{"self":[{"href":"https:\/\/www.arnaldjoies.com\/es\/wp-json\/wp\/v2\/pages\/522","targetHints":{"allow":["GET"]}}],"collection":[{"href":"https:\/\/www.arnaldjoies.com\/es\/wp-json\/wp\/v2\/pages"}],"about":[{"href":"https:\/\/www.arnaldjoies.com\/es\/wp-json\/wp\/v2\/types\/page"}],"author":[{"embeddable":true,"href":"https:\/\/www.arnaldjoies.com\/es\/wp-json\/wp\/v2\/users\/1"}],"replies":[{"embeddable":true,"href":"https:\/\/www.arnaldjoies.com\/es\/wp-json\/wp\/v2\/comments?post=522"}],"version-history":[{"count":8,"href":"https:\/\/www.arnaldjoies.com\/es\/wp-json\/wp\/v2\/pages\/522\/revisions"}],"predecessor-version":[{"id":4496,"href":"https:\/\/www.arnaldjoies.com\/es\/wp-json\/wp\/v2\/pages\/522\/revisions\/4496"}],"wp:attachment":[{"href":"https:\/\/www.arnaldjoies.com\/es\/wp-json\/wp\/v2\/media?parent=522"}],"curies":[{"name":"wp","href":"https:\/\/api.w.org\/{rel}","templated":true}]}}