{"id":1212,"date":"2021-09-29T17:43:14","date_gmt":"2021-09-29T15:43:14","guid":{"rendered":"https:\/\/arnaldjoies.com\/?post_type=product&#038;p=1212"},"modified":"2025-12-28T19:10:41","modified_gmt":"2025-12-28T17:10:41","slug":"pendientes-de-presion-travessers-de-oro","status":"publish","type":"product","link":"https:\/\/www.arnaldjoies.com\/es\/producte\/pendientes-de-presion-travessers-de-oro\/","title":{"rendered":"Pendientes de presi\u00f3n Oro | Travessers | 17 mm di\u00e1metro"},"content":{"rendered":"<ul>\n<li>Pendientes de oro de 18 quilates<em><br \/>\n<\/em><\/li>\n<li>17 mm de di\u00e1metro<\/li>\n<li>Acabado rallado<\/li>\n<li>Cierre de presi\u00f3n<\/li>\n<li>En la \u00faltima foto puedes comparar la medida de las versiones peque\u00f1a (primer plano) y mediana (fondo)<\/li>\n<\/ul>\n<p><em>Si la joya est\u00e1 en estoc se mandar\u00e1 en 24-48 horas. Te contactaremos para confirmar d\u00eda y hora de entrega. <\/em><\/p>\n<p>Elaboramos todas las joyas en nuestro taller de Barcelona, con metales que provienen de un proceso de reciclaje y afinado. Apostamos por la proximidad y la trazabilidad de los materiales con los que trabajamos. Te lo explicamos con m\u00e1s detalle <a href=\"https:\/\/www.arnaldjoies.com\/es\/oro-reciclado-gemas-trazables-y-materiales-sostenibles\/\" target=\"_blank\" rel=\"noopener\">aqu\u00ed<\/a>.<\/p>\n","protected":false},"excerpt":{"rendered":"<p><em>Estos pendientes pertenecen a la colecci\u00f3n Travessers, inspirada en elementos arquitect\u00f3nicos. En concreto, en las estructuras met\u00e1licas b\u00e1sicas que forman parte de construcciones de gran volumen. <\/em><\/p>\n<p><em>En ella se mezclan l\u00edneas paralelas con formas onduladas, m\u00e1s org\u00e1nicas, que rompen la uniformidad de las l\u00edneas rectas.<\/em><\/p>\n<p>\u00bfTe gustar\u00eda ver estos pendientes en versi\u00f3n <a href=\"https:\/\/www.arnaldjoies.com\/es\/tienda\/pendientes\/pendientes-de-presion-travessers-p-de-oro\/\" target=\"_blank\" rel=\"noopener\">peque\u00f1a<\/a>?<\/p>\n","protected":false},"featured_media":3342,"comment_status":"open","ping_status":"closed","template":"","meta":{"_acf_changed":false},"product_brand":[],"product_cat":[29],"product_tag":[],"colecciones":[24],"class_list":{"0":"post-1212","1":"product","2":"type-product","3":"status-publish","4":"has-post-thumbnail","6":"product_cat-pendientes","7":"colecciones-nom-colleccio","9":"first","10":"instock","11":"shipping-taxable","12":"purchasable","13":"product-type-variable"},"acf":[],"_links":{"self":[{"href":"https:\/\/www.arnaldjoies.com\/es\/wp-json\/wp\/v2\/product\/1212","targetHints":{"allow":["GET"]}}],"collection":[{"href":"https:\/\/www.arnaldjoies.com\/es\/wp-json\/wp\/v2\/product"}],"about":[{"href":"https:\/\/www.arnaldjoies.com\/es\/wp-json\/wp\/v2\/types\/product"}],"replies":[{"embeddable":true,"href":"https:\/\/www.arnaldjoies.com\/es\/wp-json\/wp\/v2\/comments?post=1212"}],"wp:featuredmedia":[{"embeddable":true,"href":"https:\/\/www.arnaldjoies.com\/es\/wp-json\/wp\/v2\/media\/3342"}],"wp:attachment":[{"href":"https:\/\/www.arnaldjoies.com\/es\/wp-json\/wp\/v2\/media?parent=1212"}],"wp:term":[{"taxonomy":"product_brand","embeddable":true,"href":"https:\/\/www.arnaldjoies.com\/es\/wp-json\/wp\/v2\/product_brand?post=1212"},{"taxonomy":"product_cat","embeddable":true,"href":"https:\/\/www.arnaldjoies.com\/es\/wp-json\/wp\/v2\/product_cat?post=1212"},{"taxonomy":"product_tag","embeddable":true,"href":"https:\/\/www.arnaldjoies.com\/es\/wp-json\/wp\/v2\/product_tag?post=1212"},{"taxonomy":"colecciones","embeddable":true,"href":"https:\/\/www.arnaldjoies.com\/es\/wp-json\/wp\/v2\/colecciones?post=1212"}],"curies":[{"name":"wp","href":"https:\/\/api.w.org\/{rel}","templated":true}]}}