{"id":1223,"date":"2021-09-29T18:11:53","date_gmt":"2021-09-29T16:11:53","guid":{"rendered":"https:\/\/arnaldjoies.com\/?post_type=product&#038;p=1223"},"modified":"2022-09-02T22:18:51","modified_gmt":"2022-09-02T20:18:51","slug":"anillo-trevols-g","status":"publish","type":"product","link":"https:\/\/www.arnaldjoies.com\/es\/producte\/anillo-trevols-g\/","title":{"rendered":"Anillo plata keum boo | Tr\u00e8vols | 8 mm ancho"},"content":{"rendered":"<ul>\n<li>Anillo de plata de ley ley 925 y <em>keum boo<\/em> (oro de 24 quilates)<\/li>\n<li>8 mm de ancho<\/li>\n<li>Acabado rallado<\/li>\n<\/ul>\n<p><em>Si la joya est\u00e1 en estoc se mandar\u00e1 en 24-48 horas. Te contactaremos para confirmarte d\u00eda y hora de entrega. <\/em><\/p>\n<p>Elaboramos todas las joyas en nuestro taller de Barcelona, con metales que provienen de un proceso de reciclaje y afinado. Apostamos por la proximidad y la trazabilidad de los materiales con los que trabajamos. Te lo explicamos con m\u00e1s detalle <a href=\"https:\/\/www.arnaldjoies.com\/es\/oro-reciclado-gemas-trazables-y-materiales-sostenibles\/\" target=\"_blank\" rel=\"noopener\">aqu\u00ed<\/a>.<\/p>\n","protected":false},"excerpt":{"rendered":"<p><em>Seg\u00fan la tradici\u00f3n, el tr\u00e9bol de cuatro hojas lleva buena suerte. El primer foliolo, el de la esperanza, el segundo el de la fe, el tercero el del amor y el quarto el de la fortuna. <\/em><\/p>\n<p><em>Las joyas de la colecci\u00f3n Tr\u00e8vols se inspiran en este cuarto foliolo y son un amuleto que resalta el significado de la buena fortuna, que encontramos de manera accidental en variaciones poco frecuentes de la planta. <\/em><\/p>\n<p><em>La l\u00e1mina fina de oro aplicada en estos pendientes a partir de la milenaria t\u00e9cnica coreana del Keum Boo expressa el significado de fortuna que los han inspirado.<\/em><\/p>\n<p>\u00bfTe gustar\u00eda descubrir este mismo anillo pero en versi\u00f3n <a href=\"https:\/\/www.arnaldjoies.com\/es\/tienda\/anillos\/anillo-trevols-sg\/\">super grande<\/a>?<\/p>\n","protected":false},"featured_media":3106,"comment_status":"open","ping_status":"closed","template":"","meta":{"_acf_changed":false},"product_brand":[],"product_cat":[23],"product_tag":[],"colecciones":[25],"class_list":{"0":"post-1223","1":"product","2":"type-product","3":"status-publish","4":"has-post-thumbnail","6":"product_cat-anillos","7":"colecciones-trevols","9":"first","10":"instock","11":"shipping-taxable","12":"purchasable","13":"product-type-variable","14":"has-default-attributes"},"acf":[],"_links":{"self":[{"href":"https:\/\/www.arnaldjoies.com\/es\/wp-json\/wp\/v2\/product\/1223","targetHints":{"allow":["GET"]}}],"collection":[{"href":"https:\/\/www.arnaldjoies.com\/es\/wp-json\/wp\/v2\/product"}],"about":[{"href":"https:\/\/www.arnaldjoies.com\/es\/wp-json\/wp\/v2\/types\/product"}],"replies":[{"embeddable":true,"href":"https:\/\/www.arnaldjoies.com\/es\/wp-json\/wp\/v2\/comments?post=1223"}],"wp:featuredmedia":[{"embeddable":true,"href":"https:\/\/www.arnaldjoies.com\/es\/wp-json\/wp\/v2\/media\/3106"}],"wp:attachment":[{"href":"https:\/\/www.arnaldjoies.com\/es\/wp-json\/wp\/v2\/media?parent=1223"}],"wp:term":[{"taxonomy":"product_brand","embeddable":true,"href":"https:\/\/www.arnaldjoies.com\/es\/wp-json\/wp\/v2\/product_brand?post=1223"},{"taxonomy":"product_cat","embeddable":true,"href":"https:\/\/www.arnaldjoies.com\/es\/wp-json\/wp\/v2\/product_cat?post=1223"},{"taxonomy":"product_tag","embeddable":true,"href":"https:\/\/www.arnaldjoies.com\/es\/wp-json\/wp\/v2\/product_tag?post=1223"},{"taxonomy":"colecciones","embeddable":true,"href":"https:\/\/www.arnaldjoies.com\/es\/wp-json\/wp\/v2\/colecciones?post=1223"}],"curies":[{"name":"wp","href":"https:\/\/api.w.org\/{rel}","templated":true}]}}