{"id":1234,"date":"2021-09-29T18:20:55","date_gmt":"2021-09-29T16:20:55","guid":{"rendered":"https:\/\/arnaldjoies.com\/?post_type=product&#038;p=1234"},"modified":"2022-08-28T09:41:02","modified_gmt":"2022-08-28T07:41:02","slug":"pendientes-largos-trevols","status":"publish","type":"product","link":"https:\/\/www.arnaldjoies.com\/es\/producte\/pendientes-largos-trevols\/","title":{"rendered":"Pendientes plata keum boo largos | Tr\u00e8vols | 37 mm long."},"content":{"rendered":"<ul>\n<li>Pendientes de plata de ley 925 y <em>keum boo<\/em> (oro de 24 quilates)<\/li>\n<li>37 mm de longitud<\/li>\n<li>Acabado rallado<\/li>\n<li>Cierres de presi\u00f3n<\/li>\n<\/ul>\n<p><em>Si la joya est\u00e1 en estoc se mandar\u00e1 en 24-48 horas. Te contactaremos para confirmarte d\u00eda y hora de entrega. <\/em><\/p>\n<p>Elaboramos todas las joyas en nuestro taller de Barcelona, con metales que provienen de un proceso de reciclaje y afinado. Apostamos por la proximidad y la trazabilidad de los materiales con los que trabajamos. Te lo explicamos con m\u00e1s detalle <a href=\"https:\/\/www.arnaldjoies.com\/es\/oro-reciclado-gemas-trazables-y-materiales-sostenibles\/\" target=\"_blank\" rel=\"noopener\">aqu\u00ed<\/a>.<\/p>\n","protected":false},"excerpt":{"rendered":"<p><em>Seg\u00fan la tradici\u00f3n, el tr\u00e9bol de cuatro hojas lleva buena suerte. El primer foliolo, el de la esperanza, el segundo el de la fe, el tercero el del amor y el quarto el de la fortuna. <\/em><\/p>\n<p><em>Las joyas de la colecci\u00f3n Tr\u00e8vols se inspiran en este cuarto foliolo y son un amuleto que resalta el significado de la buena fortuna, que encontramos de manera accidental en variaciones poco frecuentes de la planta. <\/em><\/p>\n<p><em>La l\u00e0mina fina de oro aplicada en estos pendientes a partir de la milenaria t\u00e9cnica coreana del Keum Boo expressa el significado de fortuna que los han inspirado.<\/em><\/p>\n<p>\u00bfTe gustar\u00eda combinar estos pendientes con el <a href=\"https:\/\/arnaldjoies.com\/tienda\/colgantes\/colgante-trevols-m\/\">colgante<\/a> de la misma colecci\u00f3n?<\/p>\n","protected":false},"featured_media":3651,"comment_status":"open","ping_status":"closed","template":"","meta":{"_acf_changed":false},"product_brand":[],"product_cat":[29],"product_tag":[],"colecciones":[25],"class_list":{"0":"post-1234","1":"product","2":"type-product","3":"status-publish","4":"has-post-thumbnail","6":"product_cat-pendientes","7":"colecciones-trevols","9":"first","10":"instock","11":"shipping-taxable","12":"purchasable","13":"product-type-simple"},"acf":[],"_links":{"self":[{"href":"https:\/\/www.arnaldjoies.com\/es\/wp-json\/wp\/v2\/product\/1234","targetHints":{"allow":["GET"]}}],"collection":[{"href":"https:\/\/www.arnaldjoies.com\/es\/wp-json\/wp\/v2\/product"}],"about":[{"href":"https:\/\/www.arnaldjoies.com\/es\/wp-json\/wp\/v2\/types\/product"}],"replies":[{"embeddable":true,"href":"https:\/\/www.arnaldjoies.com\/es\/wp-json\/wp\/v2\/comments?post=1234"}],"wp:featuredmedia":[{"embeddable":true,"href":"https:\/\/www.arnaldjoies.com\/es\/wp-json\/wp\/v2\/media\/3651"}],"wp:attachment":[{"href":"https:\/\/www.arnaldjoies.com\/es\/wp-json\/wp\/v2\/media?parent=1234"}],"wp:term":[{"taxonomy":"product_brand","embeddable":true,"href":"https:\/\/www.arnaldjoies.com\/es\/wp-json\/wp\/v2\/product_brand?post=1234"},{"taxonomy":"product_cat","embeddable":true,"href":"https:\/\/www.arnaldjoies.com\/es\/wp-json\/wp\/v2\/product_cat?post=1234"},{"taxonomy":"product_tag","embeddable":true,"href":"https:\/\/www.arnaldjoies.com\/es\/wp-json\/wp\/v2\/product_tag?post=1234"},{"taxonomy":"colecciones","embeddable":true,"href":"https:\/\/www.arnaldjoies.com\/es\/wp-json\/wp\/v2\/colecciones?post=1234"}],"curies":[{"name":"wp","href":"https:\/\/api.w.org\/{rel}","templated":true}]}}