{"id":1237,"date":"2021-09-29T18:28:18","date_gmt":"2021-09-29T16:28:18","guid":{"rendered":"https:\/\/arnaldjoies.com\/?post_type=product&#038;p=1237"},"modified":"2022-10-29T15:36:39","modified_gmt":"2022-10-29T13:36:39","slug":"anillo-ziga-zaga-m","status":"publish","type":"product","link":"https:\/\/www.arnaldjoies.com\/es\/producte\/anillo-ziga-zaga-m\/","title":{"rendered":"Anillo de plata | Ziga-Zaga | 8 mm ancho"},"content":{"rendered":"<ul>\n<li>Anillo de plata de ley 925<\/li>\n<li>8 mm de ancho<\/li>\n<li>Acabado rallado o pulido<\/li>\n<\/ul>\n<p><em>Si la joya est\u00e1 en stock se mandar\u00e1 en 24-48 horas. Nos pondremos en contacto contigo para confirmar d\u00eda y hora de entrega. <\/em><\/p>\n<p>Elaboramos todas las joyas en nuestro taller de Barcelona, con metales que provienen de un proceso de reciclaje y afinado. Apostamos por la proximidad y la trazabilidad de los materiales con los que trabajamos. Te lo explicamos con m\u00e1s detalle <a href=\"https:\/\/www.arnaldjoies.com\/es\/oro-reciclado-gemas-trazables-y-materiales-sostenibles\/\" target=\"_blank\" rel=\"noopener\">aqu\u00ed<\/a>.<\/p>\n","protected":false},"excerpt":{"rendered":"<ul>\n<li>Anillo de plata de ley 925<em>. <\/em><\/li>\n<li>8 mm de ancho.<\/li>\n<li>Acabado rallado o pulido.<\/li>\n<li>Esta pieza se ha dise\u00f1ado y elaborado en nuestro taller de Barcelona.<\/li>\n<li>En todas nuestras joyas, el oro, la plata y el platino procede del reciclaje de metales preciosos.<\/li>\n<\/ul>\n<p>\u00bfTe gustar\u00eda combinar esta joya con los <a href=\"https:\/\/www.arnaldjoies.com\/es\/tienda\/pendientes\/pendientes-ziga-zaga\/\" target=\"_blank\" rel=\"noopener\">pendientes<\/a>\u00a0de la misma colecci\u00f3n?<\/p>\n","protected":false},"featured_media":3152,"comment_status":"open","ping_status":"closed","template":"","meta":{"_acf_changed":false},"product_brand":[],"product_cat":[23],"product_tag":[],"colecciones":[34],"class_list":{"0":"post-1237","1":"product","2":"type-product","3":"status-publish","4":"has-post-thumbnail","6":"product_cat-anillos","7":"colecciones-ziga-zaga","9":"first","10":"instock","11":"featured","12":"shipping-taxable","13":"purchasable","14":"product-type-variable"},"acf":[],"_links":{"self":[{"href":"https:\/\/www.arnaldjoies.com\/es\/wp-json\/wp\/v2\/product\/1237","targetHints":{"allow":["GET"]}}],"collection":[{"href":"https:\/\/www.arnaldjoies.com\/es\/wp-json\/wp\/v2\/product"}],"about":[{"href":"https:\/\/www.arnaldjoies.com\/es\/wp-json\/wp\/v2\/types\/product"}],"replies":[{"embeddable":true,"href":"https:\/\/www.arnaldjoies.com\/es\/wp-json\/wp\/v2\/comments?post=1237"}],"wp:featuredmedia":[{"embeddable":true,"href":"https:\/\/www.arnaldjoies.com\/es\/wp-json\/wp\/v2\/media\/3152"}],"wp:attachment":[{"href":"https:\/\/www.arnaldjoies.com\/es\/wp-json\/wp\/v2\/media?parent=1237"}],"wp:term":[{"taxonomy":"product_brand","embeddable":true,"href":"https:\/\/www.arnaldjoies.com\/es\/wp-json\/wp\/v2\/product_brand?post=1237"},{"taxonomy":"product_cat","embeddable":true,"href":"https:\/\/www.arnaldjoies.com\/es\/wp-json\/wp\/v2\/product_cat?post=1237"},{"taxonomy":"product_tag","embeddable":true,"href":"https:\/\/www.arnaldjoies.com\/es\/wp-json\/wp\/v2\/product_tag?post=1237"},{"taxonomy":"colecciones","embeddable":true,"href":"https:\/\/www.arnaldjoies.com\/es\/wp-json\/wp\/v2\/colecciones?post=1237"}],"curies":[{"name":"wp","href":"https:\/\/api.w.org\/{rel}","templated":true}]}}