{"id":1238,"date":"2021-09-29T18:29:42","date_gmt":"2021-09-29T16:29:42","guid":{"rendered":"https:\/\/arnaldjoies.com\/?post_type=product&#038;p=1238"},"modified":"2022-10-29T15:25:32","modified_gmt":"2022-10-29T13:25:32","slug":"anillo-trevols-g-2","status":"publish","type":"product","link":"https:\/\/www.arnaldjoies.com\/es\/producte\/anillo-trevols-g-2\/","title":{"rendered":"Anillo de plata | Ziga-Zaga | 12 mm ancho"},"content":{"rendered":"<ul>\n<li>Anillo de plata de ley 925<\/li>\n<li>12 mm de ancho<\/li>\n<li>Acabado rallado o pulido<\/li>\n<\/ul>\n<p>Si la joya est\u00e1 en stock se mandar\u00e1 en 24-48 horas. Nos pondremos en contacto contigo para confirmar d\u00eda y hora de entrega.<\/p>\n<p>Elaboramos todas las joyas en nuestro taller de Barcelona, con metales que provienen de un proceso de reciclaje y afinado. Apostamos por la proximidad y la trazabilidad de los materiales con los que trabajamos. Te lo explicamos con m\u00e1s detalle <a href=\"https:\/\/www.arnaldjoies.com\/es\/oro-reciclado-gemas-trazables-y-materiales-sostenibles\/\" target=\"_blank\" rel=\"noopener\">aqu\u00ed<\/a>.<\/p>\n","protected":false},"excerpt":{"rendered":"<p><em>El dibujo t\u00e9cnico es una herramienta con un lenguaje propio que nutre el mundo de las artes en general, m\u00e1s all\u00e1 de los \u00e1mbitos cl\u00e1sicos de dise\u00f1o de la forma y funci\u00f3n de los objetos y espacios. <\/em><\/p>\n<p><em>En el arte actual, el dibujo t\u00e9cnico es una ayuda al proceso creativo y la colecci\u00f3n <\/em>Ziga-Zaga<em> es un ejemplo del uso de esta disciplina. <\/em><\/p>\n<p><em>Inspirada en elementos arquitect\u00f3nicos, la colecci\u00f3n Ziga-Zaga utiliza el dibujo t\u00e9cnico y lineal en bajorrelieve como base de sus dise\u00f1os, con cenefas de formas geom\u00e9tricas y contundentes que podr\u00edan recordar el alicate de una estancia noble. <\/em><\/p>\n<p>\u00bfPrefieres este anillo pero en versi\u00f3n <a href=\"https:\/\/www.arnaldjoies.com\/es\/tienda\/anillos\/anillo-ziga-zaga-m\/\" target=\"_blank\" rel=\"noopener\">mediana<\/a>?<\/p>\n","protected":false},"featured_media":3158,"comment_status":"open","ping_status":"closed","template":"","meta":{"_acf_changed":false},"product_brand":[],"product_cat":[23],"product_tag":[],"colecciones":[34],"class_list":{"0":"post-1238","1":"product","2":"type-product","3":"status-publish","4":"has-post-thumbnail","6":"product_cat-anillos","7":"colecciones-ziga-zaga","9":"first","10":"instock","11":"shipping-taxable","12":"purchasable","13":"product-type-variable"},"acf":[],"_links":{"self":[{"href":"https:\/\/www.arnaldjoies.com\/es\/wp-json\/wp\/v2\/product\/1238","targetHints":{"allow":["GET"]}}],"collection":[{"href":"https:\/\/www.arnaldjoies.com\/es\/wp-json\/wp\/v2\/product"}],"about":[{"href":"https:\/\/www.arnaldjoies.com\/es\/wp-json\/wp\/v2\/types\/product"}],"replies":[{"embeddable":true,"href":"https:\/\/www.arnaldjoies.com\/es\/wp-json\/wp\/v2\/comments?post=1238"}],"wp:featuredmedia":[{"embeddable":true,"href":"https:\/\/www.arnaldjoies.com\/es\/wp-json\/wp\/v2\/media\/3158"}],"wp:attachment":[{"href":"https:\/\/www.arnaldjoies.com\/es\/wp-json\/wp\/v2\/media?parent=1238"}],"wp:term":[{"taxonomy":"product_brand","embeddable":true,"href":"https:\/\/www.arnaldjoies.com\/es\/wp-json\/wp\/v2\/product_brand?post=1238"},{"taxonomy":"product_cat","embeddable":true,"href":"https:\/\/www.arnaldjoies.com\/es\/wp-json\/wp\/v2\/product_cat?post=1238"},{"taxonomy":"product_tag","embeddable":true,"href":"https:\/\/www.arnaldjoies.com\/es\/wp-json\/wp\/v2\/product_tag?post=1238"},{"taxonomy":"colecciones","embeddable":true,"href":"https:\/\/www.arnaldjoies.com\/es\/wp-json\/wp\/v2\/colecciones?post=1238"}],"curies":[{"name":"wp","href":"https:\/\/api.w.org\/{rel}","templated":true}]}}