{"id":1249,"date":"2021-09-29T18:47:09","date_gmt":"2021-09-29T16:47:09","guid":{"rendered":"https:\/\/arnaldjoies.com\/?post_type=product&#038;p=1249"},"modified":"2025-12-28T18:06:56","modified_gmt":"2025-12-28T16:06:56","slug":"pendientes-cercles-tangents-p-de-plata","status":"publish","type":"product","link":"https:\/\/www.arnaldjoies.com\/es\/producte\/pendientes-cercles-tangents-p-de-plata\/","title":{"rendered":"Pendientes plata | Cercles Tangents | 14 mm de longitud"},"content":{"rendered":"<ul>\n<li>Pendientes de plata de ley 925<\/li>\n<li>14 mm de longitud<\/li>\n<li>Acabado rallado<\/li>\n<li>Cierres de presi\u00f3n<\/li>\n<\/ul>\n<p><em>Si la joya est\u00e1 en stock se mandar\u00e1 en 24-48 horas. Nos pondremos en contacto contigo para confirmar d\u00eda y hora de entrega. <\/em><\/p>\n<p>Elaboramos todas las joyas en nuestro taller de Barcelona, con metales que provienen de un proceso de reciclaje y afinado. Apostamos por la proximidad y la trazabilidad de los materiales con los que trabajamos. Te lo explicamos con m\u00e1s detalle <a href=\"https:\/\/www.arnaldjoies.com\/es\/oro-reciclado-gemas-trazables-y-materiales-sostenibles\/\" target=\"_blank\" rel=\"noopener\">aqu\u00ed<\/a>.<\/p>\n","protected":false},"excerpt":{"rendered":"<p><em>Una l\u00ednea tangente es la que toca otra por un solo punto, sin cruzarla. <\/em><\/p>\n<p><em>En esta precaria definici\u00f3n se basa el dise\u00f1o de toda esta colecci\u00f3n: c\u00edrculos que son tangentes los unos con los otros y que crean formas harmoniosas y elegantes.<\/em><\/p>\n<p>\u00bfTe gustar\u00eda combinar estos pendientes con el <a href=\"https:\/\/www.arnaldjoies.com\/es\/tienda\/colgantes\/colgante-cercles-tangents-de-plata\/\" target=\"_blank\" rel=\"noopener\">colgante<\/a> de la misma colecci\u00f3n?<\/p>\n","protected":false},"featured_media":3472,"comment_status":"open","ping_status":"closed","template":"","meta":{"_acf_changed":false},"product_brand":[],"product_cat":[29],"product_tag":[],"colecciones":[36],"class_list":{"0":"post-1249","1":"product","2":"type-product","3":"status-publish","4":"has-post-thumbnail","6":"product_cat-pendientes","7":"colecciones-cercles-tangents","9":"first","10":"instock","11":"shipping-taxable","12":"purchasable","13":"product-type-simple"},"acf":[],"_links":{"self":[{"href":"https:\/\/www.arnaldjoies.com\/es\/wp-json\/wp\/v2\/product\/1249","targetHints":{"allow":["GET"]}}],"collection":[{"href":"https:\/\/www.arnaldjoies.com\/es\/wp-json\/wp\/v2\/product"}],"about":[{"href":"https:\/\/www.arnaldjoies.com\/es\/wp-json\/wp\/v2\/types\/product"}],"replies":[{"embeddable":true,"href":"https:\/\/www.arnaldjoies.com\/es\/wp-json\/wp\/v2\/comments?post=1249"}],"wp:featuredmedia":[{"embeddable":true,"href":"https:\/\/www.arnaldjoies.com\/es\/wp-json\/wp\/v2\/media\/3472"}],"wp:attachment":[{"href":"https:\/\/www.arnaldjoies.com\/es\/wp-json\/wp\/v2\/media?parent=1249"}],"wp:term":[{"taxonomy":"product_brand","embeddable":true,"href":"https:\/\/www.arnaldjoies.com\/es\/wp-json\/wp\/v2\/product_brand?post=1249"},{"taxonomy":"product_cat","embeddable":true,"href":"https:\/\/www.arnaldjoies.com\/es\/wp-json\/wp\/v2\/product_cat?post=1249"},{"taxonomy":"product_tag","embeddable":true,"href":"https:\/\/www.arnaldjoies.com\/es\/wp-json\/wp\/v2\/product_tag?post=1249"},{"taxonomy":"colecciones","embeddable":true,"href":"https:\/\/www.arnaldjoies.com\/es\/wp-json\/wp\/v2\/colecciones?post=1249"}],"curies":[{"name":"wp","href":"https:\/\/api.w.org\/{rel}","templated":true}]}}