{"id":1253,"date":"2021-09-29T19:02:08","date_gmt":"2021-09-29T17:02:08","guid":{"rendered":"https:\/\/arnaldjoies.com\/?post_type=product&#038;p=1253"},"modified":"2022-09-08T18:24:53","modified_gmt":"2022-09-08T16:24:53","slug":"anillo-senders-cuarzo-rutilado","status":"publish","type":"product","link":"https:\/\/www.arnaldjoies.com\/es\/producte\/anillo-senders-cuarzo-rutilado\/","title":{"rendered":"Anillo plata oro Cuarzo rutilado | Senders | 8 mm de ancho"},"content":{"rendered":"<ul>\n<li>Anillo de plata de ley 925 y boca de oro<\/li>\n<li>Cuarzo rutilado de 8 mm de di\u00e1metro<\/li>\n<li>Brazo de 8 mm de ancho<\/li>\n<li>Medida del dedo: 13<\/li>\n<\/ul>\n<p><em>Este anillo est\u00e1 en stock y se mandar\u00e1 en 24-48 horas. Te contactaremos para confirmarte d\u00eda y hora de entrega. <\/em><\/p>\n<p>Elaboramos todas las joyas en nuestro taller de Barcelona con metales que provienen de un proceso de reciclaje y afinado. Apostamos por la proximidad y la trazabilidad de los materiales con los que trabajamos. Te lo explicamos con m\u00e1s detalle <a href=\"https:\/\/www.arnaldjoies.com\/es\/oro-reciclado-gemas-trazables-y-materiales-sostenibles\/\" target=\"_blank\" rel=\"noopener\">aqu\u00ed<\/a>.<\/p>\n","protected":false},"excerpt":{"rendered":"<p><em>A lo largo de la vida encuentras caminos que, a veces, de forma inesperada, te llevan a lugares sorprendentes. <\/em><\/p>\n<p><em>En la colecci\u00f3n Senders las l\u00edneas grabadas s\u00f3n los caminos y la gema central el tesoro hallado. El anillo Cuarzo rutilado es uno de estos senderos, \u00fanico, como la joya, y con la gema de protagonista principal.<\/em><\/p>\n","protected":false},"featured_media":3227,"comment_status":"open","ping_status":"closed","template":"","meta":{"_acf_changed":false},"product_brand":[],"product_cat":[23],"product_tag":[],"colecciones":[26],"class_list":{"0":"post-1253","1":"product","2":"type-product","3":"status-publish","4":"has-post-thumbnail","6":"product_cat-anillos","7":"colecciones-senders","9":"first","10":"instock","11":"shipping-taxable","12":"purchasable","13":"product-type-simple"},"acf":[],"_links":{"self":[{"href":"https:\/\/www.arnaldjoies.com\/es\/wp-json\/wp\/v2\/product\/1253","targetHints":{"allow":["GET"]}}],"collection":[{"href":"https:\/\/www.arnaldjoies.com\/es\/wp-json\/wp\/v2\/product"}],"about":[{"href":"https:\/\/www.arnaldjoies.com\/es\/wp-json\/wp\/v2\/types\/product"}],"replies":[{"embeddable":true,"href":"https:\/\/www.arnaldjoies.com\/es\/wp-json\/wp\/v2\/comments?post=1253"}],"wp:featuredmedia":[{"embeddable":true,"href":"https:\/\/www.arnaldjoies.com\/es\/wp-json\/wp\/v2\/media\/3227"}],"wp:attachment":[{"href":"https:\/\/www.arnaldjoies.com\/es\/wp-json\/wp\/v2\/media?parent=1253"}],"wp:term":[{"taxonomy":"product_brand","embeddable":true,"href":"https:\/\/www.arnaldjoies.com\/es\/wp-json\/wp\/v2\/product_brand?post=1253"},{"taxonomy":"product_cat","embeddable":true,"href":"https:\/\/www.arnaldjoies.com\/es\/wp-json\/wp\/v2\/product_cat?post=1253"},{"taxonomy":"product_tag","embeddable":true,"href":"https:\/\/www.arnaldjoies.com\/es\/wp-json\/wp\/v2\/product_tag?post=1253"},{"taxonomy":"colecciones","embeddable":true,"href":"https:\/\/www.arnaldjoies.com\/es\/wp-json\/wp\/v2\/colecciones?post=1253"}],"curies":[{"name":"wp","href":"https:\/\/api.w.org\/{rel}","templated":true}]}}