{"id":1256,"date":"2021-09-29T19:04:24","date_gmt":"2021-09-29T17:04:24","guid":{"rendered":"https:\/\/arnaldjoies.com\/?post_type=product&#038;p=1256"},"modified":"2022-09-08T18:31:26","modified_gmt":"2022-09-08T16:31:26","slug":"anillo-senders-opalo","status":"publish","type":"product","link":"https:\/\/www.arnaldjoies.com\/es\/producte\/anillo-senders-opalo\/","title":{"rendered":"Anillo plata oro \u00d2pal ovalado | Senders | 8 mm ancho"},"content":{"rendered":"<ul>\n<li>Anillo de plata de ley 925 y boca de oro de 18 quilates<\/li>\n<li>\u00d3palo ovalado de 12 x 9 mm<\/li>\n<li>Brazo de 8 mm de ancho<\/li>\n<li>Medida del dedo: 16<\/li>\n<\/ul>\n<p><em>Este anillo est\u00e1 en stock y se mandar\u00e1 en 24-48 horas. Te contactaremos para confirmarte d\u00eda y hora de entrega.<\/em><\/p>\n<p>Elaboramos todas las joyas en nuestro taller de Barcelona con metales que provienen de un proceso de reciclaje y afinado.<br \/>\nApostamos por la proximidad y la trazabilidad de los materiales con los que trabajamos. Te lo explicamos con m\u00e1s detalle <a href=\"https:\/\/www.arnaldjoies.com\/es\/oro-reciclado-gemas-trazables-y-materiales-sostenibles\/\" target=\"_blank\" rel=\"noopener\">aqu\u00ed<\/a>.<\/p>\n<p>&nbsp;<\/p>\n","protected":false},"excerpt":{"rendered":"<p><em>A lo largo de la vida encuentras caminos que, a veces, de forma inesperada, te llevan a lugares sorprendentes. <\/em><\/p>\n<p><em>En la colecci\u00f3n Senders las l\u00edneas grabadas s\u00f3n los caminos y la gema central el tesoro hallado. El anillo \u00d2pals es uno de estos senderos, \u00fanico, como la joya, y con la gema de protagonista principal. <\/em><\/p>\n<p>Te gustar\u00eda ver el anillo de <a href=\"https:\/\/www.arnaldjoies.com\/tienda\/anillos\/anillo-senders-amatista\/\">amatista<\/a> de la misma colecci\u00f3n?<\/p>\n","protected":false},"featured_media":3241,"comment_status":"open","ping_status":"closed","template":"","meta":{"_acf_changed":false},"product_brand":[],"product_cat":[23],"product_tag":[],"colecciones":[26],"class_list":{"0":"post-1256","1":"product","2":"type-product","3":"status-publish","4":"has-post-thumbnail","6":"product_cat-anillos","7":"colecciones-senders","9":"first","10":"instock","11":"shipping-taxable","12":"purchasable","13":"product-type-simple"},"acf":[],"_links":{"self":[{"href":"https:\/\/www.arnaldjoies.com\/es\/wp-json\/wp\/v2\/product\/1256","targetHints":{"allow":["GET"]}}],"collection":[{"href":"https:\/\/www.arnaldjoies.com\/es\/wp-json\/wp\/v2\/product"}],"about":[{"href":"https:\/\/www.arnaldjoies.com\/es\/wp-json\/wp\/v2\/types\/product"}],"replies":[{"embeddable":true,"href":"https:\/\/www.arnaldjoies.com\/es\/wp-json\/wp\/v2\/comments?post=1256"}],"wp:featuredmedia":[{"embeddable":true,"href":"https:\/\/www.arnaldjoies.com\/es\/wp-json\/wp\/v2\/media\/3241"}],"wp:attachment":[{"href":"https:\/\/www.arnaldjoies.com\/es\/wp-json\/wp\/v2\/media?parent=1256"}],"wp:term":[{"taxonomy":"product_brand","embeddable":true,"href":"https:\/\/www.arnaldjoies.com\/es\/wp-json\/wp\/v2\/product_brand?post=1256"},{"taxonomy":"product_cat","embeddable":true,"href":"https:\/\/www.arnaldjoies.com\/es\/wp-json\/wp\/v2\/product_cat?post=1256"},{"taxonomy":"product_tag","embeddable":true,"href":"https:\/\/www.arnaldjoies.com\/es\/wp-json\/wp\/v2\/product_tag?post=1256"},{"taxonomy":"colecciones","embeddable":true,"href":"https:\/\/www.arnaldjoies.com\/es\/wp-json\/wp\/v2\/colecciones?post=1256"}],"curies":[{"name":"wp","href":"https:\/\/api.w.org\/{rel}","templated":true}]}}