{"id":1964,"date":"2021-10-22T12:31:02","date_gmt":"2021-10-22T10:31:02","guid":{"rendered":"https:\/\/arnaldjoies.com\/?post_type=product&#038;p=1964"},"modified":"2022-10-07T18:06:47","modified_gmt":"2022-10-07T16:06:47","slug":"colgante-lux-p-topacio-azul-baby-swiss","status":"publish","type":"product","link":"https:\/\/www.arnaldjoies.com\/es\/producte\/colgante-lux-p-topacio-azul-baby-swiss\/","title":{"rendered":"Colgante plata y topacio azul swiss | Lux | 5 mm di\u00e1metro"},"content":{"rendered":"<ul>\n<li>Colgante de plata de ley 925<\/li>\n<li>Topacio azul swiss de 5 mm<\/li>\n<li>Acabado pulido<\/li>\n<li>Cadena de plata de 40 cm con 5 cm de extensi\u00f3n incluida<\/li>\n<\/ul>\n<p><em>Si la joya est\u00e1 en stock se mandar\u00e1 en 24-48 horas. Nos pondremos en contacto contigo para confirmar d\u00eda y hora de entrega. <\/em><\/p>\n<p>Elaboramos todas las joyas en nuestro taller de Barcelona, con metales que provienen de un proceso de reciclaje y afinado. Apostamos por la proximidad y la trazabilidad de los materiales con los que trabajamos. Te lo explicamos con m\u00e1s detalle <a href=\"https:\/\/www.arnaldjoies.com\/es\/oro-reciclado-gemas-trazables-y-materiales-sostenibles\/\" target=\"_blank\" rel=\"noopener\">aqu\u00ed<\/a>.<\/p>\n","protected":false},"excerpt":{"rendered":"<p><em>Una estructura firme y discreta es la base para crear los colgantes de esta colecci\u00f3n. <\/em><\/p>\n<p><em>En <\/em>Lux<em>, la gema es la protagonista absoluta, al tiempo que los tri\u00e1ngulos calados que encontramos en los laterales permiten la entrada de la luz desde todos los \u00e1ngulos. <\/em><\/p>\n<p><em>Tambi\u00e9n podemos hacerte un <\/em>Lux <em>con la piedra que nos solicites e incluso con una piedra tuya.<\/em><\/p>\n<p>\u00bfTe gustar\u00eda ver el colgante de la misma colecci\u00f3n con <a href=\"https:\/\/www.arnaldjoies.com\/tienda\/colgantes\/colgante-lux-g-amatista\/\" target=\"_blank\" rel=\"noopener\">amatista<\/a>?<\/p>\n","protected":false},"featured_media":4433,"comment_status":"open","ping_status":"closed","template":"","meta":{"_acf_changed":false},"product_brand":[],"product_cat":[32],"product_tag":[],"colecciones":[33],"class_list":{"0":"post-1964","1":"product","2":"type-product","3":"status-publish","4":"has-post-thumbnail","6":"product_cat-colgantes","7":"colecciones-lux","9":"first","10":"instock","11":"featured","12":"shipping-taxable","13":"purchasable","14":"product-type-simple"},"acf":[],"_links":{"self":[{"href":"https:\/\/www.arnaldjoies.com\/es\/wp-json\/wp\/v2\/product\/1964","targetHints":{"allow":["GET"]}}],"collection":[{"href":"https:\/\/www.arnaldjoies.com\/es\/wp-json\/wp\/v2\/product"}],"about":[{"href":"https:\/\/www.arnaldjoies.com\/es\/wp-json\/wp\/v2\/types\/product"}],"replies":[{"embeddable":true,"href":"https:\/\/www.arnaldjoies.com\/es\/wp-json\/wp\/v2\/comments?post=1964"}],"wp:featuredmedia":[{"embeddable":true,"href":"https:\/\/www.arnaldjoies.com\/es\/wp-json\/wp\/v2\/media\/4433"}],"wp:attachment":[{"href":"https:\/\/www.arnaldjoies.com\/es\/wp-json\/wp\/v2\/media?parent=1964"}],"wp:term":[{"taxonomy":"product_brand","embeddable":true,"href":"https:\/\/www.arnaldjoies.com\/es\/wp-json\/wp\/v2\/product_brand?post=1964"},{"taxonomy":"product_cat","embeddable":true,"href":"https:\/\/www.arnaldjoies.com\/es\/wp-json\/wp\/v2\/product_cat?post=1964"},{"taxonomy":"product_tag","embeddable":true,"href":"https:\/\/www.arnaldjoies.com\/es\/wp-json\/wp\/v2\/product_tag?post=1964"},{"taxonomy":"colecciones","embeddable":true,"href":"https:\/\/www.arnaldjoies.com\/es\/wp-json\/wp\/v2\/colecciones?post=1964"}],"curies":[{"name":"wp","href":"https:\/\/api.w.org\/{rel}","templated":true}]}}