{"id":4797,"date":"2023-03-02T06:53:48","date_gmt":"2023-03-02T04:53:48","guid":{"rendered":"https:\/\/www.arnaldjoies.com\/?post_type=product&#038;p=4797"},"modified":"2026-01-24T11:34:45","modified_gmt":"2026-01-24T09:34:45","slug":"anillo-sello-de-plata-cuadrado-signum-14-x-14-mm-iniciales","status":"publish","type":"product","link":"https:\/\/www.arnaldjoies.com\/es\/producte\/anillo-sello-de-plata-cuadrado-signum-14-x-14-mm-iniciales\/","title":{"rendered":"Anillo sello de plata cuadrado | Signum | 14 x 14 mm | INICIALES"},"content":{"rendered":"<ul>\n<li>Anillo de plata de ley 925<\/li>\n<li>14 mm largo por 14 mm ancho<\/li>\n<li>Acabado rayado (para otros acabados ind\u00edcalo al hacer el pedido)<\/li>\n<li><strong>Grabado manual a buril<\/strong><\/li>\n<\/ul>\n<p>Si tienes alguna duda sobre el tipo de grabado, expl\u00edcanoslo en los comentarios y contactaremos contigo para concretar los detalles.<\/p>\n<p><em>Esta pieza se realiza por encargo. Nos pondremos en contacto contigo para indicarte el plazo de entrega.<\/em><\/p>\n<p>Elaboramos todas las joyas en nuestro taller de Barcelona, con metales que provienen de un proceso de reciclaje y afinado. Apostamos por la proximidad y la trazabilidad de los materiales con los que trabajamos. Te lo explicamos con m\u00e1s detalle <a href=\"https:\/\/www.arnaldjoies.com\/es\/oro-reciclado-gemas-trazables-y-materiales-sostenibles\/\" target=\"_blank\" rel=\"noopener\">aqu\u00ed.<\/a><\/p>\n<p>&nbsp;<\/p>\n","protected":false},"excerpt":{"rendered":"<p><em>El anillo sigilar, firmante o sello anular es un tipo de joya que originariamente serv\u00eda a estirpes y familias como matriz para imprimir un sello que les autenticaba para firmar cartas y documentos.<\/em><\/p>\n<p><em> Teniendo en cuenta que este tipo de joyas se utilizaban ya entre los egipcios, hebreos, griegos, romanos y pueblos germ\u00e1nicos, podr\u00edamos decir que los sellos son los anillos de compromiso m\u00e1s antiguos que existen. <\/em><\/p>\n<p><em>Haciendo nuestra esta tradici\u00f3n, Signum se inspira en los sellos utilizados antiguamente para firmar documentos o representar linajes y familias y est\u00e1 formada por anillos de tipo sello, tanto en las formas m\u00e1s cl\u00e1sicas (redondas, ovaladas y cuadradas) como en formas menos comunes y personalizadas. <\/em><\/p>\n<p><em>En todos los casos, los anillos est\u00e1n grabados a buril, de forma manual.<\/em><\/p>\n<p>\u00bfTe gustar\u00eda ver el sello <a href=\"https:\/\/www.arnaldjoies.com\/es\/tienda\/anillos\/sello-signum-ovalado-de-plata\/\" target=\"_blank\" rel=\"noopener\">ovalado<\/a> de la misma colecci\u00f3n?<\/p>\n","protected":false},"featured_media":4298,"comment_status":"open","ping_status":"closed","template":"","meta":{"_acf_changed":false},"product_brand":[],"product_cat":[23],"product_tag":[],"colecciones":[37],"class_list":{"0":"post-4797","1":"product","2":"type-product","3":"status-publish","4":"has-post-thumbnail","6":"product_cat-anillos","7":"colecciones-signum","9":"first","10":"instock","11":"shipping-taxable","12":"purchasable","13":"product-type-variable"},"acf":[],"_links":{"self":[{"href":"https:\/\/www.arnaldjoies.com\/es\/wp-json\/wp\/v2\/product\/4797","targetHints":{"allow":["GET"]}}],"collection":[{"href":"https:\/\/www.arnaldjoies.com\/es\/wp-json\/wp\/v2\/product"}],"about":[{"href":"https:\/\/www.arnaldjoies.com\/es\/wp-json\/wp\/v2\/types\/product"}],"replies":[{"embeddable":true,"href":"https:\/\/www.arnaldjoies.com\/es\/wp-json\/wp\/v2\/comments?post=4797"}],"wp:featuredmedia":[{"embeddable":true,"href":"https:\/\/www.arnaldjoies.com\/es\/wp-json\/wp\/v2\/media\/4298"}],"wp:attachment":[{"href":"https:\/\/www.arnaldjoies.com\/es\/wp-json\/wp\/v2\/media?parent=4797"}],"wp:term":[{"taxonomy":"product_brand","embeddable":true,"href":"https:\/\/www.arnaldjoies.com\/es\/wp-json\/wp\/v2\/product_brand?post=4797"},{"taxonomy":"product_cat","embeddable":true,"href":"https:\/\/www.arnaldjoies.com\/es\/wp-json\/wp\/v2\/product_cat?post=4797"},{"taxonomy":"product_tag","embeddable":true,"href":"https:\/\/www.arnaldjoies.com\/es\/wp-json\/wp\/v2\/product_tag?post=4797"},{"taxonomy":"colecciones","embeddable":true,"href":"https:\/\/www.arnaldjoies.com\/es\/wp-json\/wp\/v2\/colecciones?post=4797"}],"curies":[{"name":"wp","href":"https:\/\/api.w.org\/{rel}","templated":true}]}}