{"id":567,"date":"2021-05-06T10:48:26","date_gmt":"2021-05-06T08:48:26","guid":{"rendered":"https:\/\/arnaldjoies.com\/?post_type=product&#038;p=567"},"modified":"2025-12-28T18:55:57","modified_gmt":"2025-12-28T16:55:57","slug":"cadena-travessers-p-de-plata","status":"publish","type":"product","link":"https:\/\/www.arnaldjoies.com\/es\/producte\/cadena-travessers-p-de-plata\/","title":{"rendered":"Cadena Plata | Travessers | 50 cm de largo"},"content":{"rendered":"<ul>\n<li>Plata de ley 925<em><br \/>\n<\/em><\/li>\n<li>50 cm de largo<\/li>\n<li>Acabado rallado<\/li>\n<\/ul>\n<p>Si la joya est\u00e1 en stock se mandar\u00e1 en 24-48 horas. Nos pondremos en contacto contigo para confirmar d\u00eda y hora de entrega.<\/p>\n<p>Elaboramos todas las joyas en nuestro taller de Barcelona, con metales que provienen de un proceso de reciclaje y afinado. Apostamos por la proximidad y la trazabilidad de los materiales con los que trabajamos. Te lo explicamos con m\u00e1s detalle <a href=\"https:\/\/www.arnaldjoies.com\/es\/oro-reciclado-gemas-trazables-y-materiales-sostenibles\/\" target=\"_blank\" rel=\"noopener\">aqu\u00ed<\/a>.<\/p>\n","protected":false},"excerpt":{"rendered":"<p><em>Esta cadena pertenece a la colecci\u00f3n Travessers, inspirada en elementos arquitect\u00f3nicos. En concreto, en las estructuras met\u00e1licas b\u00e1sicas que forman parte de construcciones de gran volumen. <\/em><\/p>\n<p><em>ella se mezclan l\u00edneas paralelas con formas onduladas, m\u00e1s org\u00e1nicas, que rompen la uniformidad de las l\u00edneas rectas.<\/em><\/p>\n<p>\u00bfPrefieres ver esta cadena en <a href=\"https:\/\/www.arnaldjoies.com\/es\/tienda\/collares\/cadena-travessers-p-de-oro\/\" target=\"_blank\" rel=\"noopener\">oro<\/a>?<\/p>\n","protected":false},"featured_media":3386,"comment_status":"open","ping_status":"closed","template":"","meta":{"_acf_changed":false},"product_brand":[],"product_cat":[31],"product_tag":[],"colecciones":[24],"class_list":{"0":"post-567","1":"product","2":"type-product","3":"status-publish","4":"has-post-thumbnail","6":"product_cat-collares","7":"colecciones-nom-colleccio","9":"first","10":"instock","11":"featured","12":"shipping-taxable","13":"purchasable","14":"product-type-simple"},"acf":[],"_links":{"self":[{"href":"https:\/\/www.arnaldjoies.com\/es\/wp-json\/wp\/v2\/product\/567","targetHints":{"allow":["GET"]}}],"collection":[{"href":"https:\/\/www.arnaldjoies.com\/es\/wp-json\/wp\/v2\/product"}],"about":[{"href":"https:\/\/www.arnaldjoies.com\/es\/wp-json\/wp\/v2\/types\/product"}],"replies":[{"embeddable":true,"href":"https:\/\/www.arnaldjoies.com\/es\/wp-json\/wp\/v2\/comments?post=567"}],"wp:featuredmedia":[{"embeddable":true,"href":"https:\/\/www.arnaldjoies.com\/es\/wp-json\/wp\/v2\/media\/3386"}],"wp:attachment":[{"href":"https:\/\/www.arnaldjoies.com\/es\/wp-json\/wp\/v2\/media?parent=567"}],"wp:term":[{"taxonomy":"product_brand","embeddable":true,"href":"https:\/\/www.arnaldjoies.com\/es\/wp-json\/wp\/v2\/product_brand?post=567"},{"taxonomy":"product_cat","embeddable":true,"href":"https:\/\/www.arnaldjoies.com\/es\/wp-json\/wp\/v2\/product_cat?post=567"},{"taxonomy":"product_tag","embeddable":true,"href":"https:\/\/www.arnaldjoies.com\/es\/wp-json\/wp\/v2\/product_tag?post=567"},{"taxonomy":"colecciones","embeddable":true,"href":"https:\/\/www.arnaldjoies.com\/es\/wp-json\/wp\/v2\/colecciones?post=567"}],"curies":[{"name":"wp","href":"https:\/\/api.w.org\/{rel}","templated":true}]}}