{"id":589,"date":"2021-05-07T11:39:04","date_gmt":"2021-05-07T09:39:04","guid":{"rendered":"https:\/\/arnaldjoies.com\/?post_type=product&#038;p=589"},"modified":"2025-12-28T18:51:27","modified_gmt":"2025-12-28T16:51:27","slug":"anillo-travessers-grande-de-plata","status":"publish","type":"product","link":"https:\/\/www.arnaldjoies.com\/es\/producte\/anillo-travessers-grande-de-plata\/","title":{"rendered":"Anillo Plata | Travessers | 12 mm ancho"},"content":{"rendered":"<ul>\n<li>Anillo de plata de ley 925<em><br \/>\n<\/em><\/li>\n<li>12 mm de ancho<\/li>\n<li>Acabado rallado o pulido<\/li>\n<\/ul>\n<p><em>Si la joya est\u00e1 en estoc se mandar\u00e1 en 24-48 horas. Te contactaremos para confirmar d\u00eda y hora de entrega. <\/em><\/p>\n<p>Elaboramos todas las joyas en nuestro taller de Barcelona, con metales que provienen de un proceso de reciclaje y afinado. Apostamos por la proximidad y la trazabilidad de los materiales con los que trabajamos. Te lo explicamos con m\u00e1s detalle <a href=\"https:\/\/www.arnaldjoies.com\/es\/oro-reciclado-gemas-trazables-y-materiales-sostenibles\/\" target=\"_blank\" rel=\"noopener\">aqu\u00ed<\/a>.<\/p>\n","protected":false},"excerpt":{"rendered":"<p><em>Este anillo pertenece a la colecci\u00f3n Travessers, inspirada en elementos arquitect\u00f3nicos. En concreto, en las estructuras met\u00e1licas b\u00e1sicas que forman parte de construcciones de gran volumen. <\/em><\/p>\n<p><em>En ella se mezclan l\u00edneas paralelas con formas onduladas, m\u00e1s org\u00e1nicas, que rompen la uniformidad de las l\u00edneas rectas.<\/em><\/p>\n<p>\u00bfTe gustar\u00eda combinar esta joya con este <a href=\"https:\/\/www.arnaldjoies.com\/es\/tienda\/colgantes\/colgante-pequeno-travessers-de-plata\/\">colgante<\/a> de la misma colecci\u00f3n?<\/p>\n","protected":false},"featured_media":3394,"comment_status":"open","ping_status":"closed","template":"","meta":{"_acf_changed":false},"product_brand":[],"product_cat":[23],"product_tag":[],"colecciones":[24],"class_list":{"0":"post-589","1":"product","2":"type-product","3":"status-publish","4":"has-post-thumbnail","6":"product_cat-anillos","7":"colecciones-nom-colleccio","9":"first","10":"instock","11":"shipping-taxable","12":"purchasable","13":"product-type-variable"},"acf":[],"_links":{"self":[{"href":"https:\/\/www.arnaldjoies.com\/es\/wp-json\/wp\/v2\/product\/589","targetHints":{"allow":["GET"]}}],"collection":[{"href":"https:\/\/www.arnaldjoies.com\/es\/wp-json\/wp\/v2\/product"}],"about":[{"href":"https:\/\/www.arnaldjoies.com\/es\/wp-json\/wp\/v2\/types\/product"}],"replies":[{"embeddable":true,"href":"https:\/\/www.arnaldjoies.com\/es\/wp-json\/wp\/v2\/comments?post=589"}],"wp:featuredmedia":[{"embeddable":true,"href":"https:\/\/www.arnaldjoies.com\/es\/wp-json\/wp\/v2\/media\/3394"}],"wp:attachment":[{"href":"https:\/\/www.arnaldjoies.com\/es\/wp-json\/wp\/v2\/media?parent=589"}],"wp:term":[{"taxonomy":"product_brand","embeddable":true,"href":"https:\/\/www.arnaldjoies.com\/es\/wp-json\/wp\/v2\/product_brand?post=589"},{"taxonomy":"product_cat","embeddable":true,"href":"https:\/\/www.arnaldjoies.com\/es\/wp-json\/wp\/v2\/product_cat?post=589"},{"taxonomy":"product_tag","embeddable":true,"href":"https:\/\/www.arnaldjoies.com\/es\/wp-json\/wp\/v2\/product_tag?post=589"},{"taxonomy":"colecciones","embeddable":true,"href":"https:\/\/www.arnaldjoies.com\/es\/wp-json\/wp\/v2\/colecciones?post=589"}],"curies":[{"name":"wp","href":"https:\/\/api.w.org\/{rel}","templated":true}]}}