{"id":592,"date":"2021-05-07T11:40:31","date_gmt":"2021-05-07T09:40:31","guid":{"rendered":"https:\/\/arnaldjoies.com\/?post_type=product&#038;p=592"},"modified":"2025-12-28T19:37:37","modified_gmt":"2025-12-28T17:37:37","slug":"pulsera-alphabetum-simbolo-de-plata","status":"publish","type":"product","link":"https:\/\/www.arnaldjoies.com\/es\/producte\/pulsera-alphabetum-simbolo-de-plata\/","title":{"rendered":"Pulsera s\u00edmbolo de plata | Alphabetum | Alto aprox. 8-9,5 mm"},"content":{"rendered":"<ul>\n<li>Pulsera de plata de ley 925<\/li>\n<li>Acabado rallado, pulido o ennegrecido<\/li>\n<li>Cadena de plata de 16 cm con 4 cm de extensi\u00f3n<\/li>\n<li>El coraz\u00f3n mediano hace unos 9,5 mm de altura i el peque\u00f1o 8 mm. En la \u00faltima foto se puede ver una relaci\u00f3n entre el coraz\u00f3n y los otros s\u00edmbolos<\/li>\n<\/ul>\n<p><em>Si la joya est\u00e1 en stock se mandar\u00e1 en 24-48 horas. Nos pondremos en contacto contigo para confirmar d\u00eda y hora de entrega. <\/em><\/p>\n<p>Elaboramos todas las joyas en nuestro taller de Barcelona, con metales que provienen de un proceso de reciclaje y afinado. Apostamos por la proximidad y la trazabilidad de los materiales con los que trabajamos. Te lo explicamos con m\u00e1s detalle <a href=\"https:\/\/www.arnaldjoies.com\/es\/oro-reciclado-gemas-trazables-y-materiales-sostenibles\/\" target=\"_blank\" rel=\"noopener\">aqu\u00ed<\/a>.<\/p>\n","protected":false},"excerpt":{"rendered":"<p><em>La idea de llevar colgantes, pulseras u otras joyas con una inicial que nos recuerde a una persona querida, o incluso a la nuestra propia, es una tradici\u00f3n que viene de lejos. <\/em><\/p>\n<p><em>La colecci\u00f3n <\/em>Alphabetum <em>nace a partir de esta idea y lo hace casi por casualidad, cuando con la nueva imagen corporativa, estrenada en 2021, aprovechamos la preciosa tipograf\u00eda que representa nuestra marca para crear los colgantes y pulseras que conforman esta col colecci\u00f3n. <\/em><\/p>\n<p><em>Hablamos, pues, de joyas exclusivas y llenas de significado, en las que la combinaci\u00f3n de elegancia y cotidianeidad las hace adecuadas tanto para el d\u00eda a d\u00eda como para ocasiones especiales.<\/em><\/p>\n<p>\u00bfTe gustar\u00eda combinar esta pulsera con el <a href=\"https:\/\/www.arnaldjoies.com\/es\/tienda\/pulseras\/pulsera-alphabetum-simbolo-de-plata\/\" target=\"_blank\" rel=\"noopener\">colgante<\/a> de la misma colecci\u00f3n?<\/p>\n","protected":false},"featured_media":3806,"comment_status":"open","ping_status":"closed","template":"","meta":{"_acf_changed":false},"product_brand":[],"product_cat":[30],"product_tag":[],"colecciones":[28],"class_list":{"0":"post-592","1":"product","2":"type-product","3":"status-publish","4":"has-post-thumbnail","6":"product_cat-pulseras","7":"colecciones-alphabetum","9":"first","10":"instock","11":"shipping-taxable","12":"purchasable","13":"product-type-variable"},"acf":[],"_links":{"self":[{"href":"https:\/\/www.arnaldjoies.com\/es\/wp-json\/wp\/v2\/product\/592","targetHints":{"allow":["GET"]}}],"collection":[{"href":"https:\/\/www.arnaldjoies.com\/es\/wp-json\/wp\/v2\/product"}],"about":[{"href":"https:\/\/www.arnaldjoies.com\/es\/wp-json\/wp\/v2\/types\/product"}],"replies":[{"embeddable":true,"href":"https:\/\/www.arnaldjoies.com\/es\/wp-json\/wp\/v2\/comments?post=592"}],"wp:featuredmedia":[{"embeddable":true,"href":"https:\/\/www.arnaldjoies.com\/es\/wp-json\/wp\/v2\/media\/3806"}],"wp:attachment":[{"href":"https:\/\/www.arnaldjoies.com\/es\/wp-json\/wp\/v2\/media?parent=592"}],"wp:term":[{"taxonomy":"product_brand","embeddable":true,"href":"https:\/\/www.arnaldjoies.com\/es\/wp-json\/wp\/v2\/product_brand?post=592"},{"taxonomy":"product_cat","embeddable":true,"href":"https:\/\/www.arnaldjoies.com\/es\/wp-json\/wp\/v2\/product_cat?post=592"},{"taxonomy":"product_tag","embeddable":true,"href":"https:\/\/www.arnaldjoies.com\/es\/wp-json\/wp\/v2\/product_tag?post=592"},{"taxonomy":"colecciones","embeddable":true,"href":"https:\/\/www.arnaldjoies.com\/es\/wp-json\/wp\/v2\/colecciones?post=592"}],"curies":[{"name":"wp","href":"https:\/\/api.w.org\/{rel}","templated":true}]}}