{"id":593,"date":"2021-05-07T11:40:46","date_gmt":"2021-05-07T09:40:46","guid":{"rendered":"https:\/\/arnaldjoies.com\/?post_type=product&#038;p=593"},"modified":"2025-12-28T19:34:58","modified_gmt":"2025-12-28T17:34:58","slug":"colgante-alphabetum-simbolo-de-plata","status":"publish","type":"product","link":"https:\/\/www.arnaldjoies.com\/es\/producte\/colgante-alphabetum-simbolo-de-plata\/","title":{"rendered":"Colgante s\u00edmbolo de plata | Alphabetum | Alto aprox. 8-9,5 mm"},"content":{"rendered":"<ul>\n<li>Colgante de plata de ley 925<\/li>\n<li>Acabado rallado, pulido o ennegrecido<\/li>\n<li>Cadena de plata de 40 cm con 5 cm de extensi\u00f3n<\/li>\n<li>El coraz\u00f3n mediano hace unos 9,5 mm de altura i el peque\u00f1o 8 mm. En la \u00faltima foto se puede ver una relaci\u00f3n entre el coraz\u00f3n y los otros s\u00edmbolos<\/li>\n<\/ul>\n<p><em>Si la joya est\u00e1 en stock se mandar\u00e1 en 24-48 horas. Nos pondremos en contacto contigo para confirmar d\u00eda y hora de entrega. <\/em><\/p>\n<p>Elaboramos todas las joyas en nuestro taller de Barcelona, con metales que provienen de un proceso de reciclaje y afinado. Apostamos por la proximidad y la trazabilidad de los materiales con los que trabajamos. Te lo explicamos con m\u00e1s detalle <a href=\"https:\/\/www.arnaldjoies.com\/es\/oro-reciclado-gemas-trazables-y-materiales-sostenibles\/\" target=\"_blank\" rel=\"noopener\">aqu\u00ed<\/a>.<\/p>\n","protected":false},"excerpt":{"rendered":"<ul>\n<li>Colgante de plata de ley 925.<\/li>\n<li>Acabado rallado, pulido o ennegrecido.<\/li>\n<li>Cadena de plata de 40 cm con 5 cm de extensi\u00f3n.<\/li>\n<li>Dos tama\u00f1os disponibles.<\/li>\n<li>Esta pieza se ha dise\u00f1ado y elaborado en nuestro taller de Barcelona.<\/li>\n<li>En todas nuestras joyas, el oro, la plata y el platino procede del reciclaje de metales preciosos.<\/li>\n<\/ul>\n<p>Pertenece a la colecci\u00f3n <em>Alphabetum<\/em>, inspirada en la tradici\u00f3n de llevar en una joya la inicial de un ser querido o de uno mismo.<br \/>\nPara crear esta colecci\u00f3n hemos usado la tipograf\u00eda de nuestro logo.<\/p>\n<p>\u00bfTe gustar\u00eda combinar este colgante con la <a href=\"https:\/\/www.arnaldjoies.com\/tienda\/pulseras\/pulsera-alphabetum-simbolo-de-plata\/\">pulsera<\/a> de la misma colecci\u00f3n?<\/p>\n","protected":false},"featured_media":3785,"comment_status":"open","ping_status":"closed","template":"","meta":{"_acf_changed":false},"product_brand":[],"product_cat":[32],"product_tag":[],"colecciones":[28],"class_list":{"0":"post-593","1":"product","2":"type-product","3":"status-publish","4":"has-post-thumbnail","6":"product_cat-colgantes","7":"colecciones-alphabetum","9":"first","10":"instock","11":"shipping-taxable","12":"purchasable","13":"product-type-variable"},"acf":[],"_links":{"self":[{"href":"https:\/\/www.arnaldjoies.com\/es\/wp-json\/wp\/v2\/product\/593","targetHints":{"allow":["GET"]}}],"collection":[{"href":"https:\/\/www.arnaldjoies.com\/es\/wp-json\/wp\/v2\/product"}],"about":[{"href":"https:\/\/www.arnaldjoies.com\/es\/wp-json\/wp\/v2\/types\/product"}],"replies":[{"embeddable":true,"href":"https:\/\/www.arnaldjoies.com\/es\/wp-json\/wp\/v2\/comments?post=593"}],"wp:featuredmedia":[{"embeddable":true,"href":"https:\/\/www.arnaldjoies.com\/es\/wp-json\/wp\/v2\/media\/3785"}],"wp:attachment":[{"href":"https:\/\/www.arnaldjoies.com\/es\/wp-json\/wp\/v2\/media?parent=593"}],"wp:term":[{"taxonomy":"product_brand","embeddable":true,"href":"https:\/\/www.arnaldjoies.com\/es\/wp-json\/wp\/v2\/product_brand?post=593"},{"taxonomy":"product_cat","embeddable":true,"href":"https:\/\/www.arnaldjoies.com\/es\/wp-json\/wp\/v2\/product_cat?post=593"},{"taxonomy":"product_tag","embeddable":true,"href":"https:\/\/www.arnaldjoies.com\/es\/wp-json\/wp\/v2\/product_tag?post=593"},{"taxonomy":"colecciones","embeddable":true,"href":"https:\/\/www.arnaldjoies.com\/es\/wp-json\/wp\/v2\/colecciones?post=593"}],"curies":[{"name":"wp","href":"https:\/\/api.w.org\/{rel}","templated":true}]}}